{"id":310,"date":"2015-05-21T16:37:16","date_gmt":"2015-05-21T16:37:16","guid":{"rendered":"http:\/\/gironastudio.es\/incus\/?page_id=310"},"modified":"2018-11-15T10:36:42","modified_gmt":"2018-11-15T10:36:42","slug":"historia","status":"publish","type":"page","link":"https:\/\/incus.es\/es\/empresa\/historia\/","title":{"rendered":"Historia"},"content":{"rendered":"<div  class='flex_column av-av_one_fourth-2a9015ff38129c418a3f2eafba3e9512 av_one_fourth  avia-builder-el-0  el_before_av_three_fourth  avia-builder-el-first  first flex_column_div  '     ><style type=\"text\/css\" data-created_by=\"avia_inline_auto\" id=\"style-css-av-av_image-3d5b3156f931efdde40d86501ebd0a01\">\n.avia-image-container.av-av_image-3d5b3156f931efdde40d86501ebd0a01 img.avia_image{\nbox-shadow:none;\n}\n.avia-image-container.av-av_image-3d5b3156f931efdde40d86501ebd0a01 .av-image-caption-overlay-center{\ncolor:#ffffff;\n}\n<\/style>\n<div  class='avia-image-container av-av_image-3d5b3156f931efdde40d86501ebd0a01 av-styling- avia_animated_image av-animated-when-visible-95 left-to-right avia-align-left  avia-builder-el-1  avia-builder-el-no-sibling '   itemprop=\"image\" itemscope=\"itemscope\" itemtype=\"https:\/\/schema.org\/ImageObject\" ><div class=\"avia-image-container-inner\"><div class=\"avia-image-overlay-wrap\"><img decoding=\"async\" class='wp-image-3109 avia-img-lazy-loading-not-3109 avia_image ' src=\"https:\/\/incus.es\/wp-content\/uploads\/2015\/05\/comunicacion-y-servicio-495x495.jpg\" alt='' title='comunicacion-y-servicio'  height=\"400\" width=\"400\"  itemprop=\"thumbnailUrl\" srcset=\"https:\/\/incus.es\/wp-content\/uploads\/2015\/05\/comunicacion-y-servicio-495x495.jpg 495w, https:\/\/incus.es\/wp-content\/uploads\/2015\/05\/comunicacion-y-servicio-80x80.jpg 80w, https:\/\/incus.es\/wp-content\/uploads\/2015\/05\/comunicacion-y-servicio-36x36.jpg 36w, https:\/\/incus.es\/wp-content\/uploads\/2015\/05\/comunicacion-y-servicio-180x180.jpg 180w, https:\/\/incus.es\/wp-content\/uploads\/2015\/05\/comunicacion-y-servicio-260x260.jpg 260w, https:\/\/incus.es\/wp-content\/uploads\/2015\/05\/comunicacion-y-servicio-120x120.jpg 120w, https:\/\/incus.es\/wp-content\/uploads\/2015\/05\/comunicacion-y-servicio-450x450.jpg 450w\" sizes=\"(max-width: 400px) 100vw, 400px\" \/><\/div><\/div><\/div><\/div>\n<div  class='flex_column av-av_three_fourth-75d3b6862cb92909ce7b9878f30b6cf9 av_three_fourth  avia-builder-el-2  el_after_av_one_fourth  el_before_av_section  avia-builder-el-last  flex_column_div  '     ><p>\n<style type=\"text\/css\" data-created_by=\"avia_inline_auto\" id=\"style-css-av-av_heading-7fd1937f5450ca85aab249c9137a02a3\">\n#top .av-special-heading.av-av_heading-7fd1937f5450ca85aab249c9137a02a3{\npadding-bottom:5px;\n}\nbody .av-special-heading.av-av_heading-7fd1937f5450ca85aab249c9137a02a3 .av-special-heading-tag .heading-char{\nfont-size:25px;\n}\n.av-special-heading.av-av_heading-7fd1937f5450ca85aab249c9137a02a3 .av-subheading{\nfont-size:15px;\n}\n<\/style>\n<div  class='av-special-heading av-av_heading-7fd1937f5450ca85aab249c9137a02a3 av-special-heading-h4 meta-heading  avia-builder-el-3  el_before_av_textblock  avia-builder-el-first '><h4 class='av-special-heading-tag'  itemprop=\"headline\"  >Bienvenidos<\/h4><div class=\"special-heading-border\"><div class=\"special-heading-inner-border\"><\/div><\/div><\/div><br \/>\n\n<style type=\"text\/css\" data-created_by=\"avia_inline_auto\" id=\"style-css-av-av_textblock-a46e63d3243520f360b66d40f943954f\">\n#top .av_textblock_section.av-av_textblock-a46e63d3243520f360b66d40f943954f .avia_textblock{\nfont-size:14px;\n}\n<\/style>\n<section  class='av_textblock_section av-av_textblock-a46e63d3243520f360b66d40f943954f '   itemscope=\"itemscope\" itemtype=\"https:\/\/schema.org\/CreativeWork\" ><div class='avia_textblock'  itemprop=\"text\" ><p>Incus Tech se inici\u00f3 en 1999 de la mano de un grupo de profesionales con m\u00e1s de 35 a\u00f1os de experiencia en la fabricaci\u00f3n y comercializaci\u00f3n de maquinaria para el tratamiento de frutos secos y semillas, con el fin de dar a su empresa soluciones integrales y totalmente personalizadas.<\/p>\n<p>Innovamos para usted y buscamos los procesos que m\u00e1s se adapten a sus necesidades, por ello nuestro departamento de I+D investiga continuamente en nuevos proyectos para dar una raz\u00f3n justificada a su inversi\u00f3n.<\/p>\n<\/div><\/section><\/p><\/div>\n<\/div><\/div><\/div><!-- close content main div --><\/div><\/div>\n<style type=\"text\/css\" data-created_by=\"avia_inline_auto\" id=\"style-css-av-av_section-bfd502a817827e0de03c16da1d737200\">\n.avia-section.av-av_section-bfd502a817827e0de03c16da1d737200{\nbackground-color:#2674b4;\nbackground-image:unset;\n}\n<\/style>\n<div id='av_section_1'  class='avia-section av-av_section-bfd502a817827e0de03c16da1d737200 main_color avia-section-default avia-no-shadow  avia-builder-el-5  el_after_av_three_fourth  el_before_av_one_third  avia-bg-style-scroll container_wrap sidebar_right'  ><div class='container av-section-cont-open' ><div class='template-page content  av-content-small alpha units'><div class='post-entry post-entry-type-page post-entry-310'><div class='entry-content-wrapper clearfix'>\n\n<style type=\"text\/css\" data-created_by=\"avia_inline_auto\" id=\"style-css-av-av_heading-515ce876959aa5a5c041e2a4d5d3e4f2\">\n#top .av-special-heading.av-av_heading-515ce876959aa5a5c041e2a4d5d3e4f2{\npadding-bottom:10px;\ncolor:#ffffff;\n}\nbody .av-special-heading.av-av_heading-515ce876959aa5a5c041e2a4d5d3e4f2 .av-special-heading-tag .heading-char{\nfont-size:25px;\n}\n.av-special-heading.av-av_heading-515ce876959aa5a5c041e2a4d5d3e4f2 .special-heading-inner-border{\nborder-color:#ffffff;\n}\n.av-special-heading.av-av_heading-515ce876959aa5a5c041e2a4d5d3e4f2 .av-subheading{\nfont-size:15px;\n}\n<\/style>\n<div  class='av-special-heading av-av_heading-515ce876959aa5a5c041e2a4d5d3e4f2 av-special-heading-h3 custom-color-heading blockquote modern-quote modern-centered  avia-builder-el-6  avia-builder-el-no-sibling '><h3 class='av-special-heading-tag'  itemprop=\"headline\"  >Un equipo detr\u00e1s, un socio siempre a tu lado.<\/h3><div class=\"special-heading-border\"><div class=\"special-heading-inner-border\"><\/div><\/div><\/div>\n<\/div><\/div><\/div><!-- close content main div --><\/div><\/div><div id='after_section_1'  class='main_color av_default_container_wrap container_wrap sidebar_right'  ><div class='container av-section-cont-open' ><div class='template-page content  av-content-small alpha units'><div class='post-entry post-entry-type-page post-entry-310'><div class='entry-content-wrapper clearfix'>\n<div  class='flex_column av-av_one_third-2a9015ff38129c418a3f2eafba3e9512 av_one_third  avia-builder-el-7  el_after_av_section  el_before_av_one_third  avia-builder-el-first  first flex_column_div  '     ><p>\n<style type=\"text\/css\" data-created_by=\"avia_inline_auto\" id=\"style-css-av-av_image-bece6c43423793f06aca15433ef74372\">\n.avia-image-container.av-av_image-bece6c43423793f06aca15433ef74372 img.avia_image{\nbox-shadow:none;\n}\n.avia-image-container.av-av_image-bece6c43423793f06aca15433ef74372 .av-image-caption-overlay-center{\ncolor:#ffffff;\n}\n<\/style>\n<div  class='avia-image-container av-av_image-bece6c43423793f06aca15433ef74372 av-styling- avia_animated_image av-animated-when-visible-95 pop-up avia-align-center  avia-builder-el-8  el_before_av_textblock  avia-builder-el-first '   itemprop=\"image\" itemscope=\"itemscope\" itemtype=\"https:\/\/schema.org\/ImageObject\" ><div class=\"avia-image-container-inner\"><div class=\"avia-image-overlay-wrap\"><img decoding=\"async\" class='wp-image-3113 avia-img-lazy-loading-not-3113 avia_image ' src=\"https:\/\/incus.es\/wp-content\/uploads\/2015\/05\/LIDER-GLOBAL1-300x229.jpg\" alt='' title='LIDER-GLOBAL'  height=\"229\" width=\"300\"  itemprop=\"thumbnailUrl\" srcset=\"https:\/\/incus.es\/wp-content\/uploads\/2015\/05\/LIDER-GLOBAL1-300x229.jpg 300w, https:\/\/incus.es\/wp-content\/uploads\/2015\/05\/LIDER-GLOBAL1-450x343.jpg 450w, https:\/\/incus.es\/wp-content\/uploads\/2015\/05\/LIDER-GLOBAL1-500x381.jpg 500w, https:\/\/incus.es\/wp-content\/uploads\/2015\/05\/LIDER-GLOBAL1-250x190.jpg 250w, https:\/\/incus.es\/wp-content\/uploads\/2015\/05\/LIDER-GLOBAL1.jpg 626w\" sizes=\"(max-width: 300px) 100vw, 300px\" \/><\/div><\/div><\/div><br \/>\n<section  class='av_textblock_section av-av_textblock-0366cc7376be6c9e82a3e9cc8987b64f '   itemscope=\"itemscope\" itemtype=\"https:\/\/schema.org\/CreativeWork\" ><div class='avia_textblock'  itemprop=\"text\" ><h4 style=\"text-align: center;\">L\u00edder mundial en repelado e industrializado de almendra.<\/h4>\n<p>Incus Tech es l\u00edder mundial de ventas de maquinaria y l\u00edneas de producci\u00f3n de repelado, e industrializado de almendra.<br \/>\nAsimismo cuenta con la gama de maquinaria m\u00e1s amplia y con mayor valor dentro de la industria de la almendra para todas sus fases de procesado y para gran cantidad de frutos secos.<\/p>\n<\/div><\/section><\/p><\/div>\n<div  class='flex_column av-av_one_third-75d3b6862cb92909ce7b9878f30b6cf9 av_one_third  avia-builder-el-10  el_after_av_one_third  el_before_av_one_third  flex_column_div  '     ><p>\n<style type=\"text\/css\" data-created_by=\"avia_inline_auto\" id=\"style-css-av-av_image-6dc8446d6c1723a6ea12232b8aa6770f\">\n.avia-image-container.av-av_image-6dc8446d6c1723a6ea12232b8aa6770f img.avia_image{\nbox-shadow:none;\n}\n.avia-image-container.av-av_image-6dc8446d6c1723a6ea12232b8aa6770f .av-image-caption-overlay-center{\ncolor:#ffffff;\n}\n<\/style>\n<div  class='avia-image-container av-av_image-6dc8446d6c1723a6ea12232b8aa6770f av-styling- avia_animated_image av-animated-when-visible-95 pop-up avia-align-center  avia-builder-el-11  el_before_av_textblock  avia-builder-el-first '   itemprop=\"image\" itemscope=\"itemscope\" itemtype=\"https:\/\/schema.org\/ImageObject\" ><div class=\"avia-image-container-inner\"><div class=\"avia-image-overlay-wrap\"><img decoding=\"async\" class='wp-image-3112 avia-img-lazy-loading-not-3112 avia_image ' src=\"https:\/\/incus.es\/wp-content\/uploads\/2015\/05\/I-D-e1432546277169-300x225.jpg\" alt='' title='I+D'  height=\"225\" width=\"300\"  itemprop=\"thumbnailUrl\" srcset=\"https:\/\/incus.es\/wp-content\/uploads\/2015\/05\/I-D-e1432546277169-300x225.jpg 300w, https:\/\/incus.es\/wp-content\/uploads\/2015\/05\/I-D-e1432546277169-450x337.jpg 450w, https:\/\/incus.es\/wp-content\/uploads\/2015\/05\/I-D-e1432546277169-500x375.jpg 500w, https:\/\/incus.es\/wp-content\/uploads\/2015\/05\/I-D-e1432546277169-250x187.jpg 250w, https:\/\/incus.es\/wp-content\/uploads\/2015\/05\/I-D-e1432546277169.jpg 626w\" sizes=\"(max-width: 300px) 100vw, 300px\" \/><\/div><\/div><\/div><br \/>\n<section  class='av_textblock_section av-av_textblock-0366cc7376be6c9e82a3e9cc8987b64f '   itemscope=\"itemscope\" itemtype=\"https:\/\/schema.org\/CreativeWork\" ><div class='avia_textblock'  itemprop=\"text\" ><h4 style=\"text-align: center;\">I+D<\/h4>\n<p>Innovamos para usted e impulsamos nuevos proyectos. Para las diferentes fases de dise\u00f1o y desarrollo de la maquinaria contamos con un equipo de ingenieros que trabajan apoy\u00e1ndose en las \u00faltimas tecnolog\u00eda en programas CAD de dise\u00f1o tridimensional.<\/p>\n<\/div><\/section><\/p><\/div>\n<div  class='flex_column av-av_one_third-75d3b6862cb92909ce7b9878f30b6cf9 av_one_third  avia-builder-el-13  el_after_av_one_third  el_before_av_one_third  flex_column_div  '     ><p>\n<style type=\"text\/css\" data-created_by=\"avia_inline_auto\" id=\"style-css-av-av_image-21f681f4aab3cec5b4ad105b95249810\">\n.avia-image-container.av-av_image-21f681f4aab3cec5b4ad105b95249810 img.avia_image{\nbox-shadow:none;\n}\n.avia-image-container.av-av_image-21f681f4aab3cec5b4ad105b95249810 .av-image-caption-overlay-center{\ncolor:#ffffff;\n}\n<\/style>\n<div  class='avia-image-container av-av_image-21f681f4aab3cec5b4ad105b95249810 av-styling- avia_animated_image av-animated-when-visible-95 pop-up avia-align-center  avia-builder-el-14  el_before_av_textblock  avia-builder-el-first '   itemprop=\"image\" itemscope=\"itemscope\" itemtype=\"https:\/\/schema.org\/ImageObject\" ><div class=\"avia-image-container-inner\"><div class=\"avia-image-overlay-wrap\"><img decoding=\"async\" class='wp-image-3114 avia-img-lazy-loading-not-3114 avia_image ' src=\"https:\/\/incus.es\/wp-content\/uploads\/2015\/05\/proyectos-personalizados-e1432546343332-300x225.jpg\" alt='' title='proyectos-personalizados'  height=\"225\" width=\"300\"  itemprop=\"thumbnailUrl\" srcset=\"https:\/\/incus.es\/wp-content\/uploads\/2015\/05\/proyectos-personalizados-e1432546343332-300x225.jpg 300w, https:\/\/incus.es\/wp-content\/uploads\/2015\/05\/proyectos-personalizados-e1432546343332-450x338.jpg 450w, https:\/\/incus.es\/wp-content\/uploads\/2015\/05\/proyectos-personalizados-e1432546343332-250x188.jpg 250w, https:\/\/incus.es\/wp-content\/uploads\/2015\/05\/proyectos-personalizados-e1432546343332.jpg 489w\" sizes=\"(max-width: 300px) 100vw, 300px\" \/><\/div><\/div><\/div><br \/>\n<section  class='av_textblock_section av-av_textblock-0366cc7376be6c9e82a3e9cc8987b64f '   itemscope=\"itemscope\" itemtype=\"https:\/\/schema.org\/CreativeWork\" ><div class='avia_textblock'  itemprop=\"text\" ><h4 style=\"text-align: center;\">Proyectos personalizados.<\/h4>\n<p>Dise\u00f1amos proyectos personalizados que maximizan el rendimiento de cada l\u00ednea de producci\u00f3n y desarrollamos procesos productivos que se adaptan a las necesidades concretas de las empresas.<\/p>\n<\/div><\/section><\/p><\/div><div  class='flex_column av-av_one_third-2a9015ff38129c418a3f2eafba3e9512 av_one_third  avia-builder-el-16  el_after_av_one_third  el_before_av_one_third  first flex_column_div  column-top-margin'     ><p>\n<style type=\"text\/css\" data-created_by=\"avia_inline_auto\" id=\"style-css-av-av_image-cfe59d0730ce81e113e6adad9b739f18\">\n.avia-image-container.av-av_image-cfe59d0730ce81e113e6adad9b739f18 img.avia_image{\nbox-shadow:none;\n}\n.avia-image-container.av-av_image-cfe59d0730ce81e113e6adad9b739f18 .av-image-caption-overlay-center{\ncolor:#ffffff;\n}\n<\/style>\n<div  class='avia-image-container av-av_image-cfe59d0730ce81e113e6adad9b739f18 av-styling- avia_animated_image av-animated-when-visible-95 pop-up avia-align-center  avia-builder-el-17  el_before_av_textblock  avia-builder-el-first '   itemprop=\"image\" itemscope=\"itemscope\" itemtype=\"https:\/\/schema.org\/ImageObject\" ><div class=\"avia-image-container-inner\"><div class=\"avia-image-overlay-wrap\"><img decoding=\"async\" class='wp-image-3116 avia-img-lazy-loading-not-3116 avia_image ' src=\"https:\/\/incus.es\/wp-content\/uploads\/2015\/05\/FOCUSED-SOLUTIONS-300x229.jpg\" alt='' title='FOCUSED-SOLUTIONS'  height=\"229\" width=\"300\"  itemprop=\"thumbnailUrl\" srcset=\"https:\/\/incus.es\/wp-content\/uploads\/2015\/05\/FOCUSED-SOLUTIONS-300x229.jpg 300w, https:\/\/incus.es\/wp-content\/uploads\/2015\/05\/FOCUSED-SOLUTIONS-450x343.jpg 450w, https:\/\/incus.es\/wp-content\/uploads\/2015\/05\/FOCUSED-SOLUTIONS-500x381.jpg 500w, https:\/\/incus.es\/wp-content\/uploads\/2015\/05\/FOCUSED-SOLUTIONS-250x190.jpg 250w, https:\/\/incus.es\/wp-content\/uploads\/2015\/05\/FOCUSED-SOLUTIONS.jpg 626w\" sizes=\"(max-width: 300px) 100vw, 300px\" \/><\/div><\/div><\/div><br \/>\n<section  class='av_textblock_section av-av_textblock-0366cc7376be6c9e82a3e9cc8987b64f '   itemscope=\"itemscope\" itemtype=\"https:\/\/schema.org\/CreativeWork\" ><div class='avia_textblock'  itemprop=\"text\" ><h4 style=\"text-align: center;\">Automatizaci\u00f3n y Rendimiento<\/h4>\n<p>Incus Tech es l\u00edder mundial de ventas de maquinaria y l\u00edneas de producci\u00f3n de repelado, e industrializado de almendra.<br \/>\nAsimismo cuenta con la gama de maquinaria m\u00e1s amplia y con mayor valor dentro de la industria de la almendra para todas sus fases de procesado y para gran cantidad de frutos secos.<\/p>\n<\/div><\/section><\/p><\/div><div  class='flex_column av-av_one_third-75d3b6862cb92909ce7b9878f30b6cf9 av_one_third  avia-builder-el-19  el_after_av_one_third  avia-builder-el-last  flex_column_div  column-top-margin'     ><p>\n<style type=\"text\/css\" data-created_by=\"avia_inline_auto\" id=\"style-css-av-av_image-1d5c4c17ed1a3f417e15169eb6283b6a\">\n.avia-image-container.av-av_image-1d5c4c17ed1a3f417e15169eb6283b6a img.avia_image{\nbox-shadow:none;\n}\n.avia-image-container.av-av_image-1d5c4c17ed1a3f417e15169eb6283b6a .av-image-caption-overlay-center{\ncolor:#ffffff;\n}\n<\/style>\n<div  class='avia-image-container av-av_image-1d5c4c17ed1a3f417e15169eb6283b6a av-styling- avia_animated_image av-animated-when-visible-95 pop-up avia-align-center  avia-builder-el-20  el_before_av_textblock  avia-builder-el-first '   itemprop=\"image\" itemscope=\"itemscope\" itemtype=\"https:\/\/schema.org\/ImageObject\" ><div class=\"avia-image-container-inner\"><div class=\"avia-image-overlay-wrap\"><img decoding=\"async\" class='wp-image-3117 avia-img-lazy-loading-not-3117 avia_image ' src=\"https:\/\/incus.es\/wp-content\/uploads\/2015\/05\/FOOD-SAFE-300x229.jpg\" alt='' title='FOOD-SAFE'  height=\"229\" width=\"300\"  itemprop=\"thumbnailUrl\" srcset=\"https:\/\/incus.es\/wp-content\/uploads\/2015\/05\/FOOD-SAFE-300x229.jpg 300w, https:\/\/incus.es\/wp-content\/uploads\/2015\/05\/FOOD-SAFE-450x343.jpg 450w, https:\/\/incus.es\/wp-content\/uploads\/2015\/05\/FOOD-SAFE-500x381.jpg 500w, https:\/\/incus.es\/wp-content\/uploads\/2015\/05\/FOOD-SAFE-250x190.jpg 250w, https:\/\/incus.es\/wp-content\/uploads\/2015\/05\/FOOD-SAFE.jpg 626w\" sizes=\"(max-width: 300px) 100vw, 300px\" \/><\/div><\/div><\/div><br \/>\n<section  class='av_textblock_section av-av_textblock-0366cc7376be6c9e82a3e9cc8987b64f '   itemscope=\"itemscope\" itemtype=\"https:\/\/schema.org\/CreativeWork\" ><div class='avia_textblock'  itemprop=\"text\" ><h4 style=\"text-align: center;\">Dise\u00f1o Sanitario<\/h4>\n<p>Incus Tech es l\u00edder mundial de ventas de maquinaria y l\u00edneas de producci\u00f3n de repelado, e industrializado de almendra.<br \/>\nAsimismo cuenta con la gama de maquinaria m\u00e1s amplia y con mayor valor dentro de la industria de la almendra para todas sus fases de procesado y para gran cantidad de frutos secos.<\/p>\n<\/div><\/section><\/p><\/div><\/p>\n","protected":false},"excerpt":{"rendered":"","protected":false},"author":1,"featured_media":0,"parent":225,"menu_order":0,"comment_status":"open","ping_status":"closed","template":"","meta":{"footnotes":""},"_links":{"self":[{"href":"https:\/\/incus.es\/es\/wp-json\/wp\/v2\/pages\/310"}],"collection":[{"href":"https:\/\/incus.es\/es\/wp-json\/wp\/v2\/pages"}],"about":[{"href":"https:\/\/incus.es\/es\/wp-json\/wp\/v2\/types\/page"}],"author":[{"embeddable":true,"href":"https:\/\/incus.es\/es\/wp-json\/wp\/v2\/users\/1"}],"replies":[{"embeddable":true,"href":"https:\/\/incus.es\/es\/wp-json\/wp\/v2\/comments?post=310"}],"version-history":[{"count":0,"href":"https:\/\/incus.es\/es\/wp-json\/wp\/v2\/pages\/310\/revisions"}],"up":[{"embeddable":true,"href":"https:\/\/incus.es\/es\/wp-json\/wp\/v2\/pages\/225"}],"wp:attachment":[{"href":"https:\/\/incus.es\/es\/wp-json\/wp\/v2\/media?parent=310"}],"curies":[{"name":"wp","href":"https:\/\/api.w.org\/{rel}","templated":true}]}}