{"id":3054,"date":"2021-04-14T06:53:16","date_gmt":"2021-04-14T06:53:16","guid":{"rendered":"https:\/\/incus.es\/lineas-de-produccion\/limpieza\/"},"modified":"2021-04-14T06:53:22","modified_gmt":"2021-04-14T06:53:22","slug":"limpieza","status":"publish","type":"page","link":"https:\/\/incus.es\/es\/lineas-de-produccion\/limpieza\/","title":{"rendered":"Limpieza"},"content":{"rendered":"\n<style type=\"text\/css\" data-created_by=\"avia_inline_auto\" id=\"style-css-av-gi3mwe-95cf7213830d11ca6c5a5469a6ec8216\">\n#top .av-special-heading.av-gi3mwe-95cf7213830d11ca6c5a5469a6ec8216{\npadding-bottom:10px;\ncolor:#4f76ad;\nfont-size:35px;\n}\nbody .av-special-heading.av-gi3mwe-95cf7213830d11ca6c5a5469a6ec8216 .av-special-heading-tag .heading-char{\nfont-size:25px;\n}\n#top #wrap_all .av-special-heading.av-gi3mwe-95cf7213830d11ca6c5a5469a6ec8216 .av-special-heading-tag{\nfont-size:35px;\n}\n.av-special-heading.av-gi3mwe-95cf7213830d11ca6c5a5469a6ec8216 .special-heading-inner-border{\nborder-color:#4f76ad;\n}\n.av-special-heading.av-gi3mwe-95cf7213830d11ca6c5a5469a6ec8216 .av-subheading{\nfont-size:15px;\n}\n\n@media only screen and (min-width: 480px) and (max-width: 767px){ \n#top #wrap_all .av-special-heading.av-gi3mwe-95cf7213830d11ca6c5a5469a6ec8216 .av-special-heading-tag{\nfont-size:0.8em;\n}\n}\n\n@media only screen and (max-width: 479px){ \n#top #wrap_all .av-special-heading.av-gi3mwe-95cf7213830d11ca6c5a5469a6ec8216 .av-special-heading-tag{\nfont-size:0.8em;\n}\n}\n<\/style>\n<div  class='av-special-heading av-gi3mwe-95cf7213830d11ca6c5a5469a6ec8216 av-special-heading-h2 custom-color-heading blockquote modern-quote modern-centered  avia-builder-el-0  el_before_av_layout_row  avia-builder-el-no-sibling  av-inherit-size'><h2 class='av-special-heading-tag'  itemprop=\"headline\"  >Limpieza<\/h2><div class='av_custom_color av-subheading av-subheading_below'><p>Eliminaci\u00f3n de impurezas<\/p>\n<\/div><div class=\"special-heading-border\"><div class=\"special-heading-inner-border\"><\/div><\/div><\/div>\n<\/div><\/div><\/div><!-- close content main div --><\/div><\/div><div id='av-layout-grid-1'  class='av-layout-grid-container av-1jx28ny-924a3ce05abded74718d7368ff44a40a entry-content-wrapper main_color av-border-top-bottom av-flex-cells  avia-builder-el-1  el_after_av_heading  el_before_av_section  grid-row-not-first  container_wrap sidebar_right'  >\n\n<style type=\"text\/css\" data-created_by=\"avia_inline_auto\" id=\"style-css-av-1hs7lwe-c46cbcbbd906147bfb180d684f12a431\">\n.flex_cell.av-1hs7lwe-c46cbcbbd906147bfb180d684f12a431{\nvertical-align:top;\n}\n.responsive #top #wrap_all .flex_cell.av-1hs7lwe-c46cbcbbd906147bfb180d684f12a431{\npadding:30px 30px 30px 30px !important;\n}\n<\/style>\n<div class='flex_cell av-1hs7lwe-c46cbcbbd906147bfb180d684f12a431 av-gridrow-cell av_one_half no_margin  avia-builder-el-2  el_before_av_cell_one_half  avia-builder-el-first '  ><div class='flex_cell_inner'><section  class='av_textblock_section av-1fh5uq6-7fa1e33ad77763f58675adce74ad4266 '   itemscope=\"itemscope\" itemtype=\"https:\/\/schema.org\/CreativeWork\" ><div class='avia_textblock'  itemprop=\"text\" ><p style=\"text-align: center;\">La l\u00edneas de limpieza se adaptan a los requerimientos m\u00e1s exigentes en la eliminaci\u00f3n de los elementos residuales y las impurezas que han ido a parar a los granos durante la cosecha, el transporte y el almacenamiento. Este proceso garantiza la calidad del producto final.<\/p>\n<\/div><\/section>\n<\/div><\/div>\n<style type=\"text\/css\" data-created_by=\"avia_inline_auto\" id=\"style-css-av-4zy32m-79849b493cde0542f03dfb2a724e1132\">\n.flex_cell.av-4zy32m-79849b493cde0542f03dfb2a724e1132{\nvertical-align:top;\nbackground-color:#7bb0e7;\n}\n.responsive #top #wrap_all .flex_cell.av-4zy32m-79849b493cde0542f03dfb2a724e1132{\npadding:30px 0 0 30px !important;\n}\n<\/style>\n<div class='flex_cell av-4zy32m-79849b493cde0542f03dfb2a724e1132 av-gridrow-cell av_one_half no_margin  avia-builder-el-4  el_after_av_cell_one_half  avia-builder-el-last '  ><div class='flex_cell_inner'>\n<style type=\"text\/css\" data-created_by=\"avia_inline_auto\" id=\"style-css-av-1dgz1mm-55346933aed1ae57abb878e9cd0912cf\">\n#top .av_textblock_section.av-1dgz1mm-55346933aed1ae57abb878e9cd0912cf .avia_textblock{\nfont-size:13px;\ncolor:#ffffff;\n}\n<\/style>\n<section  class='av_textblock_section av-1dgz1mm-55346933aed1ae57abb878e9cd0912cf '   itemscope=\"itemscope\" itemtype=\"https:\/\/schema.org\/CreativeWork\" ><div class='avia_textblock av_inherit_color'  itemprop=\"text\" ><h3>VENTAJAS<\/h3>\n<ul style=\"list-style: circle outside !important;\">\n<li>Gran flexibilidad.<\/li>\n<li>Alta eficiencia.<\/li>\n<\/ul>\n<\/div><\/section>\n<\/div><\/div>\n<\/div>\n\n<style type=\"text\/css\" data-created_by=\"avia_inline_auto\" id=\"style-css-av-1aul73i-669c4f530f24ddfba017c6a1567ba282\">\n.avia-section.av-1aul73i-669c4f530f24ddfba017c6a1567ba282{\nbackground-color:#fcfcfc;\nbackground-image:unset;\n}\n<\/style>\n<div id='av_section_1'  class='avia-section av-1aul73i-669c4f530f24ddfba017c6a1567ba282 main_color avia-section-default avia-shadow  avia-builder-el-6  el_after_av_layout_row  el_before_av_layout_row  avia-bg-style-scroll container_wrap sidebar_right'  ><div class='container av-section-cont-open' ><div class='template-page content  av-content-small alpha units'><div class='post-entry post-entry-type-page post-entry-3054'><div class='entry-content-wrapper clearfix'>\n\n<style type=\"text\/css\" data-created_by=\"avia_inline_auto\" id=\"style-css-av-emfia6-cb1e462a72467effa40ffb5154172a87\">\n#top .av-special-heading.av-emfia6-cb1e462a72467effa40ffb5154172a87{\npadding-bottom:0;\ncolor:#4f76ad;\nfont-size:25px;\n}\nbody .av-special-heading.av-emfia6-cb1e462a72467effa40ffb5154172a87 .av-special-heading-tag .heading-char{\nfont-size:25px;\n}\n#top #wrap_all .av-special-heading.av-emfia6-cb1e462a72467effa40ffb5154172a87 .av-special-heading-tag{\nfont-size:25px;\n}\n.av-special-heading.av-emfia6-cb1e462a72467effa40ffb5154172a87 .special-heading-inner-border{\nborder-color:#4f76ad;\n}\n.av-special-heading.av-emfia6-cb1e462a72467effa40ffb5154172a87 .av-subheading{\nfont-size:15px;\n}\n\n@media only screen and (min-width: 480px) and (max-width: 767px){ \n#top #wrap_all .av-special-heading.av-emfia6-cb1e462a72467effa40ffb5154172a87 .av-special-heading-tag{\nfont-size:0.8em;\n}\n}\n\n@media only screen and (max-width: 479px){ \n#top #wrap_all .av-special-heading.av-emfia6-cb1e462a72467effa40ffb5154172a87 .av-special-heading-tag{\nfont-size:0.8em;\n}\n}\n<\/style>\n<div  class='av-special-heading av-emfia6-cb1e462a72467effa40ffb5154172a87 av-special-heading-h3 custom-color-heading blockquote modern-quote modern-centered  avia-builder-el-7  el_before_av_hr  avia-builder-el-first  av-thin-font av-inherit-size'><h3 class='av-special-heading-tag'  itemprop=\"headline\"  ><strong>Productos<\/strong> procesados<\/h3><div class=\"special-heading-border\"><div class=\"special-heading-inner-border\"><\/div><\/div><\/div>\n\n<style type=\"text\/css\" data-created_by=\"avia_inline_auto\" id=\"style-css-av-178qcce-0d5fb3509a6fa99e75009bb954e13887\">\n#top .hr.av-178qcce-0d5fb3509a6fa99e75009bb954e13887{\nmargin-top:5px;\nmargin-bottom:10px;\n}\n.hr.av-178qcce-0d5fb3509a6fa99e75009bb954e13887 .hr-inner{\nwidth:30%;\nmax-width:45%;\n}\n<\/style>\n<div  class='hr av-178qcce-0d5fb3509a6fa99e75009bb954e13887 hr-custom  avia-builder-el-8  el_after_av_heading  el_before_av_one_fifth  hr-center hr-icon-yes'><span class='hr-inner inner-border-av-border-thin'><span class=\"hr-inner-style\"><\/span><\/span><span class='av-seperator-icon' aria-hidden='true' data-av_icon='\ue8bd' data-av_iconfont='entypo-fontello'><\/span><span class='hr-inner inner-border-av-border-thin'><span class=\"hr-inner-style\"><\/span><\/span><\/div>\n<div  class='flex_column av-15l2a3i-d96fd77af37eac2c7f2a677a0382a791 av_one_fifth  avia-builder-el-9  el_after_av_hr  el_before_av_one_fifth  first flex_column_div  '     ><p>\n<style type=\"text\/css\" data-created_by=\"avia_inline_auto\" id=\"style-css-av-d5ixgu-d4c3143a3bbdeb9e1d63b6d3b1b84712\">\n.av_font_icon.av-d5ixgu-d4c3143a3bbdeb9e1d63b6d3b1b84712{\ncolor:#2d5c88;\nborder-color:#2d5c88;\n}\n.av_font_icon.av-d5ixgu-d4c3143a3bbdeb9e1d63b6d3b1b84712 .av-icon-char{\nfont-size:60px;\nline-height:60px;\n}\n<\/style>\n<span  class='av_font_icon av-d5ixgu-d4c3143a3bbdeb9e1d63b6d3b1b84712 avia_animate_when_visible av-icon-style- avia-icon-pos-center avia-icon-animate'><a href='https:\/\/incus.es\/industry\/almond\/'   class='av-icon-char' aria-hidden='true' data-av_icon='\ue800' data-av_iconfont='fontello' ><\/a><\/span><br \/>\n\n<style type=\"text\/css\" data-created_by=\"avia_inline_auto\" id=\"style-css-av-3xqp6m-6523a4e8c6a886880faeb1d43db8ed1d\">\n#top .hr.hr-invisible.av-3xqp6m-6523a4e8c6a886880faeb1d43db8ed1d{\nheight:15px;\n}\n<\/style>\n<div  class='hr av-3xqp6m-6523a4e8c6a886880faeb1d43db8ed1d hr-invisible  avia-builder-el-11  el_after_av_font_icon  el_before_av_textblock '><span class='hr-inner '><span class=\"hr-inner-style\"><\/span><\/span><\/div><br \/>\n\n<style type=\"text\/css\" data-created_by=\"avia_inline_auto\" id=\"style-css-av-11beav2-59e4a085fdcd959048199c02b64e6670\">\n#top .av_textblock_section.av-11beav2-59e4a085fdcd959048199c02b64e6670 .avia_textblock{\ncolor:#305698;\n}\n<\/style>\n<section  class='av_textblock_section av-11beav2-59e4a085fdcd959048199c02b64e6670 '   itemscope=\"itemscope\" itemtype=\"https:\/\/schema.org\/CreativeWork\" ><div class='avia_textblock av_inherit_color'  itemprop=\"text\" ><p>Almendras<\/p>\n<\/div><\/section><\/p><\/div>\n<style type=\"text\/css\" data-created_by=\"avia_inline_auto\" id=\"style-css-av-zyk43y-7509f38c0ff195905e0780850c773933\">\n.flex_column.av-zyk43y-7509f38c0ff195905e0780850c773933{\nborder-radius:0px 0px 0px 0px;\npadding:0px 0px 0px 0px;\n}\n<\/style>\n<div  class='flex_column av-zyk43y-7509f38c0ff195905e0780850c773933 av_one_fifth  avia-builder-el-13  el_after_av_one_fifth  el_before_av_one_fifth  flex_column_div av-zero-column-padding  '     ><p>\n<style type=\"text\/css\" data-created_by=\"avia_inline_auto\" id=\"style-css-av-bbote6-defd59144ac27461d5c156a53e03e2e0\">\n.av_font_icon.av-bbote6-defd59144ac27461d5c156a53e03e2e0{\ncolor:#2d5c88;\nborder-color:#2d5c88;\n}\n.av_font_icon.av-bbote6-defd59144ac27461d5c156a53e03e2e0 .av-icon-char{\nfont-size:60px;\nline-height:60px;\n}\n<\/style>\n<span  class='av_font_icon av-bbote6-defd59144ac27461d5c156a53e03e2e0 avia_animate_when_visible av-icon-style- avia-icon-pos-center avia-icon-animate'><a href='https:\/\/incus.es\/industry\/apricot-kernel\/'   class='av-icon-char' aria-hidden='true' data-av_icon='\ue805' data-av_iconfont='fontello' ><\/a><\/span><br \/>\n\n<style type=\"text\/css\" data-created_by=\"avia_inline_auto\" id=\"style-css-av-wtfyvy-b486e7f615ca2a80b8d60c373e20667d\">\n#top .hr.hr-invisible.av-wtfyvy-b486e7f615ca2a80b8d60c373e20667d{\nheight:15px;\n}\n<\/style>\n<div  class='hr av-wtfyvy-b486e7f615ca2a80b8d60c373e20667d hr-invisible  avia-builder-el-15  el_after_av_font_icon  el_before_av_textblock '><span class='hr-inner '><span class=\"hr-inner-style\"><\/span><\/span><\/div><br \/>\n\n<style type=\"text\/css\" data-created_by=\"avia_inline_auto\" id=\"style-css-av-330qda-cda94427b6abb9739f4531243b8e774c\">\n#top .av_textblock_section.av-330qda-cda94427b6abb9739f4531243b8e774c .avia_textblock{\ncolor:#305698;\n}\n<\/style>\n<section  class='av_textblock_section av-330qda-cda94427b6abb9739f4531243b8e774c '   itemscope=\"itemscope\" itemtype=\"https:\/\/schema.org\/CreativeWork\" ><div class='avia_textblock av_inherit_color'  itemprop=\"text\" ><p>Hueso de albaricoque<\/p>\n<\/div><\/section><\/p><\/div>\n<style type=\"text\/css\" data-created_by=\"avia_inline_auto\" id=\"style-css-av-tgjh2m-1f470ac9b7f1b15618dd779fdefcce9a\">\n.flex_column.av-tgjh2m-1f470ac9b7f1b15618dd779fdefcce9a{\nborder-radius:0px 0px 0px 0px;\npadding:0px 0px 0px 0px;\n}\n<\/style>\n<div  class='flex_column av-tgjh2m-1f470ac9b7f1b15618dd779fdefcce9a av_one_fifth  avia-builder-el-17  el_after_av_one_fifth  el_before_av_one_fifth  flex_column_div av-zero-column-padding  '     ><p>\n<style type=\"text\/css\" data-created_by=\"avia_inline_auto\" id=\"style-css-av-9s8ptq-f344f8677ca0dce633c9a5cc62c30b63\">\n.av_font_icon.av-9s8ptq-f344f8677ca0dce633c9a5cc62c30b63{\ncolor:#2d5c88;\nborder-color:#2d5c88;\n}\n.av_font_icon.av-9s8ptq-f344f8677ca0dce633c9a5cc62c30b63 .av-icon-char{\nfont-size:60px;\nline-height:60px;\n}\n<\/style>\n<span  class='av_font_icon av-9s8ptq-f344f8677ca0dce633c9a5cc62c30b63 avia_animate_when_visible av-icon-style- avia-icon-pos-center avia-icon-animate'><a href='https:\/\/incus.es\/industry\/pistachio\/'   class='av-icon-char' aria-hidden='true' data-av_icon='\ue80b' data-av_iconfont='fontello' ><\/a><\/span><br \/>\n\n<style type=\"text\/css\" data-created_by=\"avia_inline_auto\" id=\"style-css-av-2kq2y6-ec9be444a83391e60db1484260b5ef91\">\n#top .hr.hr-invisible.av-2kq2y6-ec9be444a83391e60db1484260b5ef91{\nheight:15px;\n}\n<\/style>\n<div  class='hr av-2kq2y6-ec9be444a83391e60db1484260b5ef91 hr-invisible  avia-builder-el-19  el_after_av_font_icon  el_before_av_textblock '><span class='hr-inner '><span class=\"hr-inner-style\"><\/span><\/span><\/div><br \/>\n\n<style type=\"text\/css\" data-created_by=\"avia_inline_auto\" id=\"style-css-av-2g3bv2-5cd11c84365c1c4dfd3d26d9984373db\">\n#top .av_textblock_section.av-2g3bv2-5cd11c84365c1c4dfd3d26d9984373db .avia_textblock{\ncolor:#305698;\n}\n<\/style>\n<section  class='av_textblock_section av-2g3bv2-5cd11c84365c1c4dfd3d26d9984373db '   itemscope=\"itemscope\" itemtype=\"https:\/\/schema.org\/CreativeWork\" ><div class='avia_textblock av_inherit_color'  itemprop=\"text\" ><p>Pistacho<\/p>\n<\/div><\/section><\/p><\/div>\n<style type=\"text\/css\" data-created_by=\"avia_inline_auto\" id=\"style-css-av-mix29q-b9680dc542befac8461d2a76e464d005\">\n.flex_column.av-mix29q-b9680dc542befac8461d2a76e464d005{\nborder-radius:0px 0px 0px 0px;\npadding:0px 0px 0px 0px;\n}\n<\/style>\n<div  class='flex_column av-mix29q-b9680dc542befac8461d2a76e464d005 av_one_fifth  avia-builder-el-21  el_after_av_one_fifth  el_before_av_one_fifth  flex_column_div av-zero-column-padding  '     ><p>\n<style type=\"text\/css\" data-created_by=\"avia_inline_auto\" id=\"style-css-av-72p9se-19e3781bac0aef8a3dcdde4f4e4b30fd\">\n.av_font_icon.av-72p9se-19e3781bac0aef8a3dcdde4f4e4b30fd{\ncolor:#2d5c88;\nborder-color:#2d5c88;\n}\n.av_font_icon.av-72p9se-19e3781bac0aef8a3dcdde4f4e4b30fd .av-icon-char{\nfont-size:60px;\nline-height:60px;\n}\n<\/style>\n<span  class='av_font_icon av-72p9se-19e3781bac0aef8a3dcdde4f4e4b30fd avia_animate_when_visible av-icon-style- avia-icon-pos-center avia-icon-animate'><a href='https:\/\/incus.es\/industry\/peanut\/'   class='av-icon-char' aria-hidden='true' data-av_icon='\ue802' data-av_iconfont='fontello' ><\/a><\/span><br \/>\n\n<style type=\"text\/css\" data-created_by=\"avia_inline_auto\" id=\"style-css-av-iwx2by-553e5da0fccff9aefbbf90d30411650b\">\n#top .hr.hr-invisible.av-iwx2by-553e5da0fccff9aefbbf90d30411650b{\nheight:15px;\n}\n<\/style>\n<div  class='hr av-iwx2by-553e5da0fccff9aefbbf90d30411650b hr-invisible  avia-builder-el-23  el_after_av_font_icon  el_before_av_textblock '><span class='hr-inner '><span class=\"hr-inner-style\"><\/span><\/span><\/div><br \/>\n\n<style type=\"text\/css\" data-created_by=\"avia_inline_auto\" id=\"style-css-av-gpiwta-a876f0fe07bd9e3e4aedb85700bd667d\">\n#top .av_textblock_section.av-gpiwta-a876f0fe07bd9e3e4aedb85700bd667d .avia_textblock{\ncolor:#305698;\n}\n<\/style>\n<section  class='av_textblock_section av-gpiwta-a876f0fe07bd9e3e4aedb85700bd667d '   itemscope=\"itemscope\" itemtype=\"https:\/\/schema.org\/CreativeWork\" ><div class='avia_textblock av_inherit_color'  itemprop=\"text\" ><p>Cacahuete<\/p>\n<\/div><\/section><\/p><\/div>\n<style type=\"text\/css\" data-created_by=\"avia_inline_auto\" id=\"style-css-av-g0nula-0b61970bf5cc358860df1e88d1d7c61f\">\n.flex_column.av-g0nula-0b61970bf5cc358860df1e88d1d7c61f{\nborder-radius:0px 0px 0px 0px;\npadding:0px 0px 0px 0px;\n}\n<\/style>\n<div  class='flex_column av-g0nula-0b61970bf5cc358860df1e88d1d7c61f av_one_fifth  avia-builder-el-25  el_after_av_one_fifth  avia-builder-el-last  flex_column_div av-zero-column-padding  '     ><p>\n<style type=\"text\/css\" data-created_by=\"avia_inline_auto\" id=\"style-css-av-5ngx6m-8f656b46125f88d296fa6bb52917bc10\">\n.av_font_icon.av-5ngx6m-8f656b46125f88d296fa6bb52917bc10{\ncolor:#2d5c88;\nborder-color:#2d5c88;\n}\n.av_font_icon.av-5ngx6m-8f656b46125f88d296fa6bb52917bc10 .av-icon-char{\nfont-size:60px;\nline-height:60px;\n}\n<\/style>\n<span  class='av_font_icon av-5ngx6m-8f656b46125f88d296fa6bb52917bc10 avia_animate_when_visible av-icon-style- avia-icon-pos-center avia-icon-animate'><a href='https:\/\/incus.es\/industry\/hazelnut\/'   class='av-icon-char' aria-hidden='true' data-av_icon='\ue806' data-av_iconfont='fontello' ><\/a><\/span><br \/>\n\n<style type=\"text\/css\" data-created_by=\"avia_inline_auto\" id=\"style-css-av-czjy9q-8a052441e04b129777f1d40e1ea1191e\">\n#top .hr.hr-invisible.av-czjy9q-8a052441e04b129777f1d40e1ea1191e{\nheight:15px;\n}\n<\/style>\n<div  class='hr av-czjy9q-8a052441e04b129777f1d40e1ea1191e hr-invisible  avia-builder-el-27  el_after_av_font_icon  el_before_av_textblock '><span class='hr-inner '><span class=\"hr-inner-style\"><\/span><\/span><\/div><br \/>\n\n<style type=\"text\/css\" data-created_by=\"avia_inline_auto\" id=\"style-css-av-bc2qxq-4cfdae7c330ccdb6fb4a23657b7a8404\">\n#top .av_textblock_section.av-bc2qxq-4cfdae7c330ccdb6fb4a23657b7a8404 .avia_textblock{\ncolor:#305698;\n}\n<\/style>\n<section  class='av_textblock_section av-bc2qxq-4cfdae7c330ccdb6fb4a23657b7a8404 '   itemscope=\"itemscope\" itemtype=\"https:\/\/schema.org\/CreativeWork\" ><div class='avia_textblock av_inherit_color'  itemprop=\"text\" ><p>Avellana<\/p>\n<\/div><\/section><\/p><\/div>\n\n<\/div><\/div><\/div><!-- close content main div --><\/div><\/div><div id='av-layout-grid-2'  class='av-layout-grid-container av-95j8ta-9186b7afb0a068202df46d69af09ac07 entry-content-wrapper main_color av-flex-cells  avia-builder-el-29  el_after_av_section  avia-builder-el-last  grid-row-not-first  container_wrap sidebar_right'  >\n<div class='flex_cell av-6xodfy-6b1fcb2bc6538b1b0f3018cfe85e7807 av-gridrow-cell av_one_half no_margin  avia-builder-el-30  el_before_av_cell_one_half  avia-builder-el-first '  ><div class='flex_cell_inner'><div  class='avia-button-wrap avia-button-center  avia-builder-el-31  avia-builder-el-no-sibling '>\n<style type=\"text\/css\" data-created_by=\"avia_inline_auto\" id=\"style-css-av-4io33i-7b825e642c2ea5c33dfb0b76a280a1e1\">\n#top #wrap_all .avia-button.av-4io33i-7b825e642c2ea5c33dfb0b76a280a1e1{\ncolor:#ffffff;\ntransition:all 0.4s ease-in-out;\n}\n#top #wrap_all .avia-button.av-4io33i-7b825e642c2ea5c33dfb0b76a280a1e1:hover{\nbackground-color:#3e90e8;\ncolor:#ffffff;\ntransition:all 0.4s ease-in-out;\n}\n<\/style>\n<a href='https:\/\/incus.es\/processing-line\/cleaning-line\/' class='av-icon-on-hover avia-color-theme-color avia-button avia-button-fullwidth av-4io33i-7b825e642c2ea5c33dfb0b76a280a1e1 avia-icon_select-yes-left-icon avia-color-theme-color'  ><span class='avia_button_icon avia_button_icon_left' aria-hidden='true' data-av_icon='\ue855' data-av_iconfont='entypo-fontello'><\/span><span class='avia_iconbox_title' >M\u00e1quinas incluidas<\/span><div class='av-button-description av-button-description-below'><p>M\u00e1quinas para Limpieza<\/p>\n<\/div><\/a><\/div>\n<\/div><\/div><div class='flex_cell av-3xmev2-0c852bf01773a2695804f24a400c58a1 av-gridrow-cell av_one_half no_margin  avia-builder-el-32  el_after_av_cell_one_half  avia-builder-el-last '  ><div class='flex_cell_inner'><div  class='avia-button-wrap avia-button-center  avia-builder-el-33  avia-builder-el-no-sibling '>\n<style type=\"text\/css\" data-created_by=\"avia_inline_auto\" id=\"style-css-av-2waj8e-24bdc9896a9f7444216f8dffc5804479\">\n#top #wrap_all .avia-button.av-2waj8e-24bdc9896a9f7444216f8dffc5804479{\ncolor:#ffffff;\ntransition:all 0.4s ease-in-out;\n}\n#top #wrap_all .avia-button.av-2waj8e-24bdc9896a9f7444216f8dffc5804479:hover{\nbackground-color:#3e90e8;\ncolor:#ffffff;\ntransition:all 0.4s ease-in-out;\n}\n<\/style>\n<a href='https:\/\/incus.es\/contact\/' class='av-icon-on-hover avia-color-theme-color avia-button avia-button-fullwidth av-2waj8e-24bdc9896a9f7444216f8dffc5804479 avia-icon_select-yes-left-icon avia-color-theme-color'  ><span class='avia_button_icon avia_button_icon_left' aria-hidden='true' data-av_icon='\ue81c' data-av_iconfont='entypo-fontello'><\/span><span class='avia_iconbox_title' >\u00bfNecesitas m\u00e1s informaci\u00f3n?<\/span><div class='av-button-description av-button-description-below'><p>\u00a1Cont\u00e1ctanos!<\/p>\n<\/div><\/a><\/div>\n<\/div><\/div><\/div>\n","protected":false},"excerpt":{"rendered":"","protected":false},"author":1,"featured_media":0,"parent":1784,"menu_order":0,"comment_status":"closed","ping_status":"closed","template":"","meta":{"footnotes":""},"_links":{"self":[{"href":"https:\/\/incus.es\/es\/wp-json\/wp\/v2\/pages\/3054"}],"collection":[{"href":"https:\/\/incus.es\/es\/wp-json\/wp\/v2\/pages"}],"about":[{"href":"https:\/\/incus.es\/es\/wp-json\/wp\/v2\/types\/page"}],"author":[{"embeddable":true,"href":"https:\/\/incus.es\/es\/wp-json\/wp\/v2\/users\/1"}],"replies":[{"embeddable":true,"href":"https:\/\/incus.es\/es\/wp-json\/wp\/v2\/comments?post=3054"}],"version-history":[{"count":0,"href":"https:\/\/incus.es\/es\/wp-json\/wp\/v2\/pages\/3054\/revisions"}],"up":[{"embeddable":true,"href":"https:\/\/incus.es\/es\/wp-json\/wp\/v2\/pages\/1784"}],"wp:attachment":[{"href":"https:\/\/incus.es\/es\/wp-json\/wp\/v2\/media?parent=3054"}],"curies":[{"name":"wp","href":"https:\/\/api.w.org\/{rel}","templated":true}]}}