{"id":2968,"date":"2021-04-12T12:56:30","date_gmt":"2021-04-12T12:56:30","guid":{"rendered":"https:\/\/incus.es\/lineas-de-produccion\/pelado-de-cacahuete-y-avellana\/"},"modified":"2021-04-12T12:56:44","modified_gmt":"2021-04-12T12:56:44","slug":"pelado-de-cacahuete-y-avellana","status":"publish","type":"page","link":"https:\/\/incus.es\/es\/lineas-de-produccion\/pelado-de-cacahuete-y-avellana\/","title":{"rendered":"Pelado de cacahuete y avellana"},"content":{"rendered":"\n<style type=\"text\/css\" data-created_by=\"avia_inline_auto\" id=\"style-css-av-4568z-4a3a121c83f3cc90e60d1162d559e728\">\n#top .av-special-heading.av-4568z-4a3a121c83f3cc90e60d1162d559e728{\npadding-bottom:10px;\ncolor:#4f76ad;\nfont-size:35px;\n}\nbody .av-special-heading.av-4568z-4a3a121c83f3cc90e60d1162d559e728 .av-special-heading-tag .heading-char{\nfont-size:25px;\n}\n#top #wrap_all .av-special-heading.av-4568z-4a3a121c83f3cc90e60d1162d559e728 .av-special-heading-tag{\nfont-size:35px;\n}\n.av-special-heading.av-4568z-4a3a121c83f3cc90e60d1162d559e728 .special-heading-inner-border{\nborder-color:#4f76ad;\n}\n.av-special-heading.av-4568z-4a3a121c83f3cc90e60d1162d559e728 .av-subheading{\nfont-size:15px;\n}\n\n@media only screen and (min-width: 480px) and (max-width: 767px){ \n#top #wrap_all .av-special-heading.av-4568z-4a3a121c83f3cc90e60d1162d559e728 .av-special-heading-tag{\nfont-size:0.8em;\n}\n}\n\n@media only screen and (max-width: 479px){ \n#top #wrap_all .av-special-heading.av-4568z-4a3a121c83f3cc90e60d1162d559e728 .av-special-heading-tag{\nfont-size:0.8em;\n}\n}\n<\/style>\n<div  class='av-special-heading av-4568z-4a3a121c83f3cc90e60d1162d559e728 av-special-heading-h2 custom-color-heading blockquote modern-quote modern-centered  avia-builder-el-0  el_before_av_layout_row  avia-builder-el-no-sibling  av-inherit-size'><h2 class='av-special-heading-tag'  itemprop=\"headline\"  >Pelado de cacahuete y avellana<\/h2><div class='av_custom_color av-subheading av-subheading_below'><p>Eliminaci\u00f3n piel marr\u00f3n. Excepcional blancura del grano.<\/p>\n<\/div><div class=\"special-heading-border\"><div class=\"special-heading-inner-border\"><\/div><\/div><\/div>\n<\/div><\/div><\/div><!-- close content main div --><\/div><\/div><div id='av-layout-grid-1'  class='av-layout-grid-container av-3u2z4j-e4098b2a04befe6fe5e148803e6fe9cc entry-content-wrapper main_color av-border-top-bottom av-flex-cells  avia-builder-el-1  el_after_av_heading  el_before_av_section  grid-row-not-first  container_wrap sidebar_right'  >\n\n<style type=\"text\/css\" data-created_by=\"avia_inline_auto\" id=\"style-css-av-3s8ykz-ae8ebbf35b3ba4c503ad7d35597fb203\">\n.flex_cell.av-3s8ykz-ae8ebbf35b3ba4c503ad7d35597fb203{\nvertical-align:middle;\n}\n.responsive #top #wrap_all .flex_cell.av-3s8ykz-ae8ebbf35b3ba4c503ad7d35597fb203{\npadding:30px 30px 30px 30px !important;\n}\n<\/style>\n<div class='flex_cell av-3s8ykz-ae8ebbf35b3ba4c503ad7d35597fb203 av-gridrow-cell av_one_half no_margin  avia-builder-el-2  el_before_av_cell_one_half  avia-builder-el-first '  ><div class='flex_cell_inner'><section  class='av_textblock_section av-3itd9v-4d8d68e33fbde07bcd398e52aa5dc464 '   itemscope=\"itemscope\" itemtype=\"https:\/\/schema.org\/CreativeWork\" ><div class='avia_textblock'  itemprop=\"text\" ><p style=\"text-align: center;\">Estas l\u00edneas son procesos continuos que combinan tecnolog\u00eda de \u00faltima generaci\u00f3n en procesos de pelado mec\u00e1nico, separaci\u00f3n de pieles y selecci\u00f3n de granos para eliminar la piel marr\u00f3n y obtener un producto de la m\u00e1s alta calidad.<\/p>\n<\/div><\/section>\n<\/div><\/div>\n<style type=\"text\/css\" data-created_by=\"avia_inline_auto\" id=\"style-css-av-3g7urf-f64dd6076180fa5b3b96eef32bfaecca\">\n.flex_cell.av-3g7urf-f64dd6076180fa5b3b96eef32bfaecca{\nvertical-align:middle;\nbackground-color:#7bb0e7;\n}\n.responsive #top #wrap_all .flex_cell.av-3g7urf-f64dd6076180fa5b3b96eef32bfaecca{\npadding:30px 0 0 30px !important;\n}\n<\/style>\n<div class='flex_cell av-3g7urf-f64dd6076180fa5b3b96eef32bfaecca av-gridrow-cell av_one_half no_margin  avia-builder-el-4  el_after_av_cell_one_half  avia-builder-el-last '  ><div class='flex_cell_inner'>\n<style type=\"text\/css\" data-created_by=\"avia_inline_auto\" id=\"style-css-av-37cgaz-72f21ffc715b5cacdef39be23dc4df3a\">\n#top .av_textblock_section.av-37cgaz-72f21ffc715b5cacdef39be23dc4df3a .avia_textblock{\nfont-size:13px;\ncolor:#ffffff;\n}\n<\/style>\n<section  class='av_textblock_section av-37cgaz-72f21ffc715b5cacdef39be23dc4df3a '   itemscope=\"itemscope\" itemtype=\"https:\/\/schema.org\/CreativeWork\" ><div class='avia_textblock av_inherit_color'  itemprop=\"text\" ><h3>VENTAJAS<\/h3>\n<ul style=\"list-style: circle outside !important;\">\n<li>Alta eficiencia.<\/li>\n<li>M\u00ednimo da\u00f1o al producto.<\/li>\n<li>Gesti\u00f3n optimizada de producto de retorno.<\/li>\n<\/ul>\n<\/div><\/section>\n<\/div><\/div>\n<\/div>\n\n<style type=\"text\/css\" data-created_by=\"avia_inline_auto\" id=\"style-css-av-306e6j-2f7d8b005bcd410b2ca689c9e5369a4b\">\n.avia-section.av-306e6j-2f7d8b005bcd410b2ca689c9e5369a4b{\nbackground-color:#fcfcfc;\nbackground-image:unset;\n}\n<\/style>\n<div id='av_section_1'  class='avia-section av-306e6j-2f7d8b005bcd410b2ca689c9e5369a4b main_color avia-section-default avia-shadow  avia-builder-el-6  el_after_av_layout_row  el_before_av_layout_row  avia-bg-style-scroll container_wrap sidebar_right'  ><div class='container av-section-cont-open' ><div class='template-page content  av-content-small alpha units'><div class='post-entry post-entry-type-page post-entry-2968'><div class='entry-content-wrapper clearfix'>\n\n<style type=\"text\/css\" data-created_by=\"avia_inline_auto\" id=\"style-css-av-ypbyj-bafd12a577726b34130f87971a483aed\">\n#top .av-special-heading.av-ypbyj-bafd12a577726b34130f87971a483aed{\npadding-bottom:0;\ncolor:#4f76ad;\nfont-size:25px;\n}\nbody .av-special-heading.av-ypbyj-bafd12a577726b34130f87971a483aed .av-special-heading-tag .heading-char{\nfont-size:25px;\n}\n#top #wrap_all .av-special-heading.av-ypbyj-bafd12a577726b34130f87971a483aed .av-special-heading-tag{\nfont-size:25px;\n}\n.av-special-heading.av-ypbyj-bafd12a577726b34130f87971a483aed .special-heading-inner-border{\nborder-color:#4f76ad;\n}\n.av-special-heading.av-ypbyj-bafd12a577726b34130f87971a483aed .av-subheading{\nfont-size:15px;\n}\n\n@media only screen and (min-width: 480px) and (max-width: 767px){ \n#top #wrap_all .av-special-heading.av-ypbyj-bafd12a577726b34130f87971a483aed .av-special-heading-tag{\nfont-size:0.8em;\n}\n}\n\n@media only screen and (max-width: 479px){ \n#top #wrap_all .av-special-heading.av-ypbyj-bafd12a577726b34130f87971a483aed .av-special-heading-tag{\nfont-size:0.8em;\n}\n}\n<\/style>\n<div  class='av-special-heading av-ypbyj-bafd12a577726b34130f87971a483aed av-special-heading-h3 custom-color-heading blockquote modern-quote modern-centered  avia-builder-el-7  el_before_av_hr  avia-builder-el-first  av-thin-font av-inherit-size'><h3 class='av-special-heading-tag'  itemprop=\"headline\"  ><strong>Productos<\/strong> procesados<\/h3><div class=\"special-heading-border\"><div class=\"special-heading-inner-border\"><\/div><\/div><\/div>\n\n<style type=\"text\/css\" data-created_by=\"avia_inline_auto\" id=\"style-css-av-2pxo9f-56fbd027da0a508e31f38db8b3d3b217\">\n#top .hr.av-2pxo9f-56fbd027da0a508e31f38db8b3d3b217{\nmargin-top:5px;\nmargin-bottom:10px;\n}\n.hr.av-2pxo9f-56fbd027da0a508e31f38db8b3d3b217 .hr-inner{\nwidth:30%;\nmax-width:45%;\n}\n<\/style>\n<div  class='hr av-2pxo9f-56fbd027da0a508e31f38db8b3d3b217 hr-custom  avia-builder-el-8  el_after_av_heading  el_before_av_one_fourth  hr-center hr-icon-yes'><span class='hr-inner inner-border-av-border-thin'><span class=\"hr-inner-style\"><\/span><\/span><span class='av-seperator-icon' aria-hidden='true' data-av_icon='\ue8bd' data-av_iconfont='entypo-fontello'><\/span><span class='hr-inner inner-border-av-border-thin'><span class=\"hr-inner-style\"><\/span><\/span><\/div>\n<div  class='flex_column av-2lwfv7-7d3ec28d59e33d13396b468d361c0211 av_one_fourth  avia-builder-el-9  el_after_av_hr  el_before_av_one_fourth  first flex_column_div  '     ><\/div>\n<style type=\"text\/css\" data-created_by=\"avia_inline_auto\" id=\"style-css-av-2cmj17-0eaf2c0a845571fb9b6ac00f8db5085a\">\n.flex_column.av-2cmj17-0eaf2c0a845571fb9b6ac00f8db5085a{\nborder-radius:0px 0px 0px 0px;\npadding:0px 0px 0px 0px;\n}\n<\/style>\n<div  class='flex_column av-2cmj17-0eaf2c0a845571fb9b6ac00f8db5085a av_one_fourth  avia-builder-el-10  el_after_av_one_fourth  el_before_av_one_fourth  flex_column_div av-zero-column-padding  '     ><p>\n<style type=\"text\/css\" data-created_by=\"avia_inline_auto\" id=\"style-css-av-pwlyb-5d4a2c54e93aab20ce844fff37378f5b\">\n.av_font_icon.av-pwlyb-5d4a2c54e93aab20ce844fff37378f5b{\ncolor:#2d5c88;\nborder-color:#2d5c88;\n}\n.av_font_icon.av-pwlyb-5d4a2c54e93aab20ce844fff37378f5b .av-icon-char{\nfont-size:60px;\nline-height:60px;\n}\n<\/style>\n<span  class='av_font_icon av-pwlyb-5d4a2c54e93aab20ce844fff37378f5b avia_animate_when_visible av-icon-style- avia-icon-pos-center avia-icon-animate'><a href='https:\/\/incus.es\/industry\/hazelnut\/'   class='av-icon-char' aria-hidden='true' data-av_icon='\ue806' data-av_iconfont='fontello' ><\/a><\/span><br \/>\n\n<style type=\"text\/css\" data-created_by=\"avia_inline_auto\" id=\"style-css-av-20pnzn-5a5d4883cbe317f53b2fc82d8331767c\">\n#top .hr.hr-invisible.av-20pnzn-5a5d4883cbe317f53b2fc82d8331767c{\nheight:15px;\n}\n<\/style>\n<div  class='hr av-20pnzn-5a5d4883cbe317f53b2fc82d8331767c hr-invisible  avia-builder-el-12  el_after_av_font_icon  el_before_av_textblock '><span class='hr-inner '><span class=\"hr-inner-style\"><\/span><\/span><\/div><br \/>\n\n<style type=\"text\/css\" data-created_by=\"avia_inline_auto\" id=\"style-css-av-1ybreb-dd9f91fa16c70b0bd003a9de91410758\">\n#top .av_textblock_section.av-1ybreb-dd9f91fa16c70b0bd003a9de91410758 .avia_textblock{\ncolor:#305698;\n}\n<\/style>\n<section  class='av_textblock_section av-1ybreb-dd9f91fa16c70b0bd003a9de91410758 '   itemscope=\"itemscope\" itemtype=\"https:\/\/schema.org\/CreativeWork\" ><div class='avia_textblock av_inherit_color'  itemprop=\"text\" ><p>Avellana<\/p>\n<\/div><\/section><\/p><\/div>\n<style type=\"text\/css\" data-created_by=\"avia_inline_auto\" id=\"style-css-av-1onmzn-b3474470ccf5caa0408540741e2e802e\">\n.flex_column.av-1onmzn-b3474470ccf5caa0408540741e2e802e{\nborder-radius:0px 0px 0px 0px;\npadding:0px 0px 0px 0px;\n}\n<\/style>\n<div  class='flex_column av-1onmzn-b3474470ccf5caa0408540741e2e802e av_one_fourth  avia-builder-el-14  el_after_av_one_fourth  el_before_av_one_fourth  flex_column_div av-zero-column-padding  '     ><p>\n<style type=\"text\/css\" data-created_by=\"avia_inline_auto\" id=\"style-css-av-mll8b-819f37247404908767c91e59891d1810\">\n.av_font_icon.av-mll8b-819f37247404908767c91e59891d1810{\ncolor:#2d5c88;\nborder-color:#2d5c88;\n}\n.av_font_icon.av-mll8b-819f37247404908767c91e59891d1810 .av-icon-char{\nfont-size:60px;\nline-height:60px;\n}\n<\/style>\n<span  class='av_font_icon av-mll8b-819f37247404908767c91e59891d1810 avia_animate_when_visible av-icon-style- avia-icon-pos-center avia-icon-animate'><a href='https:\/\/incus.es\/industry\/peanut\/'   class='av-icon-char' aria-hidden='true' data-av_icon='\ue802' data-av_iconfont='fontello' ><\/a><\/span><br \/>\n\n<style type=\"text\/css\" data-created_by=\"avia_inline_auto\" id=\"style-css-av-1cuzyb-e6577245d413b75cd3cd5dd127e5992e\">\n#top .hr.hr-invisible.av-1cuzyb-e6577245d413b75cd3cd5dd127e5992e{\nheight:15px;\n}\n<\/style>\n<div  class='hr av-1cuzyb-e6577245d413b75cd3cd5dd127e5992e hr-invisible  avia-builder-el-16  el_after_av_font_icon  el_before_av_textblock '><span class='hr-inner '><span class=\"hr-inner-style\"><\/span><\/span><\/div><br \/>\n\n<style type=\"text\/css\" data-created_by=\"avia_inline_auto\" id=\"style-css-av-4os9n-e7e0e66db31eae2692bc241d4648fc31\">\n#top .av_textblock_section.av-4os9n-e7e0e66db31eae2692bc241d4648fc31 .avia_textblock{\ncolor:#305698;\n}\n<\/style>\n<section  class='av_textblock_section av-4os9n-e7e0e66db31eae2692bc241d4648fc31 '   itemscope=\"itemscope\" itemtype=\"https:\/\/schema.org\/CreativeWork\" ><div class='avia_textblock av_inherit_color'  itemprop=\"text\" ><p>Cacahuete<\/p>\n<\/div><\/section><\/p><\/div>\n<style type=\"text\/css\" data-created_by=\"avia_inline_auto\" id=\"style-css-av-13xzmj-95dcb525e2732a7fd318882073255224\">\n.flex_column.av-13xzmj-95dcb525e2732a7fd318882073255224{\nborder-radius:0px 0px 0px 0px;\npadding:0px 0px 0px 0px;\n}\n<\/style>\n<div  class='flex_column av-13xzmj-95dcb525e2732a7fd318882073255224 av_one_fourth  avia-builder-el-18  el_after_av_one_fourth  avia-builder-el-last  flex_column_div av-zero-column-padding  '     ><\/div><\/div><\/div><\/div><!-- close content main div --><\/div><\/div><div id='av-layout-grid-2'  class='av-layout-grid-container av-xpsmz-8ae9f70d5afb514915190e904749592c entry-content-wrapper main_color av-flex-cells  avia-builder-el-19  el_after_av_section  avia-builder-el-last  grid-row-not-first  container_wrap sidebar_right'  >\n<div class='flex_cell av-q137v-462116f9b05d864d6f556259a5a0f59b av-gridrow-cell av_one_half no_margin  avia-builder-el-20  el_before_av_cell_one_half  avia-builder-el-first '  ><div class='flex_cell_inner'><div  class='avia-button-wrap avia-button-center  avia-builder-el-21  avia-builder-el-no-sibling '>\n<style type=\"text\/css\" data-created_by=\"avia_inline_auto\" id=\"style-css-av-hto6r-da740dd2d68733fb37fbf2581516d658\">\n#top #wrap_all .avia-button.av-hto6r-da740dd2d68733fb37fbf2581516d658{\ncolor:#ffffff;\ntransition:all 0.4s ease-in-out;\n}\n#top #wrap_all .avia-button.av-hto6r-da740dd2d68733fb37fbf2581516d658:hover{\nbackground-color:#3e90e8;\ncolor:#ffffff;\ntransition:all 0.4s ease-in-out;\n}\n<\/style>\n<a href='https:\/\/incus.es\/processing-line\/peanut-and-hazelnuts-line\/' class='av-icon-on-hover avia-color-theme-color avia-button avia-button-fullwidth av-hto6r-da740dd2d68733fb37fbf2581516d658 avia-icon_select-yes-left-icon avia-color-theme-color'  ><span class='avia_button_icon avia_button_icon_left' aria-hidden='true' data-av_icon='\ue855' data-av_iconfont='entypo-fontello'><\/span><span class='avia_iconbox_title' >M\u00e1quinas incluidas<\/span><div class='av-button-description av-button-description-below'><p>Pelado de cacahuete y avellana<\/p>\n<\/div><\/a><\/div>\n<\/div><\/div><div class='flex_cell av-hh8nn-0f5c96ad9788dc3d39e15c68ade2d667 av-gridrow-cell av_one_half no_margin  avia-builder-el-22  el_after_av_cell_one_half  avia-builder-el-last '  ><div class='flex_cell_inner'><div  class='avia-button-wrap avia-button-center  avia-builder-el-23  avia-builder-el-no-sibling '>\n<style type=\"text\/css\" data-created_by=\"avia_inline_auto\" id=\"style-css-av-7f4e3-8d593238f2234741bcb493b77cfdcd5c\">\n#top #wrap_all .avia-button.av-7f4e3-8d593238f2234741bcb493b77cfdcd5c{\ncolor:#ffffff;\ntransition:all 0.4s ease-in-out;\n}\n#top #wrap_all .avia-button.av-7f4e3-8d593238f2234741bcb493b77cfdcd5c:hover{\nbackground-color:#3e90e8;\ncolor:#ffffff;\ntransition:all 0.4s ease-in-out;\n}\n<\/style>\n<a href='https:\/\/incus.es\/contact\/' class='av-icon-on-hover avia-color-theme-color avia-button avia-button-fullwidth av-7f4e3-8d593238f2234741bcb493b77cfdcd5c avia-icon_select-yes-left-icon avia-color-theme-color'  ><span class='avia_button_icon avia_button_icon_left' aria-hidden='true' data-av_icon='\ue81c' data-av_iconfont='entypo-fontello'><\/span><span class='avia_iconbox_title' >\u00bfNecesitas m\u00e1s informaci\u00f3n?<\/span><div class='av-button-description av-button-description-below'><p>\u00a1Cont\u00e1ctanos!<\/p>\n<\/div><\/a><\/div>\n<\/div><\/div><\/div><\/p>\n","protected":false},"excerpt":{"rendered":"","protected":false},"author":1,"featured_media":0,"parent":1784,"menu_order":0,"comment_status":"open","ping_status":"open","template":"","meta":{"footnotes":""},"_links":{"self":[{"href":"https:\/\/incus.es\/es\/wp-json\/wp\/v2\/pages\/2968"}],"collection":[{"href":"https:\/\/incus.es\/es\/wp-json\/wp\/v2\/pages"}],"about":[{"href":"https:\/\/incus.es\/es\/wp-json\/wp\/v2\/types\/page"}],"author":[{"embeddable":true,"href":"https:\/\/incus.es\/es\/wp-json\/wp\/v2\/users\/1"}],"replies":[{"embeddable":true,"href":"https:\/\/incus.es\/es\/wp-json\/wp\/v2\/comments?post=2968"}],"version-history":[{"count":0,"href":"https:\/\/incus.es\/es\/wp-json\/wp\/v2\/pages\/2968\/revisions"}],"up":[{"embeddable":true,"href":"https:\/\/incus.es\/es\/wp-json\/wp\/v2\/pages\/1784"}],"wp:attachment":[{"href":"https:\/\/incus.es\/es\/wp-json\/wp\/v2\/media?parent=2968"}],"curies":[{"name":"wp","href":"https:\/\/api.w.org\/{rel}","templated":true}]}}