{"id":296,"date":"2015-05-21T15:35:33","date_gmt":"2015-05-21T15:35:33","guid":{"rendered":"http:\/\/gironastudio.es\/incus\/?page_id=296"},"modified":"2018-11-15T10:36:50","modified_gmt":"2018-11-15T10:36:50","slug":"mercados","status":"publish","type":"page","link":"https:\/\/incus.es\/es\/empresa\/mercados\/","title":{"rendered":"Mercados"},"content":{"rendered":"<div  class='flex_column av-av_one_full-2a9015ff38129c418a3f2eafba3e9512 av_one_full  avia-builder-el-0  el_before_av_one_full  avia-builder-el-first  first flex_column_div  '     ><section  class='av_textblock_section av-av_textblock-0366cc7376be6c9e82a3e9cc8987b64f '   itemscope=\"itemscope\" itemtype=\"https:\/\/schema.org\/CreativeWork\" ><div class='avia_textblock'  itemprop=\"text\" ><p>Incus es el mayor exportador mundial de maquinaria para repelado e industrializado de almendra, adem\u00e1s de las secciones de frutos secos y semillas. Mantenemos una s\u00f3lida pol\u00edtica exportadora con productos de alta calidad y el aval que supone nuestro gran potencial comercial y de conocimiento para actuar en cualquier pa\u00eds del mundo.<\/p>\n<p>Nuestra tecnolog\u00eda est\u00e1 presente en los cinco continentes. Exportamos tecnolog\u00eda de la m\u00e1s alta calidad a m\u00e1s de 30 pa\u00edses. Las principales compa\u00f1ias procesadoras a nivel internacional conf\u00edan en nosotros.<\/p>\n<\/div><\/section><\/div>\n<div  class='flex_column av-av_one_full-2a9015ff38129c418a3f2eafba3e9512 av_one_full  avia-builder-el-2  el_after_av_one_full  avia-builder-el-last  first flex_column_div  column-top-margin'     ><p><br \/>\n<\/p><\/div>\n","protected":false},"excerpt":{"rendered":"","protected":false},"author":1,"featured_media":0,"parent":225,"menu_order":0,"comment_status":"open","ping_status":"closed","template":"","meta":{"footnotes":""},"_links":{"self":[{"href":"https:\/\/incus.es\/es\/wp-json\/wp\/v2\/pages\/296"}],"collection":[{"href":"https:\/\/incus.es\/es\/wp-json\/wp\/v2\/pages"}],"about":[{"href":"https:\/\/incus.es\/es\/wp-json\/wp\/v2\/types\/page"}],"author":[{"embeddable":true,"href":"https:\/\/incus.es\/es\/wp-json\/wp\/v2\/users\/1"}],"replies":[{"embeddable":true,"href":"https:\/\/incus.es\/es\/wp-json\/wp\/v2\/comments?post=296"}],"version-history":[{"count":0,"href":"https:\/\/incus.es\/es\/wp-json\/wp\/v2\/pages\/296\/revisions"}],"up":[{"embeddable":true,"href":"https:\/\/incus.es\/es\/wp-json\/wp\/v2\/pages\/225"}],"wp:attachment":[{"href":"https:\/\/incus.es\/es\/wp-json\/wp\/v2\/media?parent=296"}],"curies":[{"name":"wp","href":"https:\/\/api.w.org\/{rel}","templated":true}]}}