{"id":2948,"date":"2021-04-12T12:51:49","date_gmt":"2021-04-12T12:51:49","guid":{"rendered":"https:\/\/incus.es\/lineas-de-produccion\/descascarado-de-semillas-pipas-de-girasol\/"},"modified":"2021-04-12T12:51:53","modified_gmt":"2021-04-12T12:51:53","slug":"descascarado-de-semillas-pipas-de-girasol","status":"publish","type":"page","link":"https:\/\/incus.es\/es\/lineas-de-produccion\/descascarado-de-semillas-pipas-de-girasol\/","title":{"rendered":"Descascarado de semillas\/pipas de girasol"},"content":{"rendered":"\n<style type=\"text\/css\" data-created_by=\"avia_inline_auto\" id=\"style-css-av-98hc9o-f22c6ebdcdc2e6f7c8a470f740d504f3\">\n#top .av-special-heading.av-98hc9o-f22c6ebdcdc2e6f7c8a470f740d504f3{\npadding-bottom:10px;\ncolor:#4f76ad;\nfont-size:35px;\n}\nbody .av-special-heading.av-98hc9o-f22c6ebdcdc2e6f7c8a470f740d504f3 .av-special-heading-tag .heading-char{\nfont-size:25px;\n}\n#top #wrap_all .av-special-heading.av-98hc9o-f22c6ebdcdc2e6f7c8a470f740d504f3 .av-special-heading-tag{\nfont-size:35px;\n}\n.av-special-heading.av-98hc9o-f22c6ebdcdc2e6f7c8a470f740d504f3 .special-heading-inner-border{\nborder-color:#4f76ad;\n}\n.av-special-heading.av-98hc9o-f22c6ebdcdc2e6f7c8a470f740d504f3 .av-subheading{\nfont-size:15px;\n}\n\n@media only screen and (min-width: 480px) and (max-width: 767px){ \n#top #wrap_all .av-special-heading.av-98hc9o-f22c6ebdcdc2e6f7c8a470f740d504f3 .av-special-heading-tag{\nfont-size:0.8em;\n}\n}\n\n@media only screen and (max-width: 479px){ \n#top #wrap_all .av-special-heading.av-98hc9o-f22c6ebdcdc2e6f7c8a470f740d504f3 .av-special-heading-tag{\nfont-size:0.8em;\n}\n}\n<\/style>\n<div  class='av-special-heading av-98hc9o-f22c6ebdcdc2e6f7c8a470f740d504f3 av-special-heading-h2 custom-color-heading blockquote modern-quote modern-centered  avia-builder-el-0  el_before_av_layout_row  avia-builder-el-no-sibling  av-inherit-size'><h2 class='av-special-heading-tag'  itemprop=\"headline\"  >Descascarado de semillas\/pipas de girasol<\/h2><div class='av_custom_color av-subheading av-subheading_below'><p>Separaci\u00f3n de c\u00e1scara de gran eficiencia.<\/p>\n<\/div><div class=\"special-heading-border\"><div class=\"special-heading-inner-border\"><\/div><\/div><\/div>\n<\/div><\/div><\/div><!-- close content main div --><\/div><\/div><div id='av-layout-grid-1'  class='av-layout-grid-container av-w1ddq4-a1c0ede66dc8b1e41be65bddfba33109 entry-content-wrapper main_color av-border-top-bottom av-flex-cells  avia-builder-el-1  el_after_av_heading  el_before_av_section  grid-row-not-first  container_wrap sidebar_right'  >\n\n<style type=\"text\/css\" data-created_by=\"avia_inline_auto\" id=\"style-css-av-v3p3r0-86f9f0d1bcc8d2616035ce588188830f\">\n.flex_cell.av-v3p3r0-86f9f0d1bcc8d2616035ce588188830f{\nvertical-align:middle;\n}\n.responsive #top #wrap_all .flex_cell.av-v3p3r0-86f9f0d1bcc8d2616035ce588188830f{\npadding:30px 30px 30px 30px !important;\n}\n<\/style>\n<div class='flex_cell av-v3p3r0-86f9f0d1bcc8d2616035ce588188830f av-gridrow-cell av_one_half no_margin  avia-builder-el-2  el_before_av_cell_one_half  avia-builder-el-first '  ><div class='flex_cell_inner'><section  class='av_textblock_section av-tbdfjw-fc7c3c5e9aee3d1c06c23c4e519ca4db '   itemscope=\"itemscope\" itemtype=\"https:\/\/schema.org\/CreativeWork\" ><div class='avia_textblock'  itemprop=\"text\" ><p style=\"text-align: center;\">Las l\u00edneas de descascarado incluyen tecnolog\u00eda de gran eficiencia para quitar la c\u00e1scara y separar el grano limpio. Incluyen etapas de calibrado, descascarado, y selecci\u00f3n del grano.<\/p>\n<\/div><\/section>\n<\/div><\/div>\n<style type=\"text\/css\" data-created_by=\"avia_inline_auto\" id=\"style-css-av-rbpwwc-84c83fba23c0f50b95fcfd14d91dd816\">\n.flex_cell.av-rbpwwc-84c83fba23c0f50b95fcfd14d91dd816{\nvertical-align:top;\nbackground-color:#7bb0e7;\n}\n.responsive #top #wrap_all .flex_cell.av-rbpwwc-84c83fba23c0f50b95fcfd14d91dd816{\npadding:30px 0 0 30px !important;\n}\n<\/style>\n<div class='flex_cell av-rbpwwc-84c83fba23c0f50b95fcfd14d91dd816 av-gridrow-cell av_one_half no_margin  avia-builder-el-4  el_after_av_cell_one_half  avia-builder-el-last '  ><div class='flex_cell_inner'>\n<style type=\"text\/css\" data-created_by=\"avia_inline_auto\" id=\"style-css-av-q6rpws-71715d74c2e992b604ebc64a6eb49c3b\">\n#top .av_textblock_section.av-q6rpws-71715d74c2e992b604ebc64a6eb49c3b .avia_textblock{\nfont-size:13px;\ncolor:#ffffff;\n}\n<\/style>\n<section  class='av_textblock_section av-q6rpws-71715d74c2e992b604ebc64a6eb49c3b '   itemscope=\"itemscope\" itemtype=\"https:\/\/schema.org\/CreativeWork\" ><div class='avia_textblock av_inherit_color'  itemprop=\"text\" ><h3>VENTAJAS:<\/h3>\n<ul style=\"list-style: circle outside !important;\">\n<li>Alta eficiencia.<\/li>\n<li>M\u00ednimo da\u00f1o al producto.<\/li>\n<li>Gesti\u00f3n optimizada de producto de retorno.<\/li>\n<\/ul>\n<\/div><\/section>\n<\/div><\/div>\n<\/div>\n\n<style type=\"text\/css\" data-created_by=\"avia_inline_auto\" id=\"style-css-av-nzhmzw-b5a4eaac0868dc1a6854a65b8ffff1ae\">\n.avia-section.av-nzhmzw-b5a4eaac0868dc1a6854a65b8ffff1ae{\nbackground-color:#fcfcfc;\nbackground-image:unset;\n}\n<\/style>\n<div id='av_section_1'  class='avia-section av-nzhmzw-b5a4eaac0868dc1a6854a65b8ffff1ae main_color avia-section-default avia-shadow  avia-builder-el-6  el_after_av_layout_row  el_before_av_layout_row  avia-bg-style-scroll container_wrap sidebar_right'  ><div class='container av-section-cont-open' ><div class='template-page content  av-content-small alpha units'><div class='post-entry post-entry-type-page post-entry-2948'><div class='entry-content-wrapper clearfix'>\n\n<style type=\"text\/css\" data-created_by=\"avia_inline_auto\" id=\"style-css-av-7bmcfw-c5982a96c3ed88dc14cc1278ff477714\">\n#top .av-special-heading.av-7bmcfw-c5982a96c3ed88dc14cc1278ff477714{\npadding-bottom:0;\ncolor:#4f76ad;\nfont-size:25px;\n}\nbody .av-special-heading.av-7bmcfw-c5982a96c3ed88dc14cc1278ff477714 .av-special-heading-tag .heading-char{\nfont-size:25px;\n}\n#top #wrap_all .av-special-heading.av-7bmcfw-c5982a96c3ed88dc14cc1278ff477714 .av-special-heading-tag{\nfont-size:25px;\n}\n.av-special-heading.av-7bmcfw-c5982a96c3ed88dc14cc1278ff477714 .special-heading-inner-border{\nborder-color:#4f76ad;\n}\n.av-special-heading.av-7bmcfw-c5982a96c3ed88dc14cc1278ff477714 .av-subheading{\nfont-size:15px;\n}\n\n@media only screen and (min-width: 480px) and (max-width: 767px){ \n#top #wrap_all .av-special-heading.av-7bmcfw-c5982a96c3ed88dc14cc1278ff477714 .av-special-heading-tag{\nfont-size:0.8em;\n}\n}\n\n@media only screen and (max-width: 479px){ \n#top #wrap_all .av-special-heading.av-7bmcfw-c5982a96c3ed88dc14cc1278ff477714 .av-special-heading-tag{\nfont-size:0.8em;\n}\n}\n<\/style>\n<div  class='av-special-heading av-7bmcfw-c5982a96c3ed88dc14cc1278ff477714 av-special-heading-h2 custom-color-heading blockquote modern-quote modern-centered  avia-builder-el-7  el_before_av_hr  avia-builder-el-first  av-thin-font av-inherit-size'><h2 class='av-special-heading-tag'  itemprop=\"headline\"  ><strong>Productos<\/strong> procesados<\/h2><div class=\"special-heading-border\"><div class=\"special-heading-inner-border\"><\/div><\/div><\/div>\n\n<style type=\"text\/css\" data-created_by=\"avia_inline_auto\" id=\"style-css-av-241il8-df5b35edc53383858f3f80d959725155\">\n#top .hr.av-241il8-df5b35edc53383858f3f80d959725155{\nmargin-top:5px;\nmargin-bottom:10px;\n}\n.hr.av-241il8-df5b35edc53383858f3f80d959725155 .hr-inner{\nwidth:30%;\nmax-width:45%;\n}\n<\/style>\n<div  class='hr av-241il8-df5b35edc53383858f3f80d959725155 hr-custom  avia-builder-el-8  el_after_av_heading  el_before_av_one_third  hr-center hr-icon-yes'><span class='hr-inner inner-border-av-border-thin'><span class=\"hr-inner-style\"><\/span><\/span><span class='av-seperator-icon' aria-hidden='true' data-av_icon='\ue8bd' data-av_iconfont='entypo-fontello'><\/span><span class='hr-inner inner-border-av-border-thin'><span class=\"hr-inner-style\"><\/span><\/span><\/div>\n<div  class='flex_column av-j45p24-21afe6bc1569377fcccd77de9288bc42 av_one_third  avia-builder-el-9  el_after_av_hr  el_before_av_one_third  first flex_column_div  '     ><\/div>\n<style type=\"text\/css\" data-created_by=\"avia_inline_auto\" id=\"style-css-av-hdqtpo-f3107e5a0cffdc7634468b52255cefb0\">\n.flex_column.av-hdqtpo-f3107e5a0cffdc7634468b52255cefb0{\nborder-radius:0px 0px 0px 0px;\npadding:0px 0px 0px 0px;\n}\n<\/style>\n<div  class='flex_column av-hdqtpo-f3107e5a0cffdc7634468b52255cefb0 av_one_third  avia-builder-el-10  el_after_av_one_third  el_before_av_one_third  flex_column_div av-zero-column-padding  '     ><p>\n<style type=\"text\/css\" data-created_by=\"avia_inline_auto\" id=\"style-css-av-m7psc-9413a63695f046ac7efc55c854f9bec3\">\n.av_font_icon.av-m7psc-9413a63695f046ac7efc55c854f9bec3{\ncolor:#2d5c88;\nborder-color:#2d5c88;\n}\n.av_font_icon.av-m7psc-9413a63695f046ac7efc55c854f9bec3 .av-icon-char{\nfont-size:60px;\nline-height:60px;\n}\n<\/style>\n<span  class='av_font_icon av-m7psc-9413a63695f046ac7efc55c854f9bec3 avia_animate_when_visible av-icon-style- avia-icon-pos-center avia-icon-animate'><a href='https:\/\/incus.es\/industry\/sunflower-seeds\/'   class='av-icon-char' aria-hidden='true' data-av_icon='\ue80c' data-av_iconfont='fontello' ><\/a><\/span><br \/>\n\n<style type=\"text\/css\" data-created_by=\"avia_inline_auto\" id=\"style-css-av-dpqlgs-9e8697e36feb62160a776d8331da5f05\">\n#top .hr.hr-invisible.av-dpqlgs-9e8697e36feb62160a776d8331da5f05{\nheight:15px;\n}\n<\/style>\n<div  class='hr av-dpqlgs-9e8697e36feb62160a776d8331da5f05 hr-invisible  avia-builder-el-12  el_after_av_font_icon  el_before_av_textblock '><span class='hr-inner '><span class=\"hr-inner-style\"><\/span><\/span><\/div><br \/>\n\n<style type=\"text\/css\" data-created_by=\"avia_inline_auto\" id=\"style-css-av-c707to-0d1f8a1386b43a2931fa98af08245d59\">\n#top .av_textblock_section.av-c707to-0d1f8a1386b43a2931fa98af08245d59 .avia_textblock{\ncolor:#305698;\n}\n<\/style>\n<section  class='av_textblock_section av-c707to-0d1f8a1386b43a2931fa98af08245d59 '   itemscope=\"itemscope\" itemtype=\"https:\/\/schema.org\/CreativeWork\" ><div class='avia_textblock av_inherit_color'  itemprop=\"text\" ><p>Pipas de girasol<\/p>\n<\/div><\/section><\/p><\/div>\n<style type=\"text\/css\" data-created_by=\"avia_inline_auto\" id=\"style-css-av-bd79a4-b883b5eea6af62557c7707918f4eeea4\">\n.flex_column.av-bd79a4-b883b5eea6af62557c7707918f4eeea4{\nborder-radius:0px 0px 0px 0px;\npadding:0px 0px 0px 0px;\n}\n<\/style>\n<div  class='flex_column av-bd79a4-b883b5eea6af62557c7707918f4eeea4 av_one_third  avia-builder-el-14  el_after_av_one_third  avia-builder-el-last  flex_column_div av-zero-column-padding  '     ><\/div><\/div><\/div><\/div><!-- close content main div --><\/div><\/div><div id='av-layout-grid-2'  class='av-layout-grid-container av-9wf6i4-8848a45957edb9dadb395afdc457ddf9 entry-content-wrapper main_color av-flex-cells  avia-builder-el-15  el_after_av_section  avia-builder-el-last  grid-row-not-first  container_wrap sidebar_right'  >\n\n<style type=\"text\/css\" data-created_by=\"avia_inline_auto\" id=\"style-css-av-7rhbzw-385b06b6563f43db7c590eb255580b56\">\n.flex_cell.av-7rhbzw-385b06b6563f43db7c590eb255580b56{\nvertical-align:top;\n}\n.responsive #top #wrap_all .flex_cell.av-7rhbzw-385b06b6563f43db7c590eb255580b56{\npadding:30px 30px 30px 30px !important;\n}\n<\/style>\n<div class='flex_cell av-7rhbzw-385b06b6563f43db7c590eb255580b56 av-gridrow-cell av_one_half no_margin  avia-builder-el-16  el_before_av_cell_one_half  avia-builder-el-first '  ><div class='flex_cell_inner'><div  class='avia-button-wrap avia-button-center  avia-builder-el-17  avia-builder-el-no-sibling '>\n<style type=\"text\/css\" data-created_by=\"avia_inline_auto\" id=\"style-css-av-41a88s-35560ba0b1a8e88e1edf3dddaa70e716\">\n#top #wrap_all .avia-button.av-41a88s-35560ba0b1a8e88e1edf3dddaa70e716{\ncolor:#ffffff;\ntransition:all 0.4s ease-in-out;\n}\n#top #wrap_all .avia-button.av-41a88s-35560ba0b1a8e88e1edf3dddaa70e716:hover{\nbackground-color:#3e90e8;\ncolor:#ffffff;\ntransition:all 0.4s ease-in-out;\n}\n<\/style>\n<a href='https:\/\/incus.es\/processing-line\/sunflower-seeds-shelling-line\/' class='av-icon-on-hover avia-color-theme-color avia-button avia-button-fullwidth av-41a88s-35560ba0b1a8e88e1edf3dddaa70e716 avia-icon_select-yes-left-icon avia-color-theme-color'  ><span class='avia_button_icon avia_button_icon_left' aria-hidden='true' data-av_icon='\ue855' data-av_iconfont='entypo-fontello'><\/span><span class='avia_iconbox_title' >M\u00e1quinas incluidas<\/span><div class='av-button-description av-button-description-below'><p>M\u00e1quinas para Descascarado de semillas\/pipas de girasol<\/p>\n<\/div><\/a><\/div>\n<\/div><\/div>\n<style type=\"text\/css\" data-created_by=\"avia_inline_auto\" id=\"style-css-av-4dpz2k-7e9792d33b37456fb19e027cc74e457b\">\n.flex_cell.av-4dpz2k-7e9792d33b37456fb19e027cc74e457b{\nvertical-align:top;\n}\n.responsive #top #wrap_all .flex_cell.av-4dpz2k-7e9792d33b37456fb19e027cc74e457b{\npadding:30px 30px 30px 30px !important;\n}\n<\/style>\n<div class='flex_cell av-4dpz2k-7e9792d33b37456fb19e027cc74e457b av-gridrow-cell av_one_half no_margin  avia-builder-el-18  el_after_av_cell_one_half  avia-builder-el-last '  ><div class='flex_cell_inner'><div  class='avia-button-wrap avia-button-center  avia-builder-el-19  avia-builder-el-no-sibling '>\n<style type=\"text\/css\" data-created_by=\"avia_inline_auto\" id=\"style-css-av-38yfa4-a2ba1a526308ab6f19333537efac1a2c\">\n#top #wrap_all .avia-button.av-38yfa4-a2ba1a526308ab6f19333537efac1a2c{\ncolor:#ffffff;\ntransition:all 0.4s ease-in-out;\n}\n#top #wrap_all .avia-button.av-38yfa4-a2ba1a526308ab6f19333537efac1a2c:hover{\nbackground-color:#3e90e8;\ncolor:#ffffff;\ntransition:all 0.4s ease-in-out;\n}\n<\/style>\n<a href='https:\/\/incus.es\/contact\/' class='av-icon-on-hover avia-color-theme-color avia-button avia-button-fullwidth av-38yfa4-a2ba1a526308ab6f19333537efac1a2c avia-icon_select-yes-left-icon avia-color-theme-color'  ><span class='avia_button_icon avia_button_icon_left' aria-hidden='true' data-av_icon='\ue81c' data-av_iconfont='entypo-fontello'><\/span><span class='avia_iconbox_title' >\u00bfNecesitas m\u00e1s informaci\u00f3n?<\/span><div class='av-button-description av-button-description-below'><p>\u00a1Cont\u00e1ctanos!<\/p>\n<\/div><\/a><\/div>\n<\/div><\/div><\/div><\/p>\n","protected":false},"excerpt":{"rendered":"","protected":false},"author":1,"featured_media":0,"parent":1784,"menu_order":0,"comment_status":"closed","ping_status":"closed","template":"","meta":{"footnotes":""},"_links":{"self":[{"href":"https:\/\/incus.es\/es\/wp-json\/wp\/v2\/pages\/2948"}],"collection":[{"href":"https:\/\/incus.es\/es\/wp-json\/wp\/v2\/pages"}],"about":[{"href":"https:\/\/incus.es\/es\/wp-json\/wp\/v2\/types\/page"}],"author":[{"embeddable":true,"href":"https:\/\/incus.es\/es\/wp-json\/wp\/v2\/users\/1"}],"replies":[{"embeddable":true,"href":"https:\/\/incus.es\/es\/wp-json\/wp\/v2\/comments?post=2948"}],"version-history":[{"count":0,"href":"https:\/\/incus.es\/es\/wp-json\/wp\/v2\/pages\/2948\/revisions"}],"up":[{"embeddable":true,"href":"https:\/\/incus.es\/es\/wp-json\/wp\/v2\/pages\/1784"}],"wp:attachment":[{"href":"https:\/\/incus.es\/es\/wp-json\/wp\/v2\/media?parent=2948"}],"curies":[{"name":"wp","href":"https:\/\/api.w.org\/{rel}","templated":true}]}}