{"id":2897,"date":"2021-04-12T12:37:24","date_gmt":"2021-04-12T12:37:24","guid":{"rendered":"https:\/\/incus.es\/lineas-de-produccion\/praline-crocanti\/"},"modified":"2021-04-12T12:37:26","modified_gmt":"2021-04-12T12:37:26","slug":"praline-crocanti","status":"publish","type":"page","link":"https:\/\/incus.es\/es\/lineas-de-produccion\/praline-crocanti\/","title":{"rendered":"Pralin\u00e9 &#8211; Crocanti"},"content":{"rendered":"\n<style type=\"text\/css\" data-created_by=\"avia_inline_auto\" id=\"style-css-av-48wi7-214424769611323dc6786fe95ff251dc\">\n#top .av-special-heading.av-48wi7-214424769611323dc6786fe95ff251dc{\npadding-bottom:10px;\ncolor:#4f76ad;\nfont-size:35px;\n}\nbody .av-special-heading.av-48wi7-214424769611323dc6786fe95ff251dc .av-special-heading-tag .heading-char{\nfont-size:25px;\n}\n#top #wrap_all .av-special-heading.av-48wi7-214424769611323dc6786fe95ff251dc .av-special-heading-tag{\nfont-size:35px;\n}\n.av-special-heading.av-48wi7-214424769611323dc6786fe95ff251dc .special-heading-inner-border{\nborder-color:#4f76ad;\n}\n.av-special-heading.av-48wi7-214424769611323dc6786fe95ff251dc .av-subheading{\nfont-size:15px;\n}\n\n@media only screen and (min-width: 480px) and (max-width: 767px){ \n#top #wrap_all .av-special-heading.av-48wi7-214424769611323dc6786fe95ff251dc .av-special-heading-tag{\nfont-size:0.8em;\n}\n}\n\n@media only screen and (max-width: 479px){ \n#top #wrap_all .av-special-heading.av-48wi7-214424769611323dc6786fe95ff251dc .av-special-heading-tag{\nfont-size:0.8em;\n}\n}\n<\/style>\n<div  class='av-special-heading av-48wi7-214424769611323dc6786fe95ff251dc av-special-heading-h2 custom-color-heading blockquote modern-quote modern-centered  avia-builder-el-0  el_before_av_section  avia-builder-el-no-sibling  av-inherit-size'><h2 class='av-special-heading-tag'  itemprop=\"headline\"  >Pralin\u00e9 &#8211; Crocanti<\/h2><div class=\"special-heading-border\"><div class=\"special-heading-inner-border\"><\/div><\/div><\/div>\n<\/div><\/div><\/div><!-- close content main div --><\/div><\/div><div id='av_section_1'  class='avia-section av-4d2xt3-834464a84c9964e0585a10a5ed2a7b62 main_color avia-section-no-padding avia-no-border-styling  avia-builder-el-1  el_after_av_heading  el_before_av_layout_row  avia-bg-style-scroll container_wrap sidebar_right'  ><div class='container av-section-cont-open' ><div class='template-page content  av-content-small alpha units'><div class='post-entry post-entry-type-page post-entry-2897'><div class='entry-content-wrapper clearfix'>\n\n<style type=\"text\/css\" data-created_by=\"avia_inline_auto\" id=\"style-css-av-47hi9j-143b4f5b38ea4fb48136b21af84de5da\">\n.avia-image-container.av-47hi9j-143b4f5b38ea4fb48136b21af84de5da img.avia_image{\nbox-shadow:none;\n}\n.avia-image-container.av-47hi9j-143b4f5b38ea4fb48136b21af84de5da .av-image-caption-overlay-center{\ncolor:#ffffff;\n}\n<\/style>\n<div  class='avia-image-container av-47hi9j-143b4f5b38ea4fb48136b21af84de5da av-styling- avia-align-center  avia-builder-el-2  avia-builder-el-no-sibling '   itemprop=\"image\" itemscope=\"itemscope\" itemtype=\"https:\/\/schema.org\/ImageObject\" ><div class=\"avia-image-container-inner\"><div class=\"avia-image-overlay-wrap\"><img decoding=\"async\" class='wp-image-3367 avia-img-lazy-loading-not-3367 avia_image ' src=\"https:\/\/incus.es\/wp-content\/uploads\/2016\/10\/cleaning_line-1030x580.jpg\" alt='' title='cleaning_line'  height=\"580\" width=\"1030\"  itemprop=\"thumbnailUrl\" srcset=\"https:\/\/incus.es\/wp-content\/uploads\/2016\/10\/cleaning_line-1030x580.jpg 1030w, https:\/\/incus.es\/wp-content\/uploads\/2016\/10\/cleaning_line-300x169.jpg 300w, https:\/\/incus.es\/wp-content\/uploads\/2016\/10\/cleaning_line-768x432.jpg 768w, https:\/\/incus.es\/wp-content\/uploads\/2016\/10\/cleaning_line.jpg 1500w, https:\/\/incus.es\/wp-content\/uploads\/2016\/10\/cleaning_line-705x397.jpg 705w, https:\/\/incus.es\/wp-content\/uploads\/2016\/10\/cleaning_line-450x253.jpg 450w, https:\/\/incus.es\/wp-content\/uploads\/2016\/10\/cleaning_line-500x281.jpg 500w, https:\/\/incus.es\/wp-content\/uploads\/2016\/10\/cleaning_line-250x141.jpg 250w\" sizes=\"(max-width: 1030px) 100vw, 1030px\" \/><\/div><\/div><\/div>\n\n<\/div><\/div><\/div><!-- close content main div --><\/div><\/div><div id='av-layout-grid-1'  class='av-layout-grid-container av-41kprr-f2d9e7eabd40b4244a30e557804c5eb9 entry-content-wrapper main_color av-border-top-bottom av-flex-cells  avia-builder-el-3  el_after_av_section  el_before_av_section  grid-row-not-first  container_wrap sidebar_right'  >\n\n<style type=\"text\/css\" data-created_by=\"avia_inline_auto\" id=\"style-css-av-3u78o7-57d119198f969976e49515962a419b1b\">\n.flex_cell.av-3u78o7-57d119198f969976e49515962a419b1b{\nvertical-align:top;\n}\n.responsive #top #wrap_all .flex_cell.av-3u78o7-57d119198f969976e49515962a419b1b{\npadding:30px 30px 30px 30px !important;\n}\n<\/style>\n<div class='flex_cell av-3u78o7-57d119198f969976e49515962a419b1b av-gridrow-cell av_one_half no_margin  avia-builder-el-4  el_before_av_cell_one_half  avia-builder-el-first '  ><div class='flex_cell_inner'><section  class='av_textblock_section av-3ot83r-9f87d6068b6d479f5403bdffe6cc434a '   itemscope=\"itemscope\" itemtype=\"https:\/\/schema.org\/CreativeWork\" ><div class='avia_textblock'  itemprop=\"text\" ><p style=\"text-align: center;\">Nuestros equipos producen los m\u00e1s finos productos de pralin\u00e9 y crocanti en diferentes tama\u00f1os de granillo, polvo y pasta.<\/p>\n<\/div><\/section>\n<\/div><\/div>\n<style type=\"text\/css\" data-created_by=\"avia_inline_auto\" id=\"style-css-av-3msozr-53d8ec15305d3fe77827a775f7d0a41d\">\n.flex_cell.av-3msozr-53d8ec15305d3fe77827a775f7d0a41d{\nvertical-align:middle;\nbackground-color:#7bb0e7;\n}\n.responsive #top #wrap_all .flex_cell.av-3msozr-53d8ec15305d3fe77827a775f7d0a41d{\npadding:0px 0px 0px 0px !important;\n}\n<\/style>\n<div class='flex_cell av-3msozr-53d8ec15305d3fe77827a775f7d0a41d av-gridrow-cell av_one_half no_margin  avia-builder-el-6  el_after_av_cell_one_half  avia-builder-el-last  av-zero-padding'  ><div class='flex_cell_inner'><\/div><\/div>\n<\/div>\n\n<style type=\"text\/css\" data-created_by=\"avia_inline_auto\" id=\"style-css-av-3eiqwv-c04ea54437b222fa5017039ed400d112\">\n.avia-section.av-3eiqwv-c04ea54437b222fa5017039ed400d112{\nbackground-color:#fcfcfc;\nbackground-image:unset;\n}\n<\/style>\n<div id='av_section_2'  class='avia-section av-3eiqwv-c04ea54437b222fa5017039ed400d112 main_color avia-section-default avia-shadow  avia-builder-el-7  el_after_av_layout_row  el_before_av_layout_row  avia-bg-style-scroll container_wrap sidebar_right'  ><div class='container av-section-cont-open' ><div class='template-page content  av-content-small alpha units'><div class='post-entry post-entry-type-page post-entry-2897'><div class='entry-content-wrapper clearfix'>\n\n<style type=\"text\/css\" data-created_by=\"avia_inline_auto\" id=\"style-css-av-11fk7z-2ff4c69605b6dd13df12a33172dfb64e\">\n#top .av-special-heading.av-11fk7z-2ff4c69605b6dd13df12a33172dfb64e{\npadding-bottom:0;\ncolor:#4f76ad;\nfont-size:25px;\n}\nbody .av-special-heading.av-11fk7z-2ff4c69605b6dd13df12a33172dfb64e .av-special-heading-tag .heading-char{\nfont-size:25px;\n}\n#top #wrap_all .av-special-heading.av-11fk7z-2ff4c69605b6dd13df12a33172dfb64e .av-special-heading-tag{\nfont-size:25px;\n}\n.av-special-heading.av-11fk7z-2ff4c69605b6dd13df12a33172dfb64e .special-heading-inner-border{\nborder-color:#4f76ad;\n}\n.av-special-heading.av-11fk7z-2ff4c69605b6dd13df12a33172dfb64e .av-subheading{\nfont-size:15px;\n}\n\n@media only screen and (min-width: 480px) and (max-width: 767px){ \n#top #wrap_all .av-special-heading.av-11fk7z-2ff4c69605b6dd13df12a33172dfb64e .av-special-heading-tag{\nfont-size:0.8em;\n}\n}\n\n@media only screen and (max-width: 479px){ \n#top #wrap_all .av-special-heading.av-11fk7z-2ff4c69605b6dd13df12a33172dfb64e .av-special-heading-tag{\nfont-size:0.8em;\n}\n}\n<\/style>\n<div  class='av-special-heading av-11fk7z-2ff4c69605b6dd13df12a33172dfb64e av-special-heading-h2 custom-color-heading blockquote modern-quote modern-centered  avia-builder-el-8  el_before_av_hr  avia-builder-el-first  av-thin-font av-inherit-size'><h2 class='av-special-heading-tag'  itemprop=\"headline\"  ><strong>Productos<\/strong> procesados<\/h2><div class=\"special-heading-border\"><div class=\"special-heading-inner-border\"><\/div><\/div><\/div>\n\n<style type=\"text\/css\" data-created_by=\"avia_inline_auto\" id=\"style-css-av-33hv3r-5148713832dd46927f842af4e4c8faaf\">\n#top .hr.av-33hv3r-5148713832dd46927f842af4e4c8faaf{\nmargin-top:5px;\nmargin-bottom:10px;\n}\n.hr.av-33hv3r-5148713832dd46927f842af4e4c8faaf .hr-inner{\nwidth:30%;\nmax-width:45%;\n}\n<\/style>\n<div  class='hr av-33hv3r-5148713832dd46927f842af4e4c8faaf hr-custom  avia-builder-el-9  el_after_av_heading  el_before_av_one_third  hr-center hr-icon-yes'><span class='hr-inner inner-border-av-border-thin'><span class=\"hr-inner-style\"><\/span><\/span><span class='av-seperator-icon' aria-hidden='true' data-av_icon='\ue8bd' data-av_iconfont='entypo-fontello'><\/span><span class='hr-inner inner-border-av-border-thin'><span class=\"hr-inner-style\"><\/span><\/span><\/div>\n<div  class='flex_column av-2v2027-31ae7b87952b76b244ef199052de6487 av_one_third  avia-builder-el-10  el_after_av_hr  el_before_av_one_third  first flex_column_div  '     ><p>\n<style type=\"text\/css\" data-created_by=\"avia_inline_auto\" id=\"style-css-av-vcqwn-393c4aab09408c7d040c5fa19ecde0b1\">\n.av_font_icon.av-vcqwn-393c4aab09408c7d040c5fa19ecde0b1{\ncolor:#2d5c88;\nborder-color:#2d5c88;\n}\n.av_font_icon.av-vcqwn-393c4aab09408c7d040c5fa19ecde0b1 .av-icon-char{\nfont-size:60px;\nline-height:60px;\n}\n<\/style>\n<span  class='av_font_icon av-vcqwn-393c4aab09408c7d040c5fa19ecde0b1 avia_animate_when_visible av-icon-style- avia-icon-pos-center avia-icon-animate'><a href='https:\/\/incus.es\/industry\/almond\/'   class='av-icon-char' aria-hidden='true' data-av_icon='\ue800' data-av_iconfont='fontello' ><\/a><\/span><br \/>\n\n<style type=\"text\/css\" data-created_by=\"avia_inline_auto\" id=\"style-css-av-9hjef-fbd5f0d2740ad21c3eb207e3b93b58c4\">\n#top .hr.hr-invisible.av-9hjef-fbd5f0d2740ad21c3eb207e3b93b58c4{\nheight:15px;\n}\n<\/style>\n<div  class='hr av-9hjef-fbd5f0d2740ad21c3eb207e3b93b58c4 hr-invisible  avia-builder-el-12  el_after_av_font_icon  el_before_av_textblock '><span class='hr-inner '><span class=\"hr-inner-style\"><\/span><\/span><\/div><br \/>\n\n<style type=\"text\/css\" data-created_by=\"avia_inline_auto\" id=\"style-css-av-2dl6pr-fc8b1b815432880f80f3fe5fd65baa34\">\n#top .av_textblock_section.av-2dl6pr-fc8b1b815432880f80f3fe5fd65baa34 .avia_textblock{\ncolor:#305698;\n}\n<\/style>\n<section  class='av_textblock_section av-2dl6pr-fc8b1b815432880f80f3fe5fd65baa34 '   itemscope=\"itemscope\" itemtype=\"https:\/\/schema.org\/CreativeWork\" ><div class='avia_textblock av_inherit_color'  itemprop=\"text\" ><p>Almendras<\/p>\n<\/div><\/section><\/p><\/div>\n<style type=\"text\/css\" data-created_by=\"avia_inline_auto\" id=\"style-css-av-27h33r-0554331fc9fa315bad7e1624c928b5e7\">\n.flex_column.av-27h33r-0554331fc9fa315bad7e1624c928b5e7{\nborder-radius:0px 0px 0px 0px;\npadding:0px 0px 0px 0px;\n}\n<\/style>\n<div  class='flex_column av-27h33r-0554331fc9fa315bad7e1624c928b5e7 av_one_third  avia-builder-el-14  el_after_av_one_third  el_before_av_one_third  flex_column_div av-zero-column-padding  '     ><p>\n<style type=\"text\/css\" data-created_by=\"avia_inline_auto\" id=\"style-css-av-s3wvz-0f94b031eb065610c6a448cebf518f7d\">\n.av_font_icon.av-s3wvz-0f94b031eb065610c6a448cebf518f7d{\ncolor:#2d5c88;\nborder-color:#2d5c88;\n}\n.av_font_icon.av-s3wvz-0f94b031eb065610c6a448cebf518f7d .av-icon-char{\nfont-size:60px;\nline-height:60px;\n}\n<\/style>\n<span  class='av_font_icon av-s3wvz-0f94b031eb065610c6a448cebf518f7d avia_animate_when_visible av-icon-style- avia-icon-pos-center avia-icon-animate'><a href='https:\/\/incus.es\/industry\/chestnut\/'   class='av-icon-char' aria-hidden='true' data-av_icon='\ue806' data-av_iconfont='fontello' ><\/a><\/span><br \/>\n\n<style type=\"text\/css\" data-created_by=\"avia_inline_auto\" id=\"style-css-av-1xtcl3-8acb5cf5d0239a5261922fe9206038c3\">\n#top .hr.hr-invisible.av-1xtcl3-8acb5cf5d0239a5261922fe9206038c3{\nheight:15px;\n}\n<\/style>\n<div  class='hr av-1xtcl3-8acb5cf5d0239a5261922fe9206038c3 hr-invisible  avia-builder-el-16  el_after_av_font_icon  el_before_av_textblock '><span class='hr-inner '><span class=\"hr-inner-style\"><\/span><\/span><\/div><br \/>\n\n<style type=\"text\/css\" data-created_by=\"avia_inline_auto\" id=\"style-css-av-1rpjrz-9afd1004d29aeb1b8d02902e80d8a027\">\n#top .av_textblock_section.av-1rpjrz-9afd1004d29aeb1b8d02902e80d8a027 .avia_textblock{\ncolor:#305698;\n}\n<\/style>\n<section  class='av_textblock_section av-1rpjrz-9afd1004d29aeb1b8d02902e80d8a027 '   itemscope=\"itemscope\" itemtype=\"https:\/\/schema.org\/CreativeWork\" ><div class='avia_textblock av_inherit_color'  itemprop=\"text\" ><p>Casta\u00f1as<\/p>\n<\/div><\/section><\/p><\/div>\n<style type=\"text\/css\" data-created_by=\"avia_inline_auto\" id=\"style-css-av-1jay9b-f5aee8405635a2ac62d81fbf27cb1b69\">\n.flex_column.av-1jay9b-f5aee8405635a2ac62d81fbf27cb1b69{\nborder-radius:0px 0px 0px 0px;\npadding:0px 0px 0px 0px;\n}\n<\/style>\n<div  class='flex_column av-1jay9b-f5aee8405635a2ac62d81fbf27cb1b69 av_one_third  avia-builder-el-18  el_after_av_one_third  avia-builder-el-last  flex_column_div av-zero-column-padding  '     ><p>\n<style type=\"text\/css\" data-created_by=\"avia_inline_auto\" id=\"style-css-av-imirj-96c139f570c053cee2fad41fdc7f0c4e\">\n.av_font_icon.av-imirj-96c139f570c053cee2fad41fdc7f0c4e{\ncolor:#2d5c88;\nborder-color:#2d5c88;\n}\n.av_font_icon.av-imirj-96c139f570c053cee2fad41fdc7f0c4e .av-icon-char{\nfont-size:60px;\nline-height:60px;\n}\n<\/style>\n<span  class='av_font_icon av-imirj-96c139f570c053cee2fad41fdc7f0c4e avia_animate_when_visible av-icon-style- avia-icon-pos-center avia-icon-animate'><a href='https:\/\/incus.es\/industry\/pistachio\/'   class='av-icon-char' aria-hidden='true' data-av_icon='\ue80b' data-av_iconfont='fontello' ><\/a><\/span><br \/>\n\n<style type=\"text\/css\" data-created_by=\"avia_inline_auto\" id=\"style-css-av-4cyc7-d5b3eb183988aca1389885bf180bee40\">\n#top .hr.hr-invisible.av-4cyc7-d5b3eb183988aca1389885bf180bee40{\nheight:15px;\n}\n<\/style>\n<div  class='hr av-4cyc7-d5b3eb183988aca1389885bf180bee40 hr-invisible  avia-builder-el-20  el_after_av_font_icon  el_before_av_textblock '><span class='hr-inner '><span class=\"hr-inner-style\"><\/span><\/span><\/div><br \/>\n\n<style type=\"text\/css\" data-created_by=\"avia_inline_auto\" id=\"style-css-av-11k29b-60335e31779bb7c4d00a85b74741b5d1\">\n#top .av_textblock_section.av-11k29b-60335e31779bb7c4d00a85b74741b5d1 .avia_textblock{\ncolor:#305698;\n}\n<\/style>\n<section  class='av_textblock_section av-11k29b-60335e31779bb7c4d00a85b74741b5d1 '   itemscope=\"itemscope\" itemtype=\"https:\/\/schema.org\/CreativeWork\" ><div class='avia_textblock av_inherit_color'  itemprop=\"text\" ><p>Pistachos<\/p>\n<\/div><\/section><\/p><\/div><\/div><\/div><\/div><!-- close content main div --><\/div><\/div><div id='av-layout-grid-2'  class='av-layout-grid-container av-x1fbj-681dd7550ac411b351c6a0b56cc8e5c7 entry-content-wrapper main_color av-flex-cells  avia-builder-el-22  el_after_av_section  avia-builder-el-last  grid-row-not-first  container_wrap sidebar_right'  >\n\n<style type=\"text\/css\" data-created_by=\"avia_inline_auto\" id=\"style-css-av-rkh1j-cad58f96d6d292436aad306fd2b0d1b4\">\n.flex_cell.av-rkh1j-cad58f96d6d292436aad306fd2b0d1b4{\nvertical-align:top;\n}\n.responsive #top #wrap_all .flex_cell.av-rkh1j-cad58f96d6d292436aad306fd2b0d1b4{\npadding:30px 30px 30px 30px !important;\n}\n<\/style>\n<div class='flex_cell av-rkh1j-cad58f96d6d292436aad306fd2b0d1b4 av-gridrow-cell av_one_half no_margin  avia-builder-el-23  el_before_av_cell_one_half  avia-builder-el-first '  ><div class='flex_cell_inner'><div  class='avia-button-wrap avia-button-center  avia-builder-el-24  avia-builder-el-no-sibling '>\n<style type=\"text\/css\" data-created_by=\"avia_inline_auto\" id=\"style-css-av-gpkif-094c4b8020b02691a81516785ec5491e\">\n#top #wrap_all .avia-button.av-gpkif-094c4b8020b02691a81516785ec5491e{\ncolor:#ffffff;\ntransition:all 0.4s ease-in-out;\n}\n#top #wrap_all .avia-button.av-gpkif-094c4b8020b02691a81516785ec5491e:hover{\nbackground-color:#3e90e8;\ncolor:#ffffff;\ntransition:all 0.4s ease-in-out;\n}\n<\/style>\n<a href='https:\/\/incus.es\/processing-line\/praline-crocanti-line\/' class='av-icon-on-hover avia-color-theme-color avia-button avia-button-fullwidth av-gpkif-094c4b8020b02691a81516785ec5491e avia-icon_select-yes-left-icon avia-color-theme-color'  ><span class='avia_button_icon avia_button_icon_left' aria-hidden='true' data-av_icon='\ue855' data-av_iconfont='entypo-fontello'><\/span><span class='avia_iconbox_title' >M\u00e1quinas incluidas<\/span><div class='av-button-description av-button-description-below'><p>M\u00e1quinas para Pralin\u00e9 &#8211; Crocanti<\/p>\n<\/div><\/a><\/div>\n<\/div><\/div>\n<style type=\"text\/css\" data-created_by=\"avia_inline_auto\" id=\"style-css-av-dhofz-cb1edb76ff99a0dcd74938b4672f6039\">\n.flex_cell.av-dhofz-cb1edb76ff99a0dcd74938b4672f6039{\nvertical-align:top;\n}\n.responsive #top #wrap_all .flex_cell.av-dhofz-cb1edb76ff99a0dcd74938b4672f6039{\npadding:30px 30px 30px 30px !important;\n}\n<\/style>\n<div class='flex_cell av-dhofz-cb1edb76ff99a0dcd74938b4672f6039 av-gridrow-cell av_one_half no_margin  avia-builder-el-25  el_after_av_cell_one_half  avia-builder-el-last '  ><div class='flex_cell_inner'><div  class='avia-button-wrap avia-button-center  avia-builder-el-26  avia-builder-el-no-sibling '>\n<style type=\"text\/css\" data-created_by=\"avia_inline_auto\" id=\"style-css-av-bj6mv-62d6865db2f2be1c20b98f1e9f21a549\">\n#top #wrap_all .avia-button.av-bj6mv-62d6865db2f2be1c20b98f1e9f21a549{\ncolor:#ffffff;\ntransition:all 0.4s ease-in-out;\n}\n#top #wrap_all .avia-button.av-bj6mv-62d6865db2f2be1c20b98f1e9f21a549:hover{\nbackground-color:#3e90e8;\ncolor:#ffffff;\ntransition:all 0.4s ease-in-out;\n}\n<\/style>\n<a href='https:\/\/incus.es\/contact\/' class='av-icon-on-hover avia-color-theme-color avia-button avia-button-fullwidth av-bj6mv-62d6865db2f2be1c20b98f1e9f21a549 avia-icon_select-yes-left-icon avia-color-theme-color'  ><span class='avia_button_icon avia_button_icon_left' aria-hidden='true' data-av_icon='\ue81c' data-av_iconfont='entypo-fontello'><\/span><span class='avia_iconbox_title' >\u00bfNecesitas m\u00e1s informaci\u00f3n?<\/span><div class='av-button-description av-button-description-below'><p>\u00a1Cont\u00e1ctanos!<\/p>\n<\/div><\/a><\/div>\n<\/div><\/div><\/div><\/p>\n","protected":false},"excerpt":{"rendered":"","protected":false},"author":1,"featured_media":0,"parent":1784,"menu_order":0,"comment_status":"open","ping_status":"closed","template":"","meta":{"footnotes":""},"_links":{"self":[{"href":"https:\/\/incus.es\/es\/wp-json\/wp\/v2\/pages\/2897"}],"collection":[{"href":"https:\/\/incus.es\/es\/wp-json\/wp\/v2\/pages"}],"about":[{"href":"https:\/\/incus.es\/es\/wp-json\/wp\/v2\/types\/page"}],"author":[{"embeddable":true,"href":"https:\/\/incus.es\/es\/wp-json\/wp\/v2\/users\/1"}],"replies":[{"embeddable":true,"href":"https:\/\/incus.es\/es\/wp-json\/wp\/v2\/comments?post=2897"}],"version-history":[{"count":0,"href":"https:\/\/incus.es\/es\/wp-json\/wp\/v2\/pages\/2897\/revisions"}],"up":[{"embeddable":true,"href":"https:\/\/incus.es\/es\/wp-json\/wp\/v2\/pages\/1784"}],"wp:attachment":[{"href":"https:\/\/incus.es\/es\/wp-json\/wp\/v2\/media?parent=2897"}],"curies":[{"name":"wp","href":"https:\/\/api.w.org\/{rel}","templated":true}]}}