{"id":2877,"date":"2021-04-12T12:35:31","date_gmt":"2021-04-12T12:35:31","guid":{"rendered":"https:\/\/incus.es\/lineas-de-produccion\/descascarado-de-pinones\/"},"modified":"2021-04-12T12:35:33","modified_gmt":"2021-04-12T12:35:33","slug":"descascarado-de-pinones","status":"publish","type":"page","link":"https:\/\/incus.es\/es\/lineas-de-produccion\/descascarado-de-pinones\/","title":{"rendered":"Descascarado de pi\u00f1ones"},"content":{"rendered":"\n<style type=\"text\/css\" data-created_by=\"avia_inline_auto\" id=\"style-css-av-9ssnfe-6152dbcca7cb879d5e2d7f4ff0e33ee7\">\n#top .av-special-heading.av-9ssnfe-6152dbcca7cb879d5e2d7f4ff0e33ee7{\npadding-bottom:10px;\ncolor:#4f76ad;\nfont-size:35px;\n}\nbody .av-special-heading.av-9ssnfe-6152dbcca7cb879d5e2d7f4ff0e33ee7 .av-special-heading-tag .heading-char{\nfont-size:25px;\n}\n#top #wrap_all .av-special-heading.av-9ssnfe-6152dbcca7cb879d5e2d7f4ff0e33ee7 .av-special-heading-tag{\nfont-size:35px;\n}\n.av-special-heading.av-9ssnfe-6152dbcca7cb879d5e2d7f4ff0e33ee7 .special-heading-inner-border{\nborder-color:#4f76ad;\n}\n.av-special-heading.av-9ssnfe-6152dbcca7cb879d5e2d7f4ff0e33ee7 .av-subheading{\nfont-size:15px;\n}\n\n@media only screen and (min-width: 480px) and (max-width: 767px){ \n#top #wrap_all .av-special-heading.av-9ssnfe-6152dbcca7cb879d5e2d7f4ff0e33ee7 .av-special-heading-tag{\nfont-size:0.8em;\n}\n}\n\n@media only screen and (max-width: 479px){ \n#top #wrap_all .av-special-heading.av-9ssnfe-6152dbcca7cb879d5e2d7f4ff0e33ee7 .av-special-heading-tag{\nfont-size:0.8em;\n}\n}\n<\/style>\n<div  class='av-special-heading av-9ssnfe-6152dbcca7cb879d5e2d7f4ff0e33ee7 av-special-heading-h2 custom-color-heading blockquote modern-quote modern-centered  avia-builder-el-0  el_before_av_section  avia-builder-el-no-sibling  av-inherit-size'><h2 class='av-special-heading-tag'  itemprop=\"headline\"  >Descascarado de pi\u00f1ones<\/h2><div class='av_custom_color av-subheading av-subheading_below'><p>Separaci\u00f3n de c\u00e1scara de gran eficiencia.<\/p>\n<\/div><div class=\"special-heading-border\"><div class=\"special-heading-inner-border\"><\/div><\/div><\/div>\n<\/div><\/div><\/div><!-- close content main div --><\/div><\/div><div id='av_section_1'  class='avia-section av-zwit8a-56c8eddd34d638f902ccd3fdb5b696c0 main_color avia-section-no-padding avia-no-border-styling  avia-builder-el-1  el_after_av_heading  el_before_av_layout_row  avia-bg-style-scroll container_wrap sidebar_right'  ><div class='container av-section-cont-open' ><div class='template-page content  av-content-small alpha units'><div class='post-entry post-entry-type-page post-entry-2877'><div class='entry-content-wrapper clearfix'>\n\n<style type=\"text\/css\" data-created_by=\"avia_inline_auto\" id=\"style-css-av-yhftiy-87d09024a3b6a28e77b0afd333f2dcef\">\n.avia-image-container.av-yhftiy-87d09024a3b6a28e77b0afd333f2dcef img.avia_image{\nbox-shadow:none;\n}\n.avia-image-container.av-yhftiy-87d09024a3b6a28e77b0afd333f2dcef .av-image-caption-overlay-center{\ncolor:#ffffff;\n}\n<\/style>\n<div  class='avia-image-container av-yhftiy-87d09024a3b6a28e77b0afd333f2dcef av-styling- avia-align-center  avia-builder-el-2  avia-builder-el-no-sibling '   itemprop=\"image\" itemscope=\"itemscope\" itemtype=\"https:\/\/schema.org\/ImageObject\" ><div class=\"avia-image-container-inner\"><div class=\"avia-image-overlay-wrap\"><img decoding=\"async\" class='wp-image-3363 avia-img-lazy-loading-not-3363 avia_image ' src=\"https:\/\/incus.es\/wp-content\/uploads\/2015\/06\/ROASTING_LINE.jpg\" alt='' title='ROASTING_LINE'  height=\"790\" width=\"1700\"  itemprop=\"thumbnailUrl\" srcset=\"https:\/\/incus.es\/wp-content\/uploads\/2015\/06\/ROASTING_LINE.jpg 1700w, https:\/\/incus.es\/wp-content\/uploads\/2015\/06\/ROASTING_LINE-300x139.jpg 300w, https:\/\/incus.es\/wp-content\/uploads\/2015\/06\/ROASTING_LINE-768x357.jpg 768w, https:\/\/incus.es\/wp-content\/uploads\/2015\/06\/ROASTING_LINE-1030x479.jpg 1030w, https:\/\/incus.es\/wp-content\/uploads\/2015\/06\/ROASTING_LINE-1500x697.jpg 1500w, https:\/\/incus.es\/wp-content\/uploads\/2015\/06\/ROASTING_LINE-705x328.jpg 705w, https:\/\/incus.es\/wp-content\/uploads\/2015\/06\/ROASTING_LINE-450x209.jpg 450w, https:\/\/incus.es\/wp-content\/uploads\/2015\/06\/ROASTING_LINE-500x232.jpg 500w, https:\/\/incus.es\/wp-content\/uploads\/2015\/06\/ROASTING_LINE-250x116.jpg 250w\" sizes=\"(max-width: 1700px) 100vw, 1700px\" \/><\/div><\/div><\/div>\n\n<\/div><\/div><\/div><!-- close content main div --><\/div><\/div><div id='av-layout-grid-1'  class='av-layout-grid-container av-wroqnu-daa2be53e6f7623bf0159960cbd31ada entry-content-wrapper main_color av-border-top-bottom av-flex-cells  avia-builder-el-3  el_after_av_section  el_before_av_section  grid-row-not-first  container_wrap sidebar_right'  >\n\n<style type=\"text\/css\" data-created_by=\"avia_inline_auto\" id=\"style-css-av-uss88a-ce00a38f4b080567aa9afb766a8e5a6c\">\n.flex_cell.av-uss88a-ce00a38f4b080567aa9afb766a8e5a6c{\nvertical-align:middle;\n}\n.responsive #top #wrap_all .flex_cell.av-uss88a-ce00a38f4b080567aa9afb766a8e5a6c{\npadding:30px 30px 30px 30px !important;\n}\n<\/style>\n<div class='flex_cell av-uss88a-ce00a38f4b080567aa9afb766a8e5a6c av-gridrow-cell av_one_half no_margin  avia-builder-el-4  el_before_av_cell_one_half  avia-builder-el-first '  ><div class='flex_cell_inner'><section  class='av_textblock_section av-2xmbx6-011f41b06932d66df4e6b23a197db1db '   itemscope=\"itemscope\" itemtype=\"https:\/\/schema.org\/CreativeWork\" ><div class='avia_textblock'  itemprop=\"text\" ><p style=\"text-align: center;\">Las l\u00edneas de descascarado incluyen tecnolog\u00eda de gran eficiencia para quitar la c\u00e1scara y separar el grano limpio. Incluyen etapas de calibrado, descascarado, y selecci\u00f3n del grano.<\/p>\n<\/div><\/section>\n<\/div><\/div>\n<style type=\"text\/css\" data-created_by=\"avia_inline_auto\" id=\"style-css-av-rtb23u-48e2fcf2ca2a94476cbf5eda1cd124a0\">\n.flex_cell.av-rtb23u-48e2fcf2ca2a94476cbf5eda1cd124a0{\nvertical-align:middle;\nbackground-color:#7bb0e7;\n}\n.responsive #top #wrap_all .flex_cell.av-rtb23u-48e2fcf2ca2a94476cbf5eda1cd124a0{\npadding:30px 0 0 30px !important;\n}\n<\/style>\n<div class='flex_cell av-rtb23u-48e2fcf2ca2a94476cbf5eda1cd124a0 av-gridrow-cell av_one_half no_margin  avia-builder-el-6  el_after_av_cell_one_half  avia-builder-el-last '  ><div class='flex_cell_inner'>\n<style type=\"text\/css\" data-created_by=\"avia_inline_auto\" id=\"style-css-av-oz3596-8d7df9029501b66be5be91b9aadc2ad6\">\n#top .av_textblock_section.av-oz3596-8d7df9029501b66be5be91b9aadc2ad6 .avia_textblock{\nfont-size:13px;\ncolor:#ffffff;\n}\n<\/style>\n<section  class='av_textblock_section av-oz3596-8d7df9029501b66be5be91b9aadc2ad6 '   itemscope=\"itemscope\" itemtype=\"https:\/\/schema.org\/CreativeWork\" ><div class='avia_textblock av_inherit_color'  itemprop=\"text\" ><h3>VENTAJAS<\/h3>\n<ul style=\"list-style: circle outside !important;\">\n<li>Alta eficiencia.<\/li>\n<li>M\u00ednimo da\u00f1o al producto.<\/li>\n<li>Gesti\u00f3n optimizada de producto de retorno.<\/li>\n<\/ul>\n<\/div><\/section>\n<\/div><\/div>\n<\/div>\n\n<style type=\"text\/css\" data-created_by=\"avia_inline_auto\" id=\"style-css-av-o581ju-8123ff2b1ded182c14b7c23a2edfee9b\">\n.avia-section.av-o581ju-8123ff2b1ded182c14b7c23a2edfee9b{\nbackground-color:#fcfcfc;\nbackground-image:unset;\n}\n<\/style>\n<div id='av_section_2'  class='avia-section av-o581ju-8123ff2b1ded182c14b7c23a2edfee9b main_color avia-section-default avia-shadow  avia-builder-el-8  el_after_av_layout_row  el_before_av_layout_row  avia-bg-style-scroll container_wrap sidebar_right'  ><div class='container av-section-cont-open' ><div class='template-page content  av-content-small alpha units'><div class='post-entry post-entry-type-page post-entry-2877'><div class='entry-content-wrapper clearfix'>\n\n<style type=\"text\/css\" data-created_by=\"avia_inline_auto\" id=\"style-css-av-77pyfe-ca1fb10dc524676ee629f9267655c5eb\">\n#top .av-special-heading.av-77pyfe-ca1fb10dc524676ee629f9267655c5eb{\npadding-bottom:0;\ncolor:#4f76ad;\nfont-size:25px;\n}\nbody .av-special-heading.av-77pyfe-ca1fb10dc524676ee629f9267655c5eb .av-special-heading-tag .heading-char{\nfont-size:25px;\n}\n#top #wrap_all .av-special-heading.av-77pyfe-ca1fb10dc524676ee629f9267655c5eb .av-special-heading-tag{\nfont-size:25px;\n}\n.av-special-heading.av-77pyfe-ca1fb10dc524676ee629f9267655c5eb .special-heading-inner-border{\nborder-color:#4f76ad;\n}\n.av-special-heading.av-77pyfe-ca1fb10dc524676ee629f9267655c5eb .av-subheading{\nfont-size:15px;\n}\n\n@media only screen and (min-width: 480px) and (max-width: 767px){ \n#top #wrap_all .av-special-heading.av-77pyfe-ca1fb10dc524676ee629f9267655c5eb .av-special-heading-tag{\nfont-size:0.8em;\n}\n}\n\n@media only screen and (max-width: 479px){ \n#top #wrap_all .av-special-heading.av-77pyfe-ca1fb10dc524676ee629f9267655c5eb .av-special-heading-tag{\nfont-size:0.8em;\n}\n}\n<\/style>\n<div  class='av-special-heading av-77pyfe-ca1fb10dc524676ee629f9267655c5eb av-special-heading-h2 custom-color-heading blockquote modern-quote modern-centered  avia-builder-el-9  el_before_av_hr  avia-builder-el-first  av-thin-font av-inherit-size'><h2 class='av-special-heading-tag'  itemprop=\"headline\"  ><strong>Productos<\/strong> procesados<\/h2><div class=\"special-heading-border\"><div class=\"special-heading-inner-border\"><\/div><\/div><\/div>\n\n<style type=\"text\/css\" data-created_by=\"avia_inline_auto\" id=\"style-css-av-le7nne-122d5a51a193ee9c66c0925918213eb8\">\n#top .hr.av-le7nne-122d5a51a193ee9c66c0925918213eb8{\nmargin-top:5px;\nmargin-bottom:10px;\n}\n.hr.av-le7nne-122d5a51a193ee9c66c0925918213eb8 .hr-inner{\nwidth:30%;\nmax-width:45%;\n}\n<\/style>\n<div  class='hr av-le7nne-122d5a51a193ee9c66c0925918213eb8 hr-custom  avia-builder-el-10  el_after_av_heading  el_before_av_one_third  hr-center hr-icon-yes'><span class='hr-inner inner-border-av-border-thin'><span class=\"hr-inner-style\"><\/span><\/span><span class='av-seperator-icon' aria-hidden='true' data-av_icon='\ue8bd' data-av_iconfont='entypo-fontello'><\/span><span class='hr-inner inner-border-av-border-thin'><span class=\"hr-inner-style\"><\/span><\/span><\/div>\n<div  class='flex_column av-ixzn8a-292c540235aa6239bd6b1d9ff03d42a0 av_one_third  avia-builder-el-11  el_after_av_hr  el_before_av_one_third  first flex_column_div  '     ><\/div>\n<style type=\"text\/css\" data-created_by=\"avia_inline_auto\" id=\"style-css-av-gvxjai-260bb0124a5504faad5369678429f18c\">\n.flex_column.av-gvxjai-260bb0124a5504faad5369678429f18c{\nborder-radius:0px 0px 0px 0px;\npadding:0px 0px 0px 0px;\n}\n<\/style>\n<div  class='flex_column av-gvxjai-260bb0124a5504faad5369678429f18c av_one_third  avia-builder-el-12  el_after_av_one_third  el_before_av_one_third  flex_column_div av-zero-column-padding  '     ><p>\n<style type=\"text\/css\" data-created_by=\"avia_inline_auto\" id=\"style-css-av-6ltuii-7485155321f49c2db5278a98344cead8\">\n.av_font_icon.av-6ltuii-7485155321f49c2db5278a98344cead8{\ncolor:#2d5c88;\nborder-color:#2d5c88;\n}\n.av_font_icon.av-6ltuii-7485155321f49c2db5278a98344cead8 .av-icon-char{\nfont-size:60px;\nline-height:60px;\n}\n<\/style>\n<span  class='av_font_icon av-6ltuii-7485155321f49c2db5278a98344cead8 avia_animate_when_visible av-icon-style- avia-icon-pos-center avia-icon-animate'><a href='https:\/\/incus.es\/industry\/pine-nuts-en\/'   class='av-icon-char' aria-hidden='true' data-av_icon='\ue809' data-av_iconfont='fontello' ><\/a><\/span><br \/>\n\n<style type=\"text\/css\" data-created_by=\"avia_inline_auto\" id=\"style-css-av-djieh6-5566ff55809a2188c661c72d85d0876a\">\n#top .hr.hr-invisible.av-djieh6-5566ff55809a2188c661c72d85d0876a{\nheight:15px;\n}\n<\/style>\n<div  class='hr av-djieh6-5566ff55809a2188c661c72d85d0876a hr-invisible  avia-builder-el-14  el_after_av_font_icon  el_before_av_textblock '><span class='hr-inner '><span class=\"hr-inner-style\"><\/span><\/span><\/div><br \/>\n\n<style type=\"text\/css\" data-created_by=\"avia_inline_auto\" id=\"style-css-av-cby456-9ac7b16c9df5090c031c676019af0763\">\n#top .av_textblock_section.av-cby456-9ac7b16c9df5090c031c676019af0763 .avia_textblock{\ncolor:#305698;\n}\n<\/style>\n<section  class='av_textblock_section av-cby456-9ac7b16c9df5090c031c676019af0763 '   itemscope=\"itemscope\" itemtype=\"https:\/\/schema.org\/CreativeWork\" ><div class='avia_textblock av_inherit_color'  itemprop=\"text\" ><p>Pi\u00f1ones<\/p>\n<\/div><\/section><\/p><\/div>\n<style type=\"text\/css\" data-created_by=\"avia_inline_auto\" id=\"style-css-av-axfwwa-f3b4ecc25abdf41a5845f531fe978651\">\n.flex_column.av-axfwwa-f3b4ecc25abdf41a5845f531fe978651{\nborder-radius:0px 0px 0px 0px;\npadding:0px 0px 0px 0px;\n}\n<\/style>\n<div  class='flex_column av-axfwwa-f3b4ecc25abdf41a5845f531fe978651 av_one_third  avia-builder-el-16  el_after_av_one_third  avia-builder-el-last  flex_column_div av-zero-column-padding  '     ><\/div><\/div><\/div><\/div><!-- close content main div --><\/div><\/div><div id='av-layout-grid-2'  class='av-layout-grid-container av-9vd8re-102368eff4804018cfff57ad76770480 entry-content-wrapper main_color av-flex-cells  avia-builder-el-17  el_after_av_section  avia-builder-el-last  grid-row-not-first  container_wrap sidebar_right'  >\n\n<style type=\"text\/css\" data-created_by=\"avia_inline_auto\" id=\"style-css-av-7gqvyi-a48416eb9a68f1d2bbc351ab3cf02941\">\n.flex_cell.av-7gqvyi-a48416eb9a68f1d2bbc351ab3cf02941{\nvertical-align:top;\n}\n.responsive #top #wrap_all .flex_cell.av-7gqvyi-a48416eb9a68f1d2bbc351ab3cf02941{\npadding:30px 30px 30px 30px !important;\n}\n<\/style>\n<div class='flex_cell av-7gqvyi-a48416eb9a68f1d2bbc351ab3cf02941 av-gridrow-cell av_one_half no_margin  avia-builder-el-18  el_before_av_cell_one_half  avia-builder-el-first '  ><div class='flex_cell_inner'><div  class='avia-button-wrap avia-button-center  avia-builder-el-19  avia-builder-el-no-sibling '>\n<style type=\"text\/css\" data-created_by=\"avia_inline_auto\" id=\"style-css-av-4rjg0q-b254428bb5beaff9175199207070db2f\">\n#top #wrap_all .avia-button.av-4rjg0q-b254428bb5beaff9175199207070db2f{\ncolor:#ffffff;\ntransition:all 0.4s ease-in-out;\n}\n#top #wrap_all .avia-button.av-4rjg0q-b254428bb5beaff9175199207070db2f:hover{\nbackground-color:#3e90e8;\ncolor:#ffffff;\ntransition:all 0.4s ease-in-out;\n}\n<\/style>\n<a href='https:\/\/incus.es\/processing-line\/pine-nuts-shelling-and-peeling-line\/' class='av-icon-on-hover avia-color-theme-color avia-button avia-button-fullwidth av-4rjg0q-b254428bb5beaff9175199207070db2f avia-icon_select-yes-left-icon avia-color-theme-color'  ><span class='avia_button_icon avia_button_icon_left' aria-hidden='true' data-av_icon='\ue855' data-av_iconfont='entypo-fontello'><\/span><span class='avia_iconbox_title' >M\u00e1quinas incluidas<\/span><div class='av-button-description av-button-description-below'><p>M\u00e1quinas para Descascarado de pi\u00f1ones<\/p>\n<\/div><\/a><\/div>\n<\/div><\/div>\n<style type=\"text\/css\" data-created_by=\"avia_inline_auto\" id=\"style-css-av-43066i-1a741cc92dd3e32fa5a3c98406325a47\">\n.flex_cell.av-43066i-1a741cc92dd3e32fa5a3c98406325a47{\nvertical-align:top;\n}\n.responsive #top #wrap_all .flex_cell.av-43066i-1a741cc92dd3e32fa5a3c98406325a47{\npadding:30px 30px 30px 30px !important;\n}\n<\/style>\n<div class='flex_cell av-43066i-1a741cc92dd3e32fa5a3c98406325a47 av-gridrow-cell av_one_half no_margin  avia-builder-el-20  el_after_av_cell_one_half  avia-builder-el-last '  ><div class='flex_cell_inner'><div  class='avia-button-wrap avia-button-center  avia-builder-el-21  avia-builder-el-no-sibling '>\n<style type=\"text\/css\" data-created_by=\"avia_inline_auto\" id=\"style-css-av-241qay-b6864c31919e655e1c7c6b101c072b8e\">\n#top #wrap_all .avia-button.av-241qay-b6864c31919e655e1c7c6b101c072b8e{\ncolor:#ffffff;\ntransition:all 0.4s ease-in-out;\n}\n#top #wrap_all .avia-button.av-241qay-b6864c31919e655e1c7c6b101c072b8e:hover{\nbackground-color:#3e90e8;\ncolor:#ffffff;\ntransition:all 0.4s ease-in-out;\n}\n<\/style>\n<a href='https:\/\/incus.es\/contact\/' class='av-icon-on-hover avia-color-theme-color avia-button avia-button-fullwidth av-241qay-b6864c31919e655e1c7c6b101c072b8e avia-icon_select-yes-left-icon avia-color-theme-color'  ><span class='avia_button_icon avia_button_icon_left' aria-hidden='true' data-av_icon='\ue81c' data-av_iconfont='entypo-fontello'><\/span><span class='avia_iconbox_title' >\u00bfNecesitas m\u00e1s informaci\u00f3n?<\/span><div class='av-button-description av-button-description-below'><p>\u00a1Cont\u00e1ctanos!<\/p>\n<\/div><\/a><\/div>\n<\/div><\/div><\/div><\/p>\n","protected":false},"excerpt":{"rendered":"","protected":false},"author":1,"featured_media":0,"parent":1784,"menu_order":0,"comment_status":"closed","ping_status":"closed","template":"","meta":{"footnotes":""},"_links":{"self":[{"href":"https:\/\/incus.es\/es\/wp-json\/wp\/v2\/pages\/2877"}],"collection":[{"href":"https:\/\/incus.es\/es\/wp-json\/wp\/v2\/pages"}],"about":[{"href":"https:\/\/incus.es\/es\/wp-json\/wp\/v2\/types\/page"}],"author":[{"embeddable":true,"href":"https:\/\/incus.es\/es\/wp-json\/wp\/v2\/users\/1"}],"replies":[{"embeddable":true,"href":"https:\/\/incus.es\/es\/wp-json\/wp\/v2\/comments?post=2877"}],"version-history":[{"count":0,"href":"https:\/\/incus.es\/es\/wp-json\/wp\/v2\/pages\/2877\/revisions"}],"up":[{"embeddable":true,"href":"https:\/\/incus.es\/es\/wp-json\/wp\/v2\/pages\/1784"}],"wp:attachment":[{"href":"https:\/\/incus.es\/es\/wp-json\/wp\/v2\/media?parent=2877"}],"curies":[{"name":"wp","href":"https:\/\/api.w.org\/{rel}","templated":true}]}}