{"id":2853,"date":"2021-04-12T12:26:55","date_gmt":"2021-04-12T12:26:55","guid":{"rendered":"https:\/\/incus.es\/lineas-de-produccion\/descascarado-de-avellanas\/"},"modified":"2021-04-12T12:26:57","modified_gmt":"2021-04-12T12:26:57","slug":"descascarado-de-avellanas","status":"publish","type":"page","link":"https:\/\/incus.es\/es\/lineas-de-produccion\/descascarado-de-avellanas\/","title":{"rendered":"Descascarado de avellanas"},"content":{"rendered":"\n<style type=\"text\/css\" data-created_by=\"avia_inline_auto\" id=\"style-css-av-8zfc5j-8163abdc8b60b6681c0b3bd1fd75b7d9\">\n#top .av-special-heading.av-8zfc5j-8163abdc8b60b6681c0b3bd1fd75b7d9{\npadding-bottom:10px;\ncolor:#4f76ad;\nfont-size:35px;\n}\nbody .av-special-heading.av-8zfc5j-8163abdc8b60b6681c0b3bd1fd75b7d9 .av-special-heading-tag .heading-char{\nfont-size:25px;\n}\n#top #wrap_all .av-special-heading.av-8zfc5j-8163abdc8b60b6681c0b3bd1fd75b7d9 .av-special-heading-tag{\nfont-size:35px;\n}\n.av-special-heading.av-8zfc5j-8163abdc8b60b6681c0b3bd1fd75b7d9 .special-heading-inner-border{\nborder-color:#4f76ad;\n}\n.av-special-heading.av-8zfc5j-8163abdc8b60b6681c0b3bd1fd75b7d9 .av-subheading{\nfont-size:15px;\n}\n\n@media only screen and (min-width: 480px) and (max-width: 767px){ \n#top #wrap_all .av-special-heading.av-8zfc5j-8163abdc8b60b6681c0b3bd1fd75b7d9 .av-special-heading-tag{\nfont-size:0.8em;\n}\n}\n\n@media only screen and (max-width: 479px){ \n#top #wrap_all .av-special-heading.av-8zfc5j-8163abdc8b60b6681c0b3bd1fd75b7d9 .av-special-heading-tag{\nfont-size:0.8em;\n}\n}\n<\/style>\n<div  class='av-special-heading av-8zfc5j-8163abdc8b60b6681c0b3bd1fd75b7d9 av-special-heading-h2 custom-color-heading blockquote modern-quote modern-centered  avia-builder-el-0  el_before_av_layout_row  avia-builder-el-no-sibling  av-inherit-size'><h2 class='av-special-heading-tag'  itemprop=\"headline\"  >Descascarado de avellanas<\/h2><div class='av_custom_color av-subheading av-subheading_below'><p>Separaci\u00f3n de c\u00e1scara de gran eficiencia.<\/p>\n<\/div><div class=\"special-heading-border\"><div class=\"special-heading-inner-border\"><\/div><\/div><\/div>\n<\/div><\/div><\/div><!-- close content main div --><\/div><\/div><div id='av-layout-grid-1'  class='av-layout-grid-container av-vm497b-6d905f95c4f0006c9e62b3748ee2fe0e entry-content-wrapper main_color av-border-top-bottom av-flex-cells  avia-builder-el-1  el_after_av_heading  el_before_av_section  grid-row-not-first  container_wrap sidebar_right'  >\n\n<style type=\"text\/css\" data-created_by=\"avia_inline_auto\" id=\"style-css-av-un9jg7-d039771efa5b86daa6cd98de8b6c5fcb\">\n.flex_cell.av-un9jg7-d039771efa5b86daa6cd98de8b6c5fcb{\nvertical-align:top;\n}\n.responsive #top #wrap_all .flex_cell.av-un9jg7-d039771efa5b86daa6cd98de8b6c5fcb{\npadding:30px 30px 30px 30px !important;\n}\n<\/style>\n<div class='flex_cell av-un9jg7-d039771efa5b86daa6cd98de8b6c5fcb av-gridrow-cell av_one_half no_margin  avia-builder-el-2  el_before_av_cell_one_half  avia-builder-el-first '  ><div class='flex_cell_inner'><section  class='av_textblock_section av-tji7o7-46f110df23eb1cc8f1f271b9edca455f '   itemscope=\"itemscope\" itemtype=\"https:\/\/schema.org\/CreativeWork\" ><div class='avia_textblock'  itemprop=\"text\" ><p style=\"text-align: center;\">Las l\u00edneas de descascarado incluyen tecnolog\u00eda de gran eficiencia para quitar la c\u00e1scara y separar el grano limpio. Incluyen etapas de calibrado, descascarado, y selecci\u00f3n del grano.<\/p>\n<\/div><\/section>\n<\/div><\/div>\n<style type=\"text\/css\" data-created_by=\"avia_inline_auto\" id=\"style-css-av-qsmyyf-ade5159cfd615229e3ed30eb7892e2a0\">\n.flex_cell.av-qsmyyf-ade5159cfd615229e3ed30eb7892e2a0{\nvertical-align:top;\nbackground-color:#7bb0e7;\n}\n.responsive #top #wrap_all .flex_cell.av-qsmyyf-ade5159cfd615229e3ed30eb7892e2a0{\npadding:30px 0 0 30px !important;\n}\n<\/style>\n<div class='flex_cell av-qsmyyf-ade5159cfd615229e3ed30eb7892e2a0 av-gridrow-cell av_one_half no_margin  avia-builder-el-4  el_after_av_cell_one_half  avia-builder-el-last '  ><div class='flex_cell_inner'>\n<style type=\"text\/css\" data-created_by=\"avia_inline_auto\" id=\"style-css-av-pk6qxj-8a28dc816c00540d40b0d1b6e4cec713\">\n#top .av_textblock_section.av-pk6qxj-8a28dc816c00540d40b0d1b6e4cec713 .avia_textblock{\nfont-size:13px;\ncolor:#ffffff;\n}\n<\/style>\n<section  class='av_textblock_section av-pk6qxj-8a28dc816c00540d40b0d1b6e4cec713 '   itemscope=\"itemscope\" itemtype=\"https:\/\/schema.org\/CreativeWork\" ><div class='avia_textblock av_inherit_color'  itemprop=\"text\" ><h3>VENTAJAS<\/h3>\n<ul style=\"list-style: circle outside !important;\">\n<li>Alta eficiencia.<\/li>\n<li>M\u00ednimo da\u00f1o al producto.<\/li>\n<li>Gesti\u00f3n optimizada de producto de retorno.<\/li>\n<\/ul>\n\n<\/div><\/section>\n<\/div><\/div>\n<\/div>\n\n<style type=\"text\/css\" data-created_by=\"avia_inline_auto\" id=\"style-css-av-ols3vr-2a348556285a8879ee640fe409fdf8f0\">\n.avia-section.av-ols3vr-2a348556285a8879ee640fe409fdf8f0{\nbackground-color:#fcfcfc;\nbackground-image:unset;\n}\n<\/style>\n<div id='av_section_1'  class='avia-section av-ols3vr-2a348556285a8879ee640fe409fdf8f0 main_color avia-section-default avia-shadow  avia-builder-el-6  el_after_av_layout_row  el_before_av_layout_row  avia-bg-style-scroll container_wrap sidebar_right'  ><div class='container av-section-cont-open' ><div class='template-page content  av-content-small alpha units'><div class='post-entry post-entry-type-page post-entry-2853'><div class='entry-content-wrapper clearfix'>\n\n<style type=\"text\/css\" data-created_by=\"avia_inline_auto\" id=\"style-css-av-7nmnpj-65a3b76852a1cea40ed468d17720513d\">\n#top .av-special-heading.av-7nmnpj-65a3b76852a1cea40ed468d17720513d{\npadding-bottom:0;\ncolor:#4f76ad;\nfont-size:25px;\n}\nbody .av-special-heading.av-7nmnpj-65a3b76852a1cea40ed468d17720513d .av-special-heading-tag .heading-char{\nfont-size:25px;\n}\n#top #wrap_all .av-special-heading.av-7nmnpj-65a3b76852a1cea40ed468d17720513d .av-special-heading-tag{\nfont-size:25px;\n}\n.av-special-heading.av-7nmnpj-65a3b76852a1cea40ed468d17720513d .special-heading-inner-border{\nborder-color:#4f76ad;\n}\n.av-special-heading.av-7nmnpj-65a3b76852a1cea40ed468d17720513d .av-subheading{\nfont-size:15px;\n}\n\n@media only screen and (min-width: 480px) and (max-width: 767px){ \n#top #wrap_all .av-special-heading.av-7nmnpj-65a3b76852a1cea40ed468d17720513d .av-special-heading-tag{\nfont-size:0.8em;\n}\n}\n\n@media only screen and (max-width: 479px){ \n#top #wrap_all .av-special-heading.av-7nmnpj-65a3b76852a1cea40ed468d17720513d .av-special-heading-tag{\nfont-size:0.8em;\n}\n}\n<\/style>\n<div  class='av-special-heading av-7nmnpj-65a3b76852a1cea40ed468d17720513d av-special-heading-h3 custom-color-heading blockquote modern-quote modern-centered  avia-builder-el-7  el_before_av_hr  avia-builder-el-first  av-thin-font av-inherit-size'><h3 class='av-special-heading-tag'  itemprop=\"headline\"  ><strong>Productos<\/strong> procesados<\/h3><div class=\"special-heading-border\"><div class=\"special-heading-inner-border\"><\/div><\/div><\/div>\n\n<style type=\"text\/css\" data-created_by=\"avia_inline_auto\" id=\"style-css-av-k5zktz-67e715d695f5062ca7492a837a0e1730\">\n#top .hr.av-k5zktz-67e715d695f5062ca7492a837a0e1730{\nmargin-top:5px;\nmargin-bottom:10px;\n}\n.hr.av-k5zktz-67e715d695f5062ca7492a837a0e1730 .hr-inner{\nwidth:30%;\nmax-width:45%;\n}\n<\/style>\n<div  class='hr av-k5zktz-67e715d695f5062ca7492a837a0e1730 hr-custom  avia-builder-el-8  el_after_av_heading  el_before_av_one_third  hr-center hr-icon-yes'><span class='hr-inner inner-border-av-border-thin'><span class=\"hr-inner-style\"><\/span><\/span><span class='av-seperator-icon' aria-hidden='true' data-av_icon='\ue8bd' data-av_iconfont='entypo-fontello'><\/span><span class='hr-inner inner-border-av-border-thin'><span class=\"hr-inner-style\"><\/span><\/span><\/div>\n<div  class='flex_column av-jc2jon-ddd78fa6e2417d6405b974e73082a71b av_one_third  avia-builder-el-9  el_after_av_hr  el_before_av_one_third  first flex_column_div  '     ><\/div>\n<style type=\"text\/css\" data-created_by=\"avia_inline_auto\" id=\"style-css-av-htkqon-67c1200fd1af40c192ca9bec72b80ba5\">\n.flex_column.av-htkqon-67c1200fd1af40c192ca9bec72b80ba5{\nborder-radius:0px 0px 0px 0px;\npadding:0px 0px 0px 0px;\n}\n<\/style>\n<div  class='flex_column av-htkqon-67c1200fd1af40c192ca9bec72b80ba5 av_one_third  avia-builder-el-10  el_after_av_one_third  el_before_av_one_third  flex_column_div av-zero-column-padding  '     ><p>\n<style type=\"text\/css\" data-created_by=\"avia_inline_auto\" id=\"style-css-av-5xf2pj-ad1f899ae2a82aea21d9a20ab279ae1c\">\n.av_font_icon.av-5xf2pj-ad1f899ae2a82aea21d9a20ab279ae1c{\ncolor:#2d5c88;\nborder-color:#2d5c88;\n}\n.av_font_icon.av-5xf2pj-ad1f899ae2a82aea21d9a20ab279ae1c .av-icon-char{\nfont-size:60px;\nline-height:60px;\n}\n<\/style>\n<span  class='av_font_icon av-5xf2pj-ad1f899ae2a82aea21d9a20ab279ae1c avia_animate_when_visible av-icon-style- avia-icon-pos-center avia-icon-animate'><a href='https:\/\/incus.es\/industry\/hazelnut\/'   class='av-icon-char' aria-hidden='true' data-av_icon='\ue806' data-av_iconfont='fontello' ><\/a><\/span><br \/>\n\n<style type=\"text\/css\" data-created_by=\"avia_inline_auto\" id=\"style-css-av-egvynb-71994c9b21e29d77ff24adb150209d8c\">\n#top .hr.hr-invisible.av-egvynb-71994c9b21e29d77ff24adb150209d8c{\nheight:15px;\n}\n<\/style>\n<div  class='hr av-egvynb-71994c9b21e29d77ff24adb150209d8c hr-invisible  avia-builder-el-12  el_after_av_font_icon  el_before_av_textblock '><span class='hr-inner '><span class=\"hr-inner-style\"><\/span><\/span><\/div><br \/>\n\n<style type=\"text\/css\" data-created_by=\"avia_inline_auto\" id=\"style-css-av-cqldmf-4a1e099e4a5ccd25a2f6ad8899551fc5\">\n#top .av_textblock_section.av-cqldmf-4a1e099e4a5ccd25a2f6ad8899551fc5 .avia_textblock{\ncolor:#305698;\n}\n<\/style>\n<section  class='av_textblock_section av-cqldmf-4a1e099e4a5ccd25a2f6ad8899551fc5 '   itemscope=\"itemscope\" itemtype=\"https:\/\/schema.org\/CreativeWork\" ><div class='avia_textblock av_inherit_color'  itemprop=\"text\" ><p>Avellana<\/p>\n<\/div><\/section><\/p><\/div>\n<style type=\"text\/css\" data-created_by=\"avia_inline_auto\" id=\"style-css-av-bgsxhj-54988d0c3535bf65a53a3e2d6f841618\">\n.flex_column.av-bgsxhj-54988d0c3535bf65a53a3e2d6f841618{\nborder-radius:0px 0px 0px 0px;\npadding:0px 0px 0px 0px;\n}\n<\/style>\n<div  class='flex_column av-bgsxhj-54988d0c3535bf65a53a3e2d6f841618 av_one_third  avia-builder-el-14  el_after_av_one_third  avia-builder-el-last  flex_column_div av-zero-column-padding  '     ><\/div><\/div><\/div><\/div><!-- close content main div --><\/div><\/div><div id='av-layout-grid-2'  class='av-layout-grid-container av-9rsn4n-fb2815663a710f594cb5b79bab732501 entry-content-wrapper main_color av-flex-cells  avia-builder-el-15  el_after_av_section  avia-builder-el-last  grid-row-not-first  container_wrap sidebar_right'  >\n<div class='flex_cell av-7uapon-e6fb505a2bb167c84829c32ac3a75740 av-gridrow-cell av_one_half no_margin  avia-builder-el-16  el_before_av_cell_one_half  avia-builder-el-first '  ><div class='flex_cell_inner'><div  class='avia-button-wrap avia-button-center  avia-builder-el-17  avia-builder-el-no-sibling '>\n<style type=\"text\/css\" data-created_by=\"avia_inline_auto\" id=\"style-css-av-4kstg7-f6e1afe45f35d2479ad7c793332578fb\">\n#top #wrap_all .avia-button.av-4kstg7-f6e1afe45f35d2479ad7c793332578fb{\ncolor:#ffffff;\ntransition:all 0.4s ease-in-out;\n}\n#top #wrap_all .avia-button.av-4kstg7-f6e1afe45f35d2479ad7c793332578fb:hover{\nbackground-color:#3e90e8;\ncolor:#ffffff;\ntransition:all 0.4s ease-in-out;\n}\n<\/style>\n<a href='https:\/\/incus.es\/processing-line\/hazelnut-shelling-line\/' class='av-icon-on-hover avia-color-theme-color avia-button avia-button-fullwidth av-4kstg7-f6e1afe45f35d2479ad7c793332578fb avia-icon_select-yes-left-icon avia-color-theme-color'  ><span class='avia_button_icon avia_button_icon_left' aria-hidden='true' data-av_icon='\ue855' data-av_iconfont='entypo-fontello'><\/span><span class='avia_iconbox_title' >M\u00e1quinas incluidas<\/span><div class='av-button-description av-button-description-below'><p>M\u00e1quinas para Descascarado de avellanas<\/p>\n<\/div><\/a><\/div>\n<\/div><\/div><div class='flex_cell av-4ygi2f-f4b61fb063461f70ec4f6266262dfec7 av-gridrow-cell av_one_half no_margin  avia-builder-el-18  el_after_av_cell_one_half  avia-builder-el-last '  ><div class='flex_cell_inner'><div  class='avia-button-wrap avia-button-center  avia-builder-el-19  avia-builder-el-no-sibling '>\n<style type=\"text\/css\" data-created_by=\"avia_inline_auto\" id=\"style-css-av-2ugip3-ef88d6538b2cacff198ba85d7f3fde50\">\n#top #wrap_all .avia-button.av-2ugip3-ef88d6538b2cacff198ba85d7f3fde50{\ncolor:#ffffff;\ntransition:all 0.4s ease-in-out;\n}\n#top #wrap_all .avia-button.av-2ugip3-ef88d6538b2cacff198ba85d7f3fde50:hover{\nbackground-color:#3e90e8;\ncolor:#ffffff;\ntransition:all 0.4s ease-in-out;\n}\n<\/style>\n<a href='https:\/\/incus.es\/contact\/' class='av-icon-on-hover avia-color-theme-color avia-button avia-button-fullwidth av-2ugip3-ef88d6538b2cacff198ba85d7f3fde50 avia-icon_select-yes-left-icon avia-color-theme-color'  ><span class='avia_button_icon avia_button_icon_left' aria-hidden='true' data-av_icon='\ue81c' data-av_iconfont='entypo-fontello'><\/span><span class='avia_iconbox_title' >\u00bfNecesitas m\u00e1s informaci\u00f3n?<\/span><div class='av-button-description av-button-description-below'><p>\u00a1Cont\u00e1ctanos!<\/p>\n<\/div><\/a><\/div>\n<\/div><\/div><\/div><\/p>\n","protected":false},"excerpt":{"rendered":"","protected":false},"author":1,"featured_media":0,"parent":1784,"menu_order":0,"comment_status":"closed","ping_status":"closed","template":"","meta":{"footnotes":""},"_links":{"self":[{"href":"https:\/\/incus.es\/es\/wp-json\/wp\/v2\/pages\/2853"}],"collection":[{"href":"https:\/\/incus.es\/es\/wp-json\/wp\/v2\/pages"}],"about":[{"href":"https:\/\/incus.es\/es\/wp-json\/wp\/v2\/types\/page"}],"author":[{"embeddable":true,"href":"https:\/\/incus.es\/es\/wp-json\/wp\/v2\/users\/1"}],"replies":[{"embeddable":true,"href":"https:\/\/incus.es\/es\/wp-json\/wp\/v2\/comments?post=2853"}],"version-history":[{"count":0,"href":"https:\/\/incus.es\/es\/wp-json\/wp\/v2\/pages\/2853\/revisions"}],"up":[{"embeddable":true,"href":"https:\/\/incus.es\/es\/wp-json\/wp\/v2\/pages\/1784"}],"wp:attachment":[{"href":"https:\/\/incus.es\/es\/wp-json\/wp\/v2\/media?parent=2853"}],"curies":[{"name":"wp","href":"https:\/\/api.w.org\/{rel}","templated":true}]}}