{"id":2834,"date":"2021-04-12T12:18:55","date_gmt":"2021-04-12T12:18:55","guid":{"rendered":"https:\/\/incus.es\/lineas-de-produccion\/descascarado-de-nueces\/"},"modified":"2021-04-12T12:18:58","modified_gmt":"2021-04-12T12:18:58","slug":"descascarado-de-nueces","status":"publish","type":"page","link":"https:\/\/incus.es\/es\/lineas-de-produccion\/descascarado-de-nueces\/","title":{"rendered":"Descascarado de nueces"},"content":{"rendered":"\n<style type=\"text\/css\" data-created_by=\"avia_inline_auto\" id=\"style-css-av-8ygm5g-ec04d27f25d403cf9b4c034279e50273\">\n#top .av-special-heading.av-8ygm5g-ec04d27f25d403cf9b4c034279e50273{\npadding-bottom:10px;\ncolor:#4f76ad;\nfont-size:35px;\n}\nbody .av-special-heading.av-8ygm5g-ec04d27f25d403cf9b4c034279e50273 .av-special-heading-tag .heading-char{\nfont-size:25px;\n}\n#top #wrap_all .av-special-heading.av-8ygm5g-ec04d27f25d403cf9b4c034279e50273 .av-special-heading-tag{\nfont-size:35px;\n}\n.av-special-heading.av-8ygm5g-ec04d27f25d403cf9b4c034279e50273 .special-heading-inner-border{\nborder-color:#4f76ad;\n}\n.av-special-heading.av-8ygm5g-ec04d27f25d403cf9b4c034279e50273 .av-subheading{\nfont-size:15px;\n}\n\n@media only screen and (min-width: 480px) and (max-width: 767px){ \n#top #wrap_all .av-special-heading.av-8ygm5g-ec04d27f25d403cf9b4c034279e50273 .av-special-heading-tag{\nfont-size:0.8em;\n}\n}\n\n@media only screen and (max-width: 479px){ \n#top #wrap_all .av-special-heading.av-8ygm5g-ec04d27f25d403cf9b4c034279e50273 .av-special-heading-tag{\nfont-size:0.8em;\n}\n}\n<\/style>\n<div  class='av-special-heading av-8ygm5g-ec04d27f25d403cf9b4c034279e50273 av-special-heading-h2 custom-color-heading blockquote modern-quote modern-centered  avia-builder-el-0  el_before_av_layout_row  avia-builder-el-no-sibling  av-inherit-size'><h2 class='av-special-heading-tag'  itemprop=\"headline\"  >Descascarado de nueces<\/h2><div class=\"special-heading-border\"><div class=\"special-heading-inner-border\"><\/div><\/div><\/div>\n<\/div><\/div><\/div><!-- close content main div --><\/div><\/div><div id='av-layout-grid-1'  class='av-layout-grid-container av-wqo37o-3950b592550019f26eba3bb5dac7efaa entry-content-wrapper main_color av-border-top-bottom av-flex-cells  avia-builder-el-1  el_after_av_heading  el_before_av_section  grid-row-not-first  container_wrap sidebar_right'  >\n\n<style type=\"text\/css\" data-created_by=\"avia_inline_auto\" id=\"style-css-av-uiazz8-8d6e658c3809a312e3be341de3cd872e\">\n.flex_cell.av-uiazz8-8d6e658c3809a312e3be341de3cd872e{\nvertical-align:top;\n}\n.responsive #top #wrap_all .flex_cell.av-uiazz8-8d6e658c3809a312e3be341de3cd872e{\npadding:30px 30px 30px 30px !important;\n}\n<\/style>\n<div class='flex_cell av-uiazz8-8d6e658c3809a312e3be341de3cd872e av-gridrow-cell av_one_half no_margin  avia-builder-el-2  el_before_av_cell_one_half  avia-builder-el-first '  ><div class='flex_cell_inner'><section  class='av_textblock_section av-sh896s-bd165013094baa70f4f1333ea1285288 '   itemscope=\"itemscope\" itemtype=\"https:\/\/schema.org\/CreativeWork\" ><div class='avia_textblock'  itemprop=\"text\" ><p style=\"text-align: center;\">Las l\u00edneas de descascarado incluyen tecnolog\u00eda de gran eficiencia para quitar la c\u00e1scara y separar el grano limpio. Incluyen etapas de calibrado,\u00a0 descascarado, y selecci\u00f3n del grano.<\/p>\n<\/div><\/section>\n<\/div><\/div>\n<style type=\"text\/css\" data-created_by=\"avia_inline_auto\" id=\"style-css-av-rha3ok-edcda500da542ed7badef2f83559187c\">\n.flex_cell.av-rha3ok-edcda500da542ed7badef2f83559187c{\nvertical-align:top;\nbackground-color:#7bb0e7;\n}\n.responsive #top #wrap_all .flex_cell.av-rha3ok-edcda500da542ed7badef2f83559187c{\npadding:30px 0 0 30px !important;\n}\n<\/style>\n<div class='flex_cell av-rha3ok-edcda500da542ed7badef2f83559187c av-gridrow-cell av_one_half no_margin  avia-builder-el-4  el_after_av_cell_one_half  avia-builder-el-last '  ><div class='flex_cell_inner'>\n<style type=\"text\/css\" data-created_by=\"avia_inline_auto\" id=\"style-css-av-2lynw4-488898f254fa4848851d64f5c142a5ce\">\n#top .av_textblock_section.av-2lynw4-488898f254fa4848851d64f5c142a5ce .avia_textblock{\nfont-size:13px;\ncolor:#ffffff;\n}\n<\/style>\n<section  class='av_textblock_section av-2lynw4-488898f254fa4848851d64f5c142a5ce '   itemscope=\"itemscope\" itemtype=\"https:\/\/schema.org\/CreativeWork\" ><div class='avia_textblock av_inherit_color'  itemprop=\"text\" ><h3>VENTAJAS<\/h3>\n<ul style=\"list-style: circle outside !important;\">\n<li>Alta eficiencia.<\/li>\n<li>M\u00ednimo da\u00f1o al producto.<\/li>\n<li>Gesti\u00f3n optimizada de producto de retorno.<\/li>\n<\/ul>\n<\/div><\/section>\n<\/div><\/div>\n<\/div>\n\n<style type=\"text\/css\" data-created_by=\"avia_inline_auto\" id=\"style-css-av-odd93o-4c7f358aa24646b9691659a5b2d54239\">\n.avia-section.av-odd93o-4c7f358aa24646b9691659a5b2d54239{\nbackground-color:#fcfcfc;\nbackground-image:unset;\n}\n<\/style>\n<div id='av_section_1'  class='avia-section av-odd93o-4c7f358aa24646b9691659a5b2d54239 main_color avia-section-default avia-shadow  avia-builder-el-6  el_after_av_layout_row  el_before_av_layout_row  avia-bg-style-scroll container_wrap sidebar_right'  ><div class='container av-section-cont-open' ><div class='template-page content  av-content-small alpha units'><div class='post-entry post-entry-type-page post-entry-2834'><div class='entry-content-wrapper clearfix'>\n\n<style type=\"text\/css\" data-created_by=\"avia_inline_auto\" id=\"style-css-av-6yulic-9a8e8a7ab34a37dfae3acc4a34a8e99c\">\n#top .av-special-heading.av-6yulic-9a8e8a7ab34a37dfae3acc4a34a8e99c{\npadding-bottom:0;\ncolor:#4f76ad;\nfont-size:25px;\n}\nbody .av-special-heading.av-6yulic-9a8e8a7ab34a37dfae3acc4a34a8e99c .av-special-heading-tag .heading-char{\nfont-size:25px;\n}\n#top #wrap_all .av-special-heading.av-6yulic-9a8e8a7ab34a37dfae3acc4a34a8e99c .av-special-heading-tag{\nfont-size:25px;\n}\n.av-special-heading.av-6yulic-9a8e8a7ab34a37dfae3acc4a34a8e99c .special-heading-inner-border{\nborder-color:#4f76ad;\n}\n.av-special-heading.av-6yulic-9a8e8a7ab34a37dfae3acc4a34a8e99c .av-subheading{\nfont-size:15px;\n}\n\n@media only screen and (min-width: 480px) and (max-width: 767px){ \n#top #wrap_all .av-special-heading.av-6yulic-9a8e8a7ab34a37dfae3acc4a34a8e99c .av-special-heading-tag{\nfont-size:0.8em;\n}\n}\n\n@media only screen and (max-width: 479px){ \n#top #wrap_all .av-special-heading.av-6yulic-9a8e8a7ab34a37dfae3acc4a34a8e99c .av-special-heading-tag{\nfont-size:0.8em;\n}\n}\n<\/style>\n<div  class='av-special-heading av-6yulic-9a8e8a7ab34a37dfae3acc4a34a8e99c av-special-heading-h2 custom-color-heading blockquote modern-quote modern-centered  avia-builder-el-7  el_before_av_hr  avia-builder-el-first  av-thin-font av-inherit-size'><h2 class='av-special-heading-tag'  itemprop=\"headline\"  ><strong>Productos<\/strong> procesados<\/h2><div class=\"special-heading-border\"><div class=\"special-heading-inner-border\"><\/div><\/div><\/div>\n\n<style type=\"text\/css\" data-created_by=\"avia_inline_auto\" id=\"style-css-av-kfh87o-42aba6574ca736435a85d356895cce62\">\n#top .hr.av-kfh87o-42aba6574ca736435a85d356895cce62{\nmargin-top:5px;\nmargin-bottom:10px;\n}\n.hr.av-kfh87o-42aba6574ca736435a85d356895cce62 .hr-inner{\nwidth:30%;\nmax-width:45%;\n}\n<\/style>\n<div  class='hr av-kfh87o-42aba6574ca736435a85d356895cce62 hr-custom  avia-builder-el-8  el_after_av_heading  el_before_av_one_third  hr-center hr-icon-yes'><span class='hr-inner inner-border-av-border-thin'><span class=\"hr-inner-style\"><\/span><\/span><span class='av-seperator-icon' aria-hidden='true' data-av_icon='\ue8bd' data-av_iconfont='entypo-fontello'><\/span><span class='hr-inner inner-border-av-border-thin'><span class=\"hr-inner-style\"><\/span><\/span><\/div>\n<div  class='flex_column av-6zg4k-8942f355878002783cd5135c5faf1f34 av_one_third  avia-builder-el-9  el_after_av_hr  el_before_av_one_third  first flex_column_div  '     ><\/div>\n<style type=\"text\/css\" data-created_by=\"avia_inline_auto\" id=\"style-css-av-1okoac-4d98b2a73f347db947f6aea4e9fb5e37\">\n.flex_column.av-1okoac-4d98b2a73f347db947f6aea4e9fb5e37{\nborder-radius:0px 0px 0px 0px;\npadding:0px 0px 0px 0px;\n}\n<\/style>\n<div  class='flex_column av-1okoac-4d98b2a73f347db947f6aea4e9fb5e37 av_one_third  avia-builder-el-10  el_after_av_one_third  el_before_av_one_third  flex_column_div av-zero-column-padding  '     ><p>\n<style type=\"text\/css\" data-created_by=\"avia_inline_auto\" id=\"style-css-av-630jsk-4f1636d0a943f5bf7143f5343ef33fb2\">\n.av_font_icon.av-630jsk-4f1636d0a943f5bf7143f5343ef33fb2{\ncolor:#2d5c88;\nborder-color:#2d5c88;\n}\n.av_font_icon.av-630jsk-4f1636d0a943f5bf7143f5343ef33fb2 .av-icon-char{\nfont-size:60px;\nline-height:60px;\n}\n<\/style>\n<span  class='av_font_icon av-630jsk-4f1636d0a943f5bf7143f5343ef33fb2 avia_animate_when_visible av-icon-style- avia-icon-pos-center avia-icon-animate'><a href='https:\/\/incus.es\/industry\/walnut\/'   class='av-icon-char' aria-hidden='true' data-av_icon='\ue808' data-av_iconfont='fontello' ><\/a><\/span><br \/>\n\n<style type=\"text\/css\" data-created_by=\"avia_inline_auto\" id=\"style-css-av-ekzn04-a2d8d1f60af57946462611b2cef57c36\">\n#top .hr.hr-invisible.av-ekzn04-a2d8d1f60af57946462611b2cef57c36{\nheight:15px;\n}\n<\/style>\n<div  class='hr av-ekzn04-a2d8d1f60af57946462611b2cef57c36 hr-invisible  avia-builder-el-12  el_after_av_font_icon  el_before_av_textblock '><span class='hr-inner '><span class=\"hr-inner-style\"><\/span><\/span><\/div><br \/>\n\n<style type=\"text\/css\" data-created_by=\"avia_inline_auto\" id=\"style-css-av-clcc2c-eb1da9ff9e66ff27cbf5e58bb6462621\">\n#top .av_textblock_section.av-clcc2c-eb1da9ff9e66ff27cbf5e58bb6462621 .avia_textblock{\ncolor:#305698;\n}\n<\/style>\n<section  class='av_textblock_section av-clcc2c-eb1da9ff9e66ff27cbf5e58bb6462621 '   itemscope=\"itemscope\" itemtype=\"https:\/\/schema.org\/CreativeWork\" ><div class='avia_textblock av_inherit_color'  itemprop=\"text\" ><p>Nuez<\/p>\n<\/div><\/section><\/p><\/div>\n<style type=\"text\/css\" data-created_by=\"avia_inline_auto\" id=\"style-css-av-ayv510-91de79ba19c1baac3ffc46ed30fc7d8f\">\n.flex_column.av-ayv510-91de79ba19c1baac3ffc46ed30fc7d8f{\nborder-radius:0px 0px 0px 0px;\npadding:0px 0px 0px 0px;\n}\n<\/style>\n<div  class='flex_column av-ayv510-91de79ba19c1baac3ffc46ed30fc7d8f av_one_third  avia-builder-el-14  el_after_av_one_third  avia-builder-el-last  flex_column_div av-zero-column-padding  '     ><\/div><\/div><\/div><\/div><!-- close content main div --><\/div><\/div><div id='av-layout-grid-2'  class='av-layout-grid-container av-9hv4r8-1676a5a610eea0f6353f11f612af830c entry-content-wrapper main_color av-flex-cells  avia-builder-el-15  el_after_av_section  avia-builder-el-last  grid-row-not-first  container_wrap sidebar_right'  >\n\n<style type=\"text\/css\" data-created_by=\"avia_inline_auto\" id=\"style-css-av-7m2i3o-d130e8a1b28dea0b3bd769ae1f8ab3cb\">\n.flex_cell.av-7m2i3o-d130e8a1b28dea0b3bd769ae1f8ab3cb{\nvertical-align:top;\n}\n.responsive #top #wrap_all .flex_cell.av-7m2i3o-d130e8a1b28dea0b3bd769ae1f8ab3cb{\npadding:30px 30px 30px 30px !important;\n}\n<\/style>\n<div class='flex_cell av-7m2i3o-d130e8a1b28dea0b3bd769ae1f8ab3cb av-gridrow-cell av_one_half no_margin  avia-builder-el-16  el_before_av_cell_one_half  avia-builder-el-first '  ><div class='flex_cell_inner'><div  class='avia-button-wrap avia-button-center  avia-builder-el-17  avia-builder-el-no-sibling '>\n<style type=\"text\/css\" data-created_by=\"avia_inline_auto\" id=\"style-css-av-4oduic-f441c49d7e13e35d0d7772dfe32f08da\">\n#top #wrap_all .avia-button.av-4oduic-f441c49d7e13e35d0d7772dfe32f08da{\ncolor:#ffffff;\ntransition:all 0.4s ease-in-out;\n}\n#top #wrap_all .avia-button.av-4oduic-f441c49d7e13e35d0d7772dfe32f08da:hover{\nbackground-color:#3e90e8;\ncolor:#ffffff;\ntransition:all 0.4s ease-in-out;\n}\n<\/style>\n<a href='https:\/\/incus.es\/processing-line\/wallnuts-shelling-line\/' class='av-icon-on-hover avia-color-theme-color avia-button avia-button-fullwidth av-4oduic-f441c49d7e13e35d0d7772dfe32f08da avia-icon_select-yes-left-icon avia-color-theme-color'  ><span class='avia_button_icon avia_button_icon_left' aria-hidden='true' data-av_icon='\ue855' data-av_iconfont='entypo-fontello'><\/span><span class='avia_iconbox_title' >M\u00e1quinas incluidas<\/span><div class='av-button-description av-button-description-below'><p>M\u00e1quinas para Descascarado de nueces<\/p>\n<\/div><\/a><\/div>\n<\/div><\/div>\n<style type=\"text\/css\" data-created_by=\"avia_inline_auto\" id=\"style-css-av-462zdg-1b456637ec4d9142803b8a17306de91c\">\n.flex_cell.av-462zdg-1b456637ec4d9142803b8a17306de91c{\nvertical-align:top;\n}\n.responsive #top #wrap_all .flex_cell.av-462zdg-1b456637ec4d9142803b8a17306de91c{\npadding:30px 30px 30px 30px !important;\n}\n<\/style>\n<div class='flex_cell av-462zdg-1b456637ec4d9142803b8a17306de91c av-gridrow-cell av_one_half no_margin  avia-builder-el-18  el_after_av_cell_one_half  avia-builder-el-last '  ><div class='flex_cell_inner'><div  class='avia-button-wrap avia-button-center  avia-builder-el-19  avia-builder-el-no-sibling '>\n<style type=\"text\/css\" data-created_by=\"avia_inline_auto\" id=\"style-css-av-23bkxw-ea509c9b8f3e2156eac82dc6eb604bd5\">\n#top #wrap_all .avia-button.av-23bkxw-ea509c9b8f3e2156eac82dc6eb604bd5{\ncolor:#ffffff;\ntransition:all 0.4s ease-in-out;\n}\n#top #wrap_all .avia-button.av-23bkxw-ea509c9b8f3e2156eac82dc6eb604bd5:hover{\nbackground-color:#3e90e8;\ncolor:#ffffff;\ntransition:all 0.4s ease-in-out;\n}\n<\/style>\n<a href='https:\/\/incus.es\/contact\/' class='av-icon-on-hover avia-color-theme-color avia-button avia-button-fullwidth av-23bkxw-ea509c9b8f3e2156eac82dc6eb604bd5 avia-icon_select-yes-left-icon avia-color-theme-color'  ><span class='avia_button_icon avia_button_icon_left' aria-hidden='true' data-av_icon='\ue81c' data-av_iconfont='entypo-fontello'><\/span><span class='avia_iconbox_title' >\u00bfNecesitas m\u00e1s informaci\u00f3n?<\/span><div class='av-button-description av-button-description-below'><p>\u00a1Cont\u00e1ctanos!<\/p>\n<\/div><\/a><\/div>\n<\/div><\/div><\/div><\/p>\n","protected":false},"excerpt":{"rendered":"","protected":false},"author":1,"featured_media":0,"parent":1784,"menu_order":0,"comment_status":"closed","ping_status":"closed","template":"","meta":{"footnotes":""},"_links":{"self":[{"href":"https:\/\/incus.es\/es\/wp-json\/wp\/v2\/pages\/2834"}],"collection":[{"href":"https:\/\/incus.es\/es\/wp-json\/wp\/v2\/pages"}],"about":[{"href":"https:\/\/incus.es\/es\/wp-json\/wp\/v2\/types\/page"}],"author":[{"embeddable":true,"href":"https:\/\/incus.es\/es\/wp-json\/wp\/v2\/users\/1"}],"replies":[{"embeddable":true,"href":"https:\/\/incus.es\/es\/wp-json\/wp\/v2\/comments?post=2834"}],"version-history":[{"count":0,"href":"https:\/\/incus.es\/es\/wp-json\/wp\/v2\/pages\/2834\/revisions"}],"up":[{"embeddable":true,"href":"https:\/\/incus.es\/es\/wp-json\/wp\/v2\/pages\/1784"}],"wp:attachment":[{"href":"https:\/\/incus.es\/es\/wp-json\/wp\/v2\/media?parent=2834"}],"curies":[{"name":"wp","href":"https:\/\/api.w.org\/{rel}","templated":true}]}}