{"id":2820,"date":"2021-04-12T12:14:10","date_gmt":"2021-04-12T12:14:10","guid":{"rendered":"https:\/\/incus.es\/lineas-de-produccion\/descascarado-de-almendra\/"},"modified":"2021-07-21T09:03:01","modified_gmt":"2021-07-21T09:03:01","slug":"descascarado-de-almendra","status":"publish","type":"page","link":"https:\/\/incus.es\/es\/lineas-de-produccion\/descascarado-de-almendra\/","title":{"rendered":"Descascarado de almendra"},"content":{"rendered":"\n<style type=\"text\/css\" data-created_by=\"avia_inline_auto\" id=\"style-css-av-yi3pe-0907bda6d277dcbb7c8f35e3c1f88ca8\">\n#top .av-special-heading.av-yi3pe-0907bda6d277dcbb7c8f35e3c1f88ca8{\npadding-bottom:10px;\ncolor:#4f76ad;\nfont-size:35px;\n}\nbody .av-special-heading.av-yi3pe-0907bda6d277dcbb7c8f35e3c1f88ca8 .av-special-heading-tag .heading-char{\nfont-size:25px;\n}\n#top #wrap_all .av-special-heading.av-yi3pe-0907bda6d277dcbb7c8f35e3c1f88ca8 .av-special-heading-tag{\nfont-size:35px;\n}\n.av-special-heading.av-yi3pe-0907bda6d277dcbb7c8f35e3c1f88ca8 .special-heading-inner-border{\nborder-color:#4f76ad;\n}\n.av-special-heading.av-yi3pe-0907bda6d277dcbb7c8f35e3c1f88ca8 .av-subheading{\nfont-size:15px;\n}\n\n@media only screen and (min-width: 480px) and (max-width: 767px){ \n#top #wrap_all .av-special-heading.av-yi3pe-0907bda6d277dcbb7c8f35e3c1f88ca8 .av-special-heading-tag{\nfont-size:0.8em;\n}\n}\n\n@media only screen and (max-width: 479px){ \n#top #wrap_all .av-special-heading.av-yi3pe-0907bda6d277dcbb7c8f35e3c1f88ca8 .av-special-heading-tag{\nfont-size:0.8em;\n}\n}\n<\/style>\n<div  class='av-special-heading av-yi3pe-0907bda6d277dcbb7c8f35e3c1f88ca8 av-special-heading-h2 custom-color-heading blockquote modern-quote modern-centered  avia-builder-el-0  el_before_av_layout_row  avia-builder-el-no-sibling  av-inherit-size'><h2 class='av-special-heading-tag'  itemprop=\"headline\"  >Descascarado de almendra<\/h2><div class='av_custom_color av-subheading av-subheading_below'><p>Optimizando el Descascarado<\/p>\n<\/div><div class=\"special-heading-border\"><div class=\"special-heading-inner-border\"><\/div><\/div><\/div>\n<\/div><\/div><\/div><!-- close content main div --><\/div><\/div><div id='av-layout-grid-1'  class='av-layout-grid-container av-av_layout_row-89003fc6680f443b979b7368174c0cbd entry-content-wrapper main_color av-flex-cells  avia-builder-el-1  el_after_av_heading  el_before_av_layout_row  grid-row-not-first  container_wrap sidebar_right'  >\n<div class='flex_cell av-av_cell_three_fourth-ebe5280c498a4b568c7730bb0189ca45 av-gridrow-cell av_three_fourth no_margin  avia-builder-el-2  el_before_av_cell_one_fourth  avia-builder-el-first '  ><div class='flex_cell_inner'>\n<style type=\"text\/css\" data-created_by=\"avia_inline_auto\" id=\"style-css-av-krd8x0fd-954b193a1d28cc6809bbc70a3f65d094\">\n.avia-image-container.av-krd8x0fd-954b193a1d28cc6809bbc70a3f65d094 img.avia_image{\nbox-shadow:none;\n}\n.avia-image-container.av-krd8x0fd-954b193a1d28cc6809bbc70a3f65d094 .av-image-caption-overlay-center{\ncolor:#ffffff;\n}\n<\/style>\n<div  class='avia-image-container av-krd8x0fd-954b193a1d28cc6809bbc70a3f65d094 av-styling-no-styling avia-align-center  avia-builder-el-3  avia-builder-el-no-sibling '   itemprop=\"image\" itemscope=\"itemscope\" itemtype=\"https:\/\/schema.org\/ImageObject\" ><div class=\"avia-image-container-inner\"><div class=\"avia-image-overlay-wrap\"><img decoding=\"async\" class='wp-image-3470 avia-img-lazy-loading-not-3470 avia_image ' src=\"https:\/\/incus.es\/wp-content\/uploads\/2021\/07\/linea_descascarado_almendra.jpg\" alt='linea descascarado almendra' title='linea_descascarado_almendra'  height=\"600\" width=\"857\"  itemprop=\"thumbnailUrl\" srcset=\"https:\/\/incus.es\/wp-content\/uploads\/2021\/07\/linea_descascarado_almendra.jpg 857w, https:\/\/incus.es\/wp-content\/uploads\/2021\/07\/linea_descascarado_almendra-300x210.jpg 300w, https:\/\/incus.es\/wp-content\/uploads\/2021\/07\/linea_descascarado_almendra-768x538.jpg 768w, https:\/\/incus.es\/wp-content\/uploads\/2021\/07\/linea_descascarado_almendra-705x494.jpg 705w\" sizes=\"(max-width: 857px) 100vw, 857px\" \/><\/div><\/div><\/div>\n<\/div><\/div><div class='flex_cell av-av_cell_one_fourth-ebe5280c498a4b568c7730bb0189ca45 av-gridrow-cell av_one_fourth no_margin  avia-builder-el-4  el_after_av_cell_three_fourth  avia-builder-el-last '  ><div class='flex_cell_inner'><p>\n<style type=\"text\/css\" data-created_by=\"avia_inline_auto\" id=\"style-css-av-krd942rf-27d3b870c95960389bb0ef445ede1cc2\">\n.avia-image-container.av-krd942rf-27d3b870c95960389bb0ef445ede1cc2 img.avia_image{\nbox-shadow:none;\n}\n.avia-image-container.av-krd942rf-27d3b870c95960389bb0ef445ede1cc2 .av-image-caption-overlay-center{\ncolor:#ffffff;\n}\n<\/style>\n<div  class='avia-image-container av-krd942rf-27d3b870c95960389bb0ef445ede1cc2 av-styling- avia-align-center  avia-builder-el-5  el_before_av_image  avia-builder-el-first '   itemprop=\"image\" itemscope=\"itemscope\" itemtype=\"https:\/\/schema.org\/ImageObject\" ><div class=\"avia-image-container-inner\"><div class=\"avia-image-overlay-wrap\"><img decoding=\"async\" class='wp-image-3481 avia-img-lazy-loading-not-3481 avia_image ' src=\"https:\/\/incus.es\/wp-content\/uploads\/2021\/07\/almendra-cascara-300x300.jpg\" alt='' title='almendra-cascara'  height=\"300\" width=\"300\"  itemprop=\"thumbnailUrl\" srcset=\"https:\/\/incus.es\/wp-content\/uploads\/2021\/07\/almendra-cascara-300x300.jpg 300w, https:\/\/incus.es\/wp-content\/uploads\/2021\/07\/almendra-cascara-80x80.jpg 80w, https:\/\/incus.es\/wp-content\/uploads\/2021\/07\/almendra-cascara-36x36.jpg 36w, https:\/\/incus.es\/wp-content\/uploads\/2021\/07\/almendra-cascara-180x180.jpg 180w, https:\/\/incus.es\/wp-content\/uploads\/2021\/07\/almendra-cascara.jpg 499w\" sizes=\"(max-width: 300px) 100vw, 300px\" \/><\/div><\/div><\/div><br \/>\n\n<style type=\"text\/css\" data-created_by=\"avia_inline_auto\" id=\"style-css-av-krd94bvc-bcf28af6dd47740dc4c9af7923e5f6d1\">\n.avia-image-container.av-krd94bvc-bcf28af6dd47740dc4c9af7923e5f6d1 img.avia_image{\nbox-shadow:none;\n}\n.avia-image-container.av-krd94bvc-bcf28af6dd47740dc4c9af7923e5f6d1 .av-image-caption-overlay-center{\ncolor:#ffffff;\n}\n<\/style>\n<div  class='avia-image-container av-krd94bvc-bcf28af6dd47740dc4c9af7923e5f6d1 av-styling- avia-align-center  avia-builder-el-6  el_after_av_image  avia-builder-el-last '   itemprop=\"image\" itemscope=\"itemscope\" itemtype=\"https:\/\/schema.org\/ImageObject\" ><div class=\"avia-image-container-inner\"><div class=\"avia-image-overlay-wrap\"><img decoding=\"async\" class='wp-image-3483 avia-img-lazy-loading-not-3483 avia_image ' src=\"https:\/\/incus.es\/wp-content\/uploads\/2021\/07\/almendra-piel-300x300.jpg\" alt='' title='almendra-piel'  height=\"300\" width=\"300\"  itemprop=\"thumbnailUrl\" srcset=\"https:\/\/incus.es\/wp-content\/uploads\/2021\/07\/almendra-piel-300x300.jpg 300w, https:\/\/incus.es\/wp-content\/uploads\/2021\/07\/almendra-piel-80x80.jpg 80w, https:\/\/incus.es\/wp-content\/uploads\/2021\/07\/almendra-piel-36x36.jpg 36w, https:\/\/incus.es\/wp-content\/uploads\/2021\/07\/almendra-piel-180x180.jpg 180w, https:\/\/incus.es\/wp-content\/uploads\/2021\/07\/almendra-piel.jpg 502w\" sizes=\"(max-width: 300px) 100vw, 300px\" \/><\/div><\/div><\/div><\/p>\n<\/div><\/div><\/div><div id='av-layout-grid-2'  class='av-layout-grid-container av-ztg7qq-f47f2dd3f70ece0e1a68e2b3dfbed26f entry-content-wrapper main_color av-border-top-bottom av-flex-cells  avia-builder-el-7  el_after_av_layout_row  el_before_av_section  grid-row-not-first  container_wrap sidebar_right'  >\n\n<style type=\"text\/css\" data-created_by=\"avia_inline_auto\" id=\"style-css-av-xm4mte-d5203072d8d45d3cc082926495ba94e9\">\n.flex_cell.av-xm4mte-d5203072d8d45d3cc082926495ba94e9{\nvertical-align:top;\n}\n.responsive #top #wrap_all .flex_cell.av-xm4mte-d5203072d8d45d3cc082926495ba94e9{\npadding:30px 30px 30px 30px !important;\n}\n<\/style>\n<div class='flex_cell av-xm4mte-d5203072d8d45d3cc082926495ba94e9 av-gridrow-cell av_one_half no_margin  avia-builder-el-8  el_before_av_cell_one_half  avia-builder-el-first '  ><div class='flex_cell_inner'><section  class='av_textblock_section av-wwr50i-e3569af5897c7919abff622d5750b57b '   itemscope=\"itemscope\" itemtype=\"https:\/\/schema.org\/CreativeWork\" ><div class='avia_textblock'  itemprop=\"text\" ><p class=\"p1\">Las l\u00edneas de descascarado incluyen tecnolog\u00eda de gran eficiencia para quitar la c\u00e1scara y separar el grano limpio.<br \/>\nIncluyen etapas de calibrado, descascarado y selecci\u00f3n del grano.<\/p>\n<h3 class=\"p1\">Rendimiento mejorado.<\/h3>\n<p class=\"p1\">Partidora de almendras de 16 bielas con sistema de cribado de doble pasada. Separaci\u00f3n de c\u00e1scaras optimizada con sistema de aspiraci\u00f3n independiente.<\/p>\n<\/div><\/section>\n<\/div><\/div>\n<style type=\"text\/css\" data-created_by=\"avia_inline_auto\" id=\"style-css-av-u8hzn6-04a618b5b5fa136303e0c3462f5e1285\">\n.flex_cell.av-u8hzn6-04a618b5b5fa136303e0c3462f5e1285{\nvertical-align:top;\nbackground-color:#7bb0e7;\n}\n.responsive #top #wrap_all .flex_cell.av-u8hzn6-04a618b5b5fa136303e0c3462f5e1285{\npadding:30px 0 0 30px !important;\n}\n<\/style>\n<div class='flex_cell av-u8hzn6-04a618b5b5fa136303e0c3462f5e1285 av-gridrow-cell av_one_half no_margin  avia-builder-el-10  el_after_av_cell_one_half  avia-builder-el-last '  ><div class='flex_cell_inner'>\n<style type=\"text\/css\" data-created_by=\"avia_inline_auto\" id=\"style-css-av-snavk2-ccb42f374d6438b5f607b21efe23df60\">\n#top .av_textblock_section.av-snavk2-ccb42f374d6438b5f607b21efe23df60 .avia_textblock{\nfont-size:13px;\ncolor:#ffffff;\n}\n<\/style>\n<section  class='av_textblock_section av-snavk2-ccb42f374d6438b5f607b21efe23df60 '   itemscope=\"itemscope\" itemtype=\"https:\/\/schema.org\/CreativeWork\" ><div class='avia_textblock av_inherit_color'  itemprop=\"text\" ><h3>VENTAJAS<\/h3>\n<ul>\n<li>Alta eficiencia y rendimiento.<\/li>\n<li>M\u00ednimo da\u00f1o al producto descascarado.<\/li>\n<li>M\u00ednimo mantenimiento.<\/li>\n<li>Fiabilidad demostrada.<\/li>\n<li>Gesti\u00f3n optimizada de producto de retorno.<\/li>\n<li>Capacidad de producci\u00f3n: entre 500 kg\/h y 1200 kg\/h de grano de almendra a la salida.<\/li>\n<\/ul>\n<\/div><\/section>\n<\/div><\/div><\/div>\n<style type=\"text\/css\" data-created_by=\"avia_inline_auto\" id=\"style-css-av-rigbqq-b74b7c95c66ecbbb15ea456b2f8130f2\">\n.avia-section.av-rigbqq-b74b7c95c66ecbbb15ea456b2f8130f2{\nbackground-color:#fcfcfc;\nbackground-image:unset;\n}\n<\/style>\n<div id='av_section_1'  class='avia-section av-rigbqq-b74b7c95c66ecbbb15ea456b2f8130f2 main_color avia-section-default avia-shadow  avia-builder-el-12  el_after_av_layout_row  el_before_av_layout_row  avia-bg-style-scroll container_wrap sidebar_right'  ><div class='container av-section-cont-open' ><div class='template-page content  av-content-small alpha units'><div class='post-entry post-entry-type-page post-entry-2820'><div class='entry-content-wrapper clearfix'>\n\n<style type=\"text\/css\" data-created_by=\"avia_inline_auto\" id=\"style-css-av-82q7lu-49d0b011a3d5fd3b63dd66065968ad28\">\n#top .av-special-heading.av-82q7lu-49d0b011a3d5fd3b63dd66065968ad28{\npadding-bottom:0;\ncolor:#4f76ad;\nfont-size:25px;\n}\nbody .av-special-heading.av-82q7lu-49d0b011a3d5fd3b63dd66065968ad28 .av-special-heading-tag .heading-char{\nfont-size:25px;\n}\n#top #wrap_all .av-special-heading.av-82q7lu-49d0b011a3d5fd3b63dd66065968ad28 .av-special-heading-tag{\nfont-size:25px;\n}\n.av-special-heading.av-82q7lu-49d0b011a3d5fd3b63dd66065968ad28 .special-heading-inner-border{\nborder-color:#4f76ad;\n}\n.av-special-heading.av-82q7lu-49d0b011a3d5fd3b63dd66065968ad28 .av-subheading{\nfont-size:15px;\n}\n\n@media only screen and (min-width: 480px) and (max-width: 767px){ \n#top #wrap_all .av-special-heading.av-82q7lu-49d0b011a3d5fd3b63dd66065968ad28 .av-special-heading-tag{\nfont-size:0.8em;\n}\n}\n\n@media only screen and (max-width: 479px){ \n#top #wrap_all .av-special-heading.av-82q7lu-49d0b011a3d5fd3b63dd66065968ad28 .av-special-heading-tag{\nfont-size:0.8em;\n}\n}\n<\/style>\n<div  class='av-special-heading av-82q7lu-49d0b011a3d5fd3b63dd66065968ad28 av-special-heading-h2 custom-color-heading blockquote modern-quote modern-centered  avia-builder-el-13  el_before_av_hr  avia-builder-el-first  av-thin-font av-inherit-size'><h2 class='av-special-heading-tag'  itemprop=\"headline\"  ><strong>Productos<\/strong> procesados<\/h2><div class=\"special-heading-border\"><div class=\"special-heading-inner-border\"><\/div><\/div><\/div>\n\n<style type=\"text\/css\" data-created_by=\"avia_inline_auto\" id=\"style-css-av-ok1isi-5c1904c319a3cc7b076bd89ff1338504\">\n#top .hr.av-ok1isi-5c1904c319a3cc7b076bd89ff1338504{\nmargin-top:5px;\nmargin-bottom:10px;\n}\n.hr.av-ok1isi-5c1904c319a3cc7b076bd89ff1338504 .hr-inner{\nwidth:30%;\nmax-width:45%;\n}\n<\/style>\n<div  class='hr av-ok1isi-5c1904c319a3cc7b076bd89ff1338504 hr-custom  avia-builder-el-14  el_after_av_heading  el_before_av_one_fifth  hr-center hr-icon-yes'><span class='hr-inner inner-border-av-border-thin'><span class=\"hr-inner-style\"><\/span><\/span><span class='av-seperator-icon' aria-hidden='true' data-av_icon='\ue8bd' data-av_iconfont='entypo-fontello'><\/span><span class='hr-inner inner-border-av-border-thin'><span class=\"hr-inner-style\"><\/span><\/span><\/div>\n<div  class='flex_column av-m5y8pu-c55d546ab73628ee0798ba43ec3e8db4 av_one_fifth  avia-builder-el-15  el_after_av_hr  el_before_av_one_fifth  first flex_column_div  '     ><\/div>\n<style type=\"text\/css\" data-created_by=\"avia_inline_auto\" id=\"style-css-av-l5w0lu-0485b2cbfc0e35684a2b7d1e271c6c0e\">\n.flex_column.av-l5w0lu-0485b2cbfc0e35684a2b7d1e271c6c0e{\nborder-radius:0px 0px 0px 0px;\npadding:0px 0px 0px 0px;\n}\n<\/style>\n<div  class='flex_column av-l5w0lu-0485b2cbfc0e35684a2b7d1e271c6c0e av_one_fifth  avia-builder-el-16  el_after_av_one_fifth  el_before_av_one_fifth  flex_column_div av-zero-column-padding  '     ><\/div>\n<style type=\"text\/css\" data-created_by=\"avia_inline_auto\" id=\"style-css-av-iylajm-3f05b0a4f2ea1b93bc257b6c1bb168be\">\n.flex_column.av-iylajm-3f05b0a4f2ea1b93bc257b6c1bb168be{\nborder-radius:0px 0px 0px 0px;\npadding:0px 0px 0px 0px;\n}\n<\/style>\n<div  class='flex_column av-iylajm-3f05b0a4f2ea1b93bc257b6c1bb168be av_one_fifth  avia-builder-el-17  el_after_av_one_fifth  el_before_av_one_fifth  flex_column_div av-zero-column-padding  '     ><p>\n<style type=\"text\/css\" data-created_by=\"avia_inline_auto\" id=\"style-css-av-kqche-b711519ea44fa987efcc6e19251b4b66\">\n.av_font_icon.av-kqche-b711519ea44fa987efcc6e19251b4b66{\ncolor:#2d5c88;\nborder-color:#2d5c88;\n}\n.av_font_icon.av-kqche-b711519ea44fa987efcc6e19251b4b66 .av-icon-char{\nfont-size:60px;\nline-height:60px;\n}\n<\/style>\n<span  class='av_font_icon av-kqche-b711519ea44fa987efcc6e19251b4b66 avia_animate_when_visible av-icon-style- avia-icon-pos-center avia-icon-animate'><a href='https:\/\/incus.es\/industry\/almond\/'   class='av-icon-char' aria-hidden='true' data-av_icon='\ue800' data-av_iconfont='fontello' ><\/a><\/span><br \/>\n\n<style type=\"text\/css\" data-created_by=\"avia_inline_auto\" id=\"style-css-av-fumq8i-44075f06f1142c97fdb9b2d549867b8d\">\n#top .hr.hr-invisible.av-fumq8i-44075f06f1142c97fdb9b2d549867b8d{\nheight:15px;\n}\n<\/style>\n<div  class='hr av-fumq8i-44075f06f1142c97fdb9b2d549867b8d hr-invisible  avia-builder-el-19  el_after_av_font_icon  el_before_av_textblock '><span class='hr-inner '><span class=\"hr-inner-style\"><\/span><\/span><\/div><br \/>\n\n<style type=\"text\/css\" data-created_by=\"avia_inline_auto\" id=\"style-css-av-drdbnm-59e7f4bef423679892fbe0cc219b2ff1\">\n#top .av_textblock_section.av-drdbnm-59e7f4bef423679892fbe0cc219b2ff1 .avia_textblock{\ncolor:#305698;\n}\n<\/style>\n<section  class='av_textblock_section av-drdbnm-59e7f4bef423679892fbe0cc219b2ff1 '   itemscope=\"itemscope\" itemtype=\"https:\/\/schema.org\/CreativeWork\" ><div class='avia_textblock av_inherit_color'  itemprop=\"text\" ><p>Almendras<\/p>\n<\/div><\/section><\/p><\/div>\n<style type=\"text\/css\" data-created_by=\"avia_inline_auto\" id=\"style-css-av-d1t6nm-91d7a114aebfa2b9910ec4ea6c80f3c6\">\n.flex_column.av-d1t6nm-91d7a114aebfa2b9910ec4ea6c80f3c6{\nborder-radius:0px 0px 0px 0px;\npadding:0px 0px 0px 0px;\n}\n<\/style>\n<div  class='flex_column av-d1t6nm-91d7a114aebfa2b9910ec4ea6c80f3c6 av_one_fifth  avia-builder-el-21  el_after_av_one_fifth  el_before_av_one_fifth  flex_column_div av-zero-column-padding  '     ><\/div>\n<style type=\"text\/css\" data-created_by=\"avia_inline_auto\" id=\"style-css-av-ac0itu-c5b81cb1acb5d6a4d6273305d842e2a2\">\n.flex_column.av-ac0itu-c5b81cb1acb5d6a4d6273305d842e2a2{\nborder-radius:0px 0px 0px 0px;\npadding:0px 0px 0px 0px;\n}\n<\/style>\n<div  class='flex_column av-ac0itu-c5b81cb1acb5d6a4d6273305d842e2a2 av_one_fifth  avia-builder-el-22  el_after_av_one_fifth  avia-builder-el-last  flex_column_div av-zero-column-padding  '     ><\/div><\/div><\/div><\/div><!-- close content main div --><\/div><\/div><div id='av-layout-grid-3'  class='av-layout-grid-container av-963tk2-01977234b228b4a913e8963a4adb5a17 entry-content-wrapper main_color av-flex-cells  avia-builder-el-23  el_after_av_section  avia-builder-el-last  grid-row-not-first  container_wrap sidebar_right'  >\n\n<style type=\"text\/css\" data-created_by=\"avia_inline_auto\" id=\"style-css-av-7azmj6-83a0ce0c2e96f4cddebeed5a9ade1ceb\">\n.flex_cell.av-7azmj6-83a0ce0c2e96f4cddebeed5a9ade1ceb{\nvertical-align:top;\n}\n.responsive #top #wrap_all .flex_cell.av-7azmj6-83a0ce0c2e96f4cddebeed5a9ade1ceb{\npadding:30px 30px 30px 30px !important;\n}\n<\/style>\n<div class='flex_cell av-7azmj6-83a0ce0c2e96f4cddebeed5a9ade1ceb av-gridrow-cell av_one_half no_margin  avia-builder-el-24  el_before_av_cell_one_half  avia-builder-el-first '  ><div class='flex_cell_inner'><div  class='avia-button-wrap avia-button-center  avia-builder-el-25  avia-builder-el-no-sibling '>\n<style type=\"text\/css\" data-created_by=\"avia_inline_auto\" id=\"style-css-av-4ndmhu-3b88d1a5ff6093ea28afaea99cd7b728\">\n#top #wrap_all .avia-button.av-4ndmhu-3b88d1a5ff6093ea28afaea99cd7b728:hover{\nbackground-color:#3e90e8;\ncolor:#ffffff;\ntransition:all 0.4s ease-in-out;\n}\n<\/style>\n<a href='' class='av-icon-on-hover avia-color-theme-color avia-font-color-theme-color avia-button avia-button-fullwidth av-4ndmhu-3b88d1a5ff6093ea28afaea99cd7b728 avia-icon_select-yes-left-icon avia-color-theme-color'  ><span class='avia_button_icon avia_button_icon_left' aria-hidden='true' data-av_icon='\ue855' data-av_iconfont='entypo-fontello'><\/span><span class='avia_iconbox_title' >M\u00e1quinas incluidas<\/span><div class='av-button-description av-button-description-below'><p>M\u00e1quinas para Descascarado de almendra<\/p>\n<\/div><\/a><\/div>\n<\/div><\/div>\n<style type=\"text\/css\" data-created_by=\"avia_inline_auto\" id=\"style-css-av-3puhpe-b7f201864c2dd10af1d7c09764858b63\">\n.flex_cell.av-3puhpe-b7f201864c2dd10af1d7c09764858b63{\nvertical-align:top;\n}\n.responsive #top #wrap_all .flex_cell.av-3puhpe-b7f201864c2dd10af1d7c09764858b63{\npadding:30px 30px 30px 30px !important;\n}\n<\/style>\n<div class='flex_cell av-3puhpe-b7f201864c2dd10af1d7c09764858b63 av-gridrow-cell av_one_half no_margin  avia-builder-el-26  el_after_av_cell_one_half  avia-builder-el-last '  ><div class='flex_cell_inner'><div  class='avia-button-wrap avia-button-center  avia-builder-el-27  avia-builder-el-no-sibling '>\n<style type=\"text\/css\" data-created_by=\"avia_inline_auto\" id=\"style-css-av-36toxe-927225ee13fa41320c5503c599a0547b\">\n#top #wrap_all .avia-button.av-36toxe-927225ee13fa41320c5503c599a0547b{\ncolor:#ffffff;\ntransition:all 0.4s ease-in-out;\n}\n#top #wrap_all .avia-button.av-36toxe-927225ee13fa41320c5503c599a0547b:hover{\nbackground-color:#3e90e8;\ncolor:#ffffff;\ntransition:all 0.4s ease-in-out;\n}\n<\/style>\n<a href='https:\/\/incus.es\/contact\/' class='av-icon-on-hover avia-color-theme-color avia-button avia-button-fullwidth av-36toxe-927225ee13fa41320c5503c599a0547b avia-icon_select-yes-left-icon avia-color-theme-color'  ><span class='avia_button_icon avia_button_icon_left' aria-hidden='true' data-av_icon='\ue81c' data-av_iconfont='entypo-fontello'><\/span><span class='avia_iconbox_title' >\u00bfNecesitas m\u00e1s informaci\u00f3n?<\/span><div class='av-button-description av-button-description-below'><p>\u00a1Cont\u00e1ctanos!<\/p>\n<\/div><\/a><\/div>\n<\/div><\/div><\/div><\/p>\n","protected":false},"excerpt":{"rendered":"","protected":false},"author":1,"featured_media":0,"parent":1784,"menu_order":0,"comment_status":"closed","ping_status":"closed","template":"","meta":{"footnotes":""},"_links":{"self":[{"href":"https:\/\/incus.es\/es\/wp-json\/wp\/v2\/pages\/2820"}],"collection":[{"href":"https:\/\/incus.es\/es\/wp-json\/wp\/v2\/pages"}],"about":[{"href":"https:\/\/incus.es\/es\/wp-json\/wp\/v2\/types\/page"}],"author":[{"embeddable":true,"href":"https:\/\/incus.es\/es\/wp-json\/wp\/v2\/users\/1"}],"replies":[{"embeddable":true,"href":"https:\/\/incus.es\/es\/wp-json\/wp\/v2\/comments?post=2820"}],"version-history":[{"count":0,"href":"https:\/\/incus.es\/es\/wp-json\/wp\/v2\/pages\/2820\/revisions"}],"up":[{"embeddable":true,"href":"https:\/\/incus.es\/es\/wp-json\/wp\/v2\/pages\/1784"}],"wp:attachment":[{"href":"https:\/\/incus.es\/es\/wp-json\/wp\/v2\/media?parent=2820"}],"curies":[{"name":"wp","href":"https:\/\/api.w.org\/{rel}","templated":true}]}}