{"id":2797,"date":"2021-04-12T11:35:41","date_gmt":"2021-04-12T11:35:41","guid":{"rendered":"https:\/\/incus.es\/lineas-de-produccion\/harina-granillo\/"},"modified":"2021-04-12T11:36:11","modified_gmt":"2021-04-12T11:36:11","slug":"harina-granillo","status":"publish","type":"page","link":"https:\/\/incus.es\/es\/lineas-de-produccion\/harina-granillo\/","title":{"rendered":"Harina, granillo."},"content":{"rendered":"\n<style type=\"text\/css\" data-created_by=\"avia_inline_auto\" id=\"style-css-av-azpzx-e37f9919368f039d52281f2d7f9e1a80\">\n#top .av-special-heading.av-azpzx-e37f9919368f039d52281f2d7f9e1a80{\npadding-bottom:10px;\ncolor:#4f76ad;\nfont-size:35px;\n}\nbody .av-special-heading.av-azpzx-e37f9919368f039d52281f2d7f9e1a80 .av-special-heading-tag .heading-char{\nfont-size:25px;\n}\n#top #wrap_all .av-special-heading.av-azpzx-e37f9919368f039d52281f2d7f9e1a80 .av-special-heading-tag{\nfont-size:35px;\n}\n.av-special-heading.av-azpzx-e37f9919368f039d52281f2d7f9e1a80 .special-heading-inner-border{\nborder-color:#4f76ad;\n}\n.av-special-heading.av-azpzx-e37f9919368f039d52281f2d7f9e1a80 .av-subheading{\nfont-size:15px;\n}\n\n@media only screen and (min-width: 480px) and (max-width: 767px){ \n#top #wrap_all .av-special-heading.av-azpzx-e37f9919368f039d52281f2d7f9e1a80 .av-special-heading-tag{\nfont-size:0.8em;\n}\n}\n\n@media only screen and (max-width: 479px){ \n#top #wrap_all .av-special-heading.av-azpzx-e37f9919368f039d52281f2d7f9e1a80 .av-special-heading-tag{\nfont-size:0.8em;\n}\n}\n<\/style>\n<div  class='av-special-heading av-azpzx-e37f9919368f039d52281f2d7f9e1a80 av-special-heading-h2 custom-color-heading blockquote modern-quote modern-centered  avia-builder-el-0  el_before_av_image  avia-builder-el-first  av-inherit-size'><h2 class='av-special-heading-tag'  itemprop=\"headline\"  >Harina, granillo.<\/h2><div class='av_custom_color av-subheading av-subheading_below'><p>La harina m\u00e1s fina<\/p>\n<\/div><div class=\"special-heading-border\"><div class=\"special-heading-inner-border\"><\/div><\/div><\/div>\n\n<style type=\"text\/css\" data-created_by=\"avia_inline_auto\" id=\"style-css-av-kmm6mjh2-32f49e5dc501779510e3a72813b86300\">\n.avia-image-container.av-kmm6mjh2-32f49e5dc501779510e3a72813b86300 img.avia_image{\nbox-shadow:none;\n}\n.avia-image-container.av-kmm6mjh2-32f49e5dc501779510e3a72813b86300 .av-image-caption-overlay-center{\ncolor:#ffffff;\n}\n<\/style>\n<div  class='avia-image-container av-kmm6mjh2-32f49e5dc501779510e3a72813b86300 av-styling- avia-align-center  avia-builder-el-1  el_after_av_heading  el_before_av_layout_row  avia-builder-el-last '   itemprop=\"image\" itemscope=\"itemscope\" itemtype=\"https:\/\/schema.org\/ImageObject\" ><div class=\"avia-image-container-inner\"><div class=\"avia-image-overlay-wrap\"><img decoding=\"async\" class='wp-image-3427 avia-img-lazy-loading-not-3427 avia_image ' src=\"https:\/\/incus.es\/wp-content\/uploads\/2021\/03\/L\u00ednea-de-harina-1920x1080-1.jpg\" alt='' title='L\u00ednea de harina'  height=\"1080\" width=\"1920\"  itemprop=\"thumbnailUrl\" srcset=\"https:\/\/incus.es\/wp-content\/uploads\/2021\/03\/L\u00ednea-de-harina-1920x1080-1.jpg 1920w, https:\/\/incus.es\/wp-content\/uploads\/2021\/03\/L\u00ednea-de-harina-1920x1080-1-300x169.jpg 300w, https:\/\/incus.es\/wp-content\/uploads\/2021\/03\/L\u00ednea-de-harina-1920x1080-1-768x432.jpg 768w, https:\/\/incus.es\/wp-content\/uploads\/2021\/03\/L\u00ednea-de-harina-1920x1080-1-1030x579.jpg 1030w, https:\/\/incus.es\/wp-content\/uploads\/2021\/03\/L\u00ednea-de-harina-1920x1080-1-1500x844.jpg 1500w, https:\/\/incus.es\/wp-content\/uploads\/2021\/03\/L\u00ednea-de-harina-1920x1080-1-705x397.jpg 705w, https:\/\/incus.es\/wp-content\/uploads\/2021\/03\/L\u00ednea-de-harina-1920x1080-1-450x253.jpg 450w\" sizes=\"(max-width: 1920px) 100vw, 1920px\" \/><\/div><\/div><\/div>\n<\/div><\/div><\/div><!-- close content main div --><\/div><\/div><div id='av-layout-grid-1'  class='av-layout-grid-container av-mjqul-90aed4d0a10216b34a26f7e781386f48 entry-content-wrapper main_color av-border-top-bottom av-flex-cells  avia-builder-el-2  el_after_av_image  el_before_av_section  grid-row-not-first  container_wrap sidebar_right'  >\n\n<style type=\"text\/css\" data-created_by=\"avia_inline_auto\" id=\"style-css-av-616rxp-511a66391a8d00119bf3e2326f82ec6e\">\n.flex_cell.av-616rxp-511a66391a8d00119bf3e2326f82ec6e{\nvertical-align:middle;\n}\n.responsive #top #wrap_all .flex_cell.av-616rxp-511a66391a8d00119bf3e2326f82ec6e{\npadding:30px 30px 30px 30px !important;\n}\n<\/style>\n<div class='flex_cell av-616rxp-511a66391a8d00119bf3e2326f82ec6e av-gridrow-cell av_one_half no_margin  avia-builder-el-3  el_before_av_cell_one_half  avia-builder-el-first '  ><div class='flex_cell_inner'><section  class='av_textblock_section av-5y6vod-0d89e5a88e7d55613d25e6356382e7c3 '   itemscope=\"itemscope\" itemtype=\"https:\/\/schema.org\/CreativeWork\" ><div class='avia_textblock'  itemprop=\"text\" ><p style=\"text-align: center;\">Los equipos de granillo y harina de Incus convierten el grano entero con o sin piel as\u00ed como los trozos y medias, en harina o productos granulado de diferentes tama\u00f1os. Las l\u00edneas pueden incluir sistemas de tamizado de gran precisi\u00f3n.<\/p>\n<\/div><\/section>\n<\/div><\/div>\n<style type=\"text\/css\" data-created_by=\"avia_inline_auto\" id=\"style-css-av-5nouvp-deeb4e6e2d752046371d1e0c47698bf7\">\n.flex_cell.av-5nouvp-deeb4e6e2d752046371d1e0c47698bf7{\nvertical-align:middle;\nbackground-color:#7bb0e7;\n}\n.responsive #top #wrap_all .flex_cell.av-5nouvp-deeb4e6e2d752046371d1e0c47698bf7{\npadding:30px 0 0 30px !important;\n}\n<\/style>\n<div class='flex_cell av-5nouvp-deeb4e6e2d752046371d1e0c47698bf7 av-gridrow-cell av_one_half no_margin  avia-builder-el-5  el_after_av_cell_one_half  avia-builder-el-last '  ><div class='flex_cell_inner'>\n<style type=\"text\/css\" data-created_by=\"avia_inline_auto\" id=\"style-css-av-5j5sid-2c69e1936eb286b05a72a0e54acb75f3\">\n#top .av_textblock_section.av-5j5sid-2c69e1936eb286b05a72a0e54acb75f3 .avia_textblock{\nfont-size:13px;\ncolor:#ffffff;\n}\n<\/style>\n<section  class='av_textblock_section av-5j5sid-2c69e1936eb286b05a72a0e54acb75f3 '   itemscope=\"itemscope\" itemtype=\"https:\/\/schema.org\/CreativeWork\" ><div class='avia_textblock av_inherit_color'  itemprop=\"text\" ><h3><strong>VENTAJAS<\/strong><\/h3>\n<ul style=\"list-style: circle outside !important;\">\n<li>Soluciones para harina normal, fina o extra fina.<\/li>\n<li>Maquinaria vers\u00e1til.<\/li>\n<li>Proceso de granillo y harina estable y constante.<\/li>\n<li>El m\u00e1s alto dise\u00f1o higi\u00e9nico.<\/li>\n<li>F\u00e1cil acceso.<\/li>\n<\/ul>\n<\/div><\/section>\n<\/div><\/div>\n<\/div>\n\n<style type=\"text\/css\" data-created_by=\"avia_inline_auto\" id=\"style-css-av-5dwigt-ce8d06ce639c6e68ea4ad9143a0d52c9\">\n.avia-section.av-5dwigt-ce8d06ce639c6e68ea4ad9143a0d52c9{\nbackground-color:#fcfcfc;\nbackground-image:unset;\n}\n<\/style>\n<div id='av_section_1'  class='avia-section av-5dwigt-ce8d06ce639c6e68ea4ad9143a0d52c9 main_color avia-section-default avia-shadow  avia-builder-el-7  el_after_av_layout_row  el_before_av_layout_row  avia-bg-style-scroll container_wrap sidebar_right'  ><div class='container av-section-cont-open' ><div class='template-page content  av-content-small alpha units'><div class='post-entry post-entry-type-page post-entry-2797'><div class='entry-content-wrapper clearfix'>\n\n<style type=\"text\/css\" data-created_by=\"avia_inline_auto\" id=\"style-css-av-1j2ba5-4e40a9fb695c5e70afdca74ca9741d6c\">\n#top .av-special-heading.av-1j2ba5-4e40a9fb695c5e70afdca74ca9741d6c{\npadding-bottom:0;\ncolor:#4f76ad;\nfont-size:25px;\n}\nbody .av-special-heading.av-1j2ba5-4e40a9fb695c5e70afdca74ca9741d6c .av-special-heading-tag .heading-char{\nfont-size:25px;\n}\n#top #wrap_all .av-special-heading.av-1j2ba5-4e40a9fb695c5e70afdca74ca9741d6c .av-special-heading-tag{\nfont-size:25px;\n}\n.av-special-heading.av-1j2ba5-4e40a9fb695c5e70afdca74ca9741d6c .special-heading-inner-border{\nborder-color:#4f76ad;\n}\n.av-special-heading.av-1j2ba5-4e40a9fb695c5e70afdca74ca9741d6c .av-subheading{\nfont-size:15px;\n}\n\n@media only screen and (min-width: 480px) and (max-width: 767px){ \n#top #wrap_all .av-special-heading.av-1j2ba5-4e40a9fb695c5e70afdca74ca9741d6c .av-special-heading-tag{\nfont-size:0.8em;\n}\n}\n\n@media only screen and (max-width: 479px){ \n#top #wrap_all .av-special-heading.av-1j2ba5-4e40a9fb695c5e70afdca74ca9741d6c .av-special-heading-tag{\nfont-size:0.8em;\n}\n}\n<\/style>\n<div  class='av-special-heading av-1j2ba5-4e40a9fb695c5e70afdca74ca9741d6c av-special-heading-h2 custom-color-heading blockquote modern-quote modern-centered  avia-builder-el-8  el_before_av_hr  avia-builder-el-first  av-thin-font av-inherit-size'><h2 class='av-special-heading-tag'  itemprop=\"headline\"  ><strong>Productos<\/strong> procesados<\/h2><div class=\"special-heading-border\"><div class=\"special-heading-inner-border\"><\/div><\/div><\/div>\n\n<style type=\"text\/css\" data-created_by=\"avia_inline_auto\" id=\"style-css-av-51w8ql-53afc63754dd4fcdfac943baa869b7ac\">\n#top .hr.av-51w8ql-53afc63754dd4fcdfac943baa869b7ac{\nmargin-top:5px;\nmargin-bottom:10px;\n}\n.hr.av-51w8ql-53afc63754dd4fcdfac943baa869b7ac .hr-inner{\nwidth:30%;\nmax-width:45%;\n}\n<\/style>\n<div  class='hr av-51w8ql-53afc63754dd4fcdfac943baa869b7ac hr-custom  avia-builder-el-9  el_after_av_heading  el_before_av_one_third  hr-center hr-icon-yes'><span class='hr-inner inner-border-av-border-thin'><span class=\"hr-inner-style\"><\/span><\/span><span class='av-seperator-icon' aria-hidden='true' data-av_icon='\ue8bd' data-av_iconfont='entypo-fontello'><\/span><span class='hr-inner inner-border-av-border-thin'><span class=\"hr-inner-style\"><\/span><\/span><\/div>\n<div  class='flex_column av-4x4a5h-bff17c748642aa1bb55cefd0d0053a2e av_one_third  avia-builder-el-10  el_after_av_hr  el_before_av_one_third  first flex_column_div  '     ><p>\n<style type=\"text\/css\" data-created_by=\"avia_inline_auto\" id=\"style-css-av-1cdqsd-3f0235142f8660988cb6330c67fc4e1c\">\n.av_font_icon.av-1cdqsd-3f0235142f8660988cb6330c67fc4e1c{\ncolor:#2d5c88;\nborder-color:#2d5c88;\n}\n.av_font_icon.av-1cdqsd-3f0235142f8660988cb6330c67fc4e1c .av-icon-char{\nfont-size:60px;\nline-height:60px;\n}\n<\/style>\n<span  class='av_font_icon av-1cdqsd-3f0235142f8660988cb6330c67fc4e1c avia_animate_when_visible av-icon-style- avia-icon-pos-center avia-icon-animate'><a href='https:\/\/incus.es\/industry\/almond\/'   class='av-icon-char' aria-hidden='true' data-av_icon='\ue800' data-av_iconfont='fontello' ><\/a><\/span><br \/>\n\n<style type=\"text\/css\" data-created_by=\"avia_inline_auto\" id=\"style-css-av-4kodx9-67762e40a77c2801683692cdbcc6a79b\">\n#top .hr.hr-invisible.av-4kodx9-67762e40a77c2801683692cdbcc6a79b{\nheight:15px;\n}\n<\/style>\n<div  class='hr av-4kodx9-67762e40a77c2801683692cdbcc6a79b hr-invisible  avia-builder-el-12  el_after_av_font_icon  el_before_av_textblock '><span class='hr-inner '><span class=\"hr-inner-style\"><\/span><\/span><\/div><br \/>\n\n<style type=\"text\/css\" data-created_by=\"avia_inline_auto\" id=\"style-css-av-4cb3h1-c764677dad8b6f5a5578a29922ebe235\">\n#top .av_textblock_section.av-4cb3h1-c764677dad8b6f5a5578a29922ebe235 .avia_textblock{\ncolor:#305698;\n}\n<\/style>\n<section  class='av_textblock_section av-4cb3h1-c764677dad8b6f5a5578a29922ebe235 '   itemscope=\"itemscope\" itemtype=\"https:\/\/schema.org\/CreativeWork\" ><div class='avia_textblock av_inherit_color'  itemprop=\"text\" ><p>Almendras<\/p>\n<\/div><\/section><\/p><\/div>\n<style type=\"text\/css\" data-created_by=\"avia_inline_auto\" id=\"style-css-av-49sqdx-e7bf9fd992824fe5561af28637e991b7\">\n.flex_column.av-49sqdx-e7bf9fd992824fe5561af28637e991b7{\nborder-radius:0px 0px 0px 0px;\npadding:0px 0px 0px 0px;\n}\n<\/style>\n<div  class='flex_column av-49sqdx-e7bf9fd992824fe5561af28637e991b7 av_one_third  avia-builder-el-14  el_after_av_one_third  el_before_av_one_third  flex_column_div av-zero-column-padding  '     ><p>\n<style type=\"text\/css\" data-created_by=\"avia_inline_auto\" id=\"style-css-av-18bz3p-7b17c05f110bcd92f3383959f5bcbfd2\">\n.av_font_icon.av-18bz3p-7b17c05f110bcd92f3383959f5bcbfd2{\ncolor:#2d5c88;\nborder-color:#2d5c88;\n}\n.av_font_icon.av-18bz3p-7b17c05f110bcd92f3383959f5bcbfd2 .av-icon-char{\nfont-size:60px;\nline-height:60px;\n}\n<\/style>\n<span  class='av_font_icon av-18bz3p-7b17c05f110bcd92f3383959f5bcbfd2 avia_animate_when_visible av-icon-style- avia-icon-pos-center avia-icon-animate'><a href='https:\/\/incus.es\/industry\/brazil-nuts\/'   class='av-icon-char' aria-hidden='true' data-av_icon='\ue804' data-av_iconfont='fontello' ><\/a><\/span><br \/>\n\n<style type=\"text\/css\" data-created_by=\"avia_inline_auto\" id=\"style-css-av-e831h-0ed237dee83ca94d9f569486ee4b2418\">\n#top .hr.hr-invisible.av-e831h-0ed237dee83ca94d9f569486ee4b2418{\nheight:15px;\n}\n<\/style>\n<div  class='hr av-e831h-0ed237dee83ca94d9f569486ee4b2418 hr-invisible  avia-builder-el-16  el_after_av_font_icon  el_before_av_textblock '><span class='hr-inner '><span class=\"hr-inner-style\"><\/span><\/span><\/div><br \/>\n\n<style type=\"text\/css\" data-created_by=\"avia_inline_auto\" id=\"style-css-av-3p3u11-e6d7f9c6b309cd732e6c4abd751a8a97\">\n#top .av_textblock_section.av-3p3u11-e6d7f9c6b309cd732e6c4abd751a8a97 .avia_textblock{\ncolor:#305698;\n}\n<\/style>\n<section  class='av_textblock_section av-3p3u11-e6d7f9c6b309cd732e6c4abd751a8a97 '   itemscope=\"itemscope\" itemtype=\"https:\/\/schema.org\/CreativeWork\" ><div class='avia_textblock av_inherit_color'  itemprop=\"text\" ><p>Coquito de Brazil<\/p>\n<\/div><\/section><\/p><\/div>\n<style type=\"text\/css\" data-created_by=\"avia_inline_auto\" id=\"style-css-av-3isczh-fffa150509f3d37b04341b03c51a0828\">\n.flex_column.av-3isczh-fffa150509f3d37b04341b03c51a0828{\nborder-radius:0px 0px 0px 0px;\npadding:0px 0px 0px 0px;\n}\n<\/style>\n<div  class='flex_column av-3isczh-fffa150509f3d37b04341b03c51a0828 av_one_third  avia-builder-el-18  el_after_av_one_third  el_before_av_one_third  flex_column_div av-zero-column-padding  '     ><p>\n<style type=\"text\/css\" data-created_by=\"avia_inline_auto\" id=\"style-css-av-12h4tp-0b1f1638ab7916d9195af46937dbce75\">\n.av_font_icon.av-12h4tp-0b1f1638ab7916d9195af46937dbce75{\ncolor:#2d5c88;\nborder-color:#2d5c88;\n}\n.av_font_icon.av-12h4tp-0b1f1638ab7916d9195af46937dbce75 .av-icon-char{\nfont-size:60px;\nline-height:60px;\n}\n<\/style>\n<span  class='av_font_icon av-12h4tp-0b1f1638ab7916d9195af46937dbce75 avia_animate_when_visible av-icon-style- avia-icon-pos-center avia-icon-animate'><a href='https:\/\/incus.es\/industry\/hazelnut\/'   class='av-icon-char' aria-hidden='true' data-av_icon='\ue806' data-av_iconfont='fontello' ><\/a><\/span><br \/>\n\n<style type=\"text\/css\" data-created_by=\"avia_inline_auto\" id=\"style-css-av-363c1x-b5ccc64cfcbd89a1e0005b91b8de113c\">\n#top .hr.hr-invisible.av-363c1x-b5ccc64cfcbd89a1e0005b91b8de113c{\nheight:15px;\n}\n<\/style>\n<div  class='hr av-363c1x-b5ccc64cfcbd89a1e0005b91b8de113c hr-invisible  avia-builder-el-20  el_after_av_font_icon  el_before_av_textblock '><span class='hr-inner '><span class=\"hr-inner-style\"><\/span><\/span><\/div><br \/>\n\n<style type=\"text\/css\" data-created_by=\"avia_inline_auto\" id=\"style-css-av-33q9jx-c554fb9866ba30beee246e2a82df2997\">\n#top .av_textblock_section.av-33q9jx-c554fb9866ba30beee246e2a82df2997 .avia_textblock{\ncolor:#305698;\n}\n<\/style>\n<section  class='av_textblock_section av-33q9jx-c554fb9866ba30beee246e2a82df2997 '   itemscope=\"itemscope\" itemtype=\"https:\/\/schema.org\/CreativeWork\" ><div class='avia_textblock av_inherit_color'  itemprop=\"text\" ><p>Avellana<\/p>\n<\/div><\/section><\/p><\/div><div  class='flex_column av-2w3vgt-f6b296202551306e4fd7d67bdeb37335 av_one_third  avia-builder-el-22  el_after_av_one_third  el_before_av_one_third  first flex_column_div  column-top-margin'     ><p>\n<style type=\"text\/css\" data-created_by=\"avia_inline_auto\" id=\"style-css-av-yoa4l-16f0bf14b87ac85cac1af904e4af5795\">\n.av_font_icon.av-yoa4l-16f0bf14b87ac85cac1af904e4af5795{\ncolor:#2d5c88;\nborder-color:#2d5c88;\n}\n.av_font_icon.av-yoa4l-16f0bf14b87ac85cac1af904e4af5795 .av-icon-char{\nfont-size:60px;\nline-height:60px;\n}\n<\/style>\n<span  class='av_font_icon av-yoa4l-16f0bf14b87ac85cac1af904e4af5795 avia_animate_when_visible av-icon-style- avia-icon-pos-center avia-icon-animate'><a href='https:\/\/incus.es\/industry\/macadamia-2\/'   class='av-icon-char' aria-hidden='true' data-av_icon='\ue807' data-av_iconfont='fontello' ><\/a><\/span><br \/>\n\n<style type=\"text\/css\" data-created_by=\"avia_inline_auto\" id=\"style-css-av-2jc631-c6d1213d6c9486509fac07f91dd4973b\">\n#top .hr.hr-invisible.av-2jc631-c6d1213d6c9486509fac07f91dd4973b{\nheight:15px;\n}\n<\/style>\n<div  class='hr av-2jc631-c6d1213d6c9486509fac07f91dd4973b hr-invisible  avia-builder-el-24  el_after_av_font_icon  el_before_av_textblock '><span class='hr-inner '><span class=\"hr-inner-style\"><\/span><\/span><\/div><br \/>\n\n<style type=\"text\/css\" data-created_by=\"avia_inline_auto\" id=\"style-css-av-2c3ilh-30db7c6d3e4104e23cba9e3602322dc6\">\n#top .av_textblock_section.av-2c3ilh-30db7c6d3e4104e23cba9e3602322dc6 .avia_textblock{\ncolor:#305698;\n}\n<\/style>\n<section  class='av_textblock_section av-2c3ilh-30db7c6d3e4104e23cba9e3602322dc6 '   itemscope=\"itemscope\" itemtype=\"https:\/\/schema.org\/CreativeWork\" ><div class='avia_textblock av_inherit_color'  itemprop=\"text\" ><p>Macadamia<\/p>\n<\/div><\/section><\/p><\/div>\n<style type=\"text\/css\" data-created_by=\"avia_inline_auto\" id=\"style-css-av-88bal-23a6fad332f60e6bd258715d6beb00ba\">\n.flex_column.av-88bal-23a6fad332f60e6bd258715d6beb00ba{\nborder-radius:0px 0px 0px 0px;\npadding:0px 0px 0px 0px;\n}\n<\/style>\n<div  class='flex_column av-88bal-23a6fad332f60e6bd258715d6beb00ba av_one_third  avia-builder-el-26  el_after_av_one_third  el_before_av_one_third  flex_column_div av-zero-column-padding  column-top-margin'     ><p>\n<style type=\"text\/css\" data-created_by=\"avia_inline_auto\" id=\"style-css-av-qpb3x-1a843dae58e4b97235e38cfe47bac584\">\n.av_font_icon.av-qpb3x-1a843dae58e4b97235e38cfe47bac584{\ncolor:#2d5c88;\nborder-color:#2d5c88;\n}\n.av_font_icon.av-qpb3x-1a843dae58e4b97235e38cfe47bac584 .av-icon-char{\nfont-size:60px;\nline-height:60px;\n}\n<\/style>\n<span  class='av_font_icon av-qpb3x-1a843dae58e4b97235e38cfe47bac584 avia_animate_when_visible av-icon-style- avia-icon-pos-center avia-icon-animate'><a href='https:\/\/incus.es\/industry\/peanut\/'   class='av-icon-char' aria-hidden='true' data-av_icon='\ue807' data-av_iconfont='fontello' ><\/a><\/span><br \/>\n\n<style type=\"text\/css\" data-created_by=\"avia_inline_auto\" id=\"style-css-av-1vbkb9-3843db9224c80f91a2f966d52f1f3a2c\">\n#top .hr.hr-invisible.av-1vbkb9-3843db9224c80f91a2f966d52f1f3a2c{\nheight:15px;\n}\n<\/style>\n<div  class='hr av-1vbkb9-3843db9224c80f91a2f966d52f1f3a2c hr-invisible  avia-builder-el-28  el_after_av_font_icon  el_before_av_textblock '><span class='hr-inner '><span class=\"hr-inner-style\"><\/span><\/span><\/div><br \/>\n\n<style type=\"text\/css\" data-created_by=\"avia_inline_auto\" id=\"style-css-av-1pmpb9-b79adc4241ce58d689d6fe98070c17f7\">\n#top .av_textblock_section.av-1pmpb9-b79adc4241ce58d689d6fe98070c17f7 .avia_textblock{\ncolor:#305698;\n}\n<\/style>\n<section  class='av_textblock_section av-1pmpb9-b79adc4241ce58d689d6fe98070c17f7 '   itemscope=\"itemscope\" itemtype=\"https:\/\/schema.org\/CreativeWork\" ><div class='avia_textblock av_inherit_color'  itemprop=\"text\" ><p>Cacahuete<\/p>\n<\/div><\/section><\/p><\/div>\n<style type=\"text\/css\" data-created_by=\"avia_inline_auto\" id=\"style-css-av-1inp1p-6466d86936b01fe10f7b4499d1d57e70\">\n.flex_column.av-1inp1p-6466d86936b01fe10f7b4499d1d57e70{\nborder-radius:0px 0px 0px 0px;\npadding:0px 0px 0px 0px;\n}\n<\/style>\n<div  class='flex_column av-1inp1p-6466d86936b01fe10f7b4499d1d57e70 av_one_third  avia-builder-el-30  el_after_av_one_third  avia-builder-el-last  flex_column_div av-zero-column-padding  column-top-margin'     ><p>\n<style type=\"text\/css\" data-created_by=\"avia_inline_auto\" id=\"style-css-av-ilhph-935628dd22c2c854bf162a14251f651e\">\n.av_font_icon.av-ilhph-935628dd22c2c854bf162a14251f651e{\ncolor:#2d5c88;\nborder-color:#2d5c88;\n}\n.av_font_icon.av-ilhph-935628dd22c2c854bf162a14251f651e .av-icon-char{\nfont-size:60px;\nline-height:60px;\n}\n<\/style>\n<span  class='av_font_icon av-ilhph-935628dd22c2c854bf162a14251f651e avia_animate_when_visible av-icon-style- avia-icon-pos-center avia-icon-animate'><a href='https:\/\/incus.es\/industry\/pistachio\/'   class='av-icon-char' aria-hidden='true' data-av_icon='\ue80b' data-av_iconfont='fontello' ><\/a><\/span><br \/>\n\n<style type=\"text\/css\" data-created_by=\"avia_inline_auto\" id=\"style-css-av-1aj33h-1096d335bb8bfb27206e8652741758bc\">\n#top .hr.hr-invisible.av-1aj33h-1096d335bb8bfb27206e8652741758bc{\nheight:15px;\n}\n<\/style>\n<div  class='hr av-1aj33h-1096d335bb8bfb27206e8652741758bc hr-invisible  avia-builder-el-32  el_after_av_font_icon  el_before_av_textblock '><span class='hr-inner '><span class=\"hr-inner-style\"><\/span><\/span><\/div><br \/>\n\n<style type=\"text\/css\" data-created_by=\"avia_inline_auto\" id=\"style-css-av-10qiyt-9d243aa9a8f26a98d5a51a59b7fa1d6c\">\n#top .av_textblock_section.av-10qiyt-9d243aa9a8f26a98d5a51a59b7fa1d6c .avia_textblock{\ncolor:#305698;\n}\n<\/style>\n<section  class='av_textblock_section av-10qiyt-9d243aa9a8f26a98d5a51a59b7fa1d6c '   itemscope=\"itemscope\" itemtype=\"https:\/\/schema.org\/CreativeWork\" ><div class='avia_textblock av_inherit_color'  itemprop=\"text\" ><p>Pistachos<\/p>\n<\/div><\/section><\/p><\/div>\n\n<\/div><\/div><\/div><!-- close content main div --><\/div><\/div><div id='av-layout-grid-2'  class='av-layout-grid-container av-w303p-25a3dd43f9aefd89ba9de5aad0969408 entry-content-wrapper main_color av-flex-cells  avia-builder-el-34  el_after_av_section  el_before_av_one_full  grid-row-not-first  container_wrap sidebar_right'  >\n<div class='flex_cell av-qr4p1-8b28e1b314971a73d8e73c1df915be7c av-gridrow-cell av_one_half no_margin  avia-builder-el-35  el_before_av_cell_one_half  avia-builder-el-first '  ><div class='flex_cell_inner'><div  class='avia-button-wrap avia-button-center  avia-builder-el-36  avia-builder-el-no-sibling '>\n<style type=\"text\/css\" data-created_by=\"avia_inline_auto\" id=\"style-css-av-gu0zh-1b81c8648b44f942eda918e8d8091593\">\n#top #wrap_all .avia-button.av-gu0zh-1b81c8648b44f942eda918e8d8091593{\ncolor:#ffffff;\ntransition:all 0.4s ease-in-out;\n}\n#top #wrap_all .avia-button.av-gu0zh-1b81c8648b44f942eda918e8d8091593:hover{\nbackground-color:#3e90e8;\ncolor:#ffffff;\ntransition:all 0.4s ease-in-out;\n}\n<\/style>\n<a href='https:\/\/incus.es\/processing-line\/meal-flour-dices-line\/' class='av-icon-on-hover avia-color-theme-color avia-button avia-button-fullwidth av-gu0zh-1b81c8648b44f942eda918e8d8091593 avia-icon_select-yes-left-icon avia-color-theme-color'  ><span class='avia_button_icon avia_button_icon_left' aria-hidden='true' data-av_icon='\ue855' data-av_iconfont='entypo-fontello'><\/span><span class='avia_iconbox_title' >M\u00e1quinas incluidas <\/span><div class='av-button-description av-button-description-below'><p>M\u00e1quinas para Harina, granillo<\/p>\n<\/div><\/a><\/div>\n<\/div><\/div><div class='flex_cell av-doh0t-5fa783d17766e740e430d9c45b108f49 av-gridrow-cell av_one_half no_margin  avia-builder-el-37  el_after_av_cell_one_half  avia-builder-el-last '  ><div class='flex_cell_inner'><div  class='avia-button-wrap avia-button-center  avia-builder-el-38  avia-builder-el-no-sibling '>\n<style type=\"text\/css\" data-created_by=\"avia_inline_auto\" id=\"style-css-av-b15p1-9680e882e9b9cbabf5d7f014373b958c\">\n#top #wrap_all .avia-button.av-b15p1-9680e882e9b9cbabf5d7f014373b958c{\ncolor:#ffffff;\ntransition:all 0.4s ease-in-out;\n}\n#top #wrap_all .avia-button.av-b15p1-9680e882e9b9cbabf5d7f014373b958c:hover{\nbackground-color:#3e90e8;\ncolor:#ffffff;\ntransition:all 0.4s ease-in-out;\n}\n<\/style>\n<a href='https:\/\/incus.es\/contact\/' class='av-icon-on-hover avia-color-theme-color avia-button avia-button-fullwidth av-b15p1-9680e882e9b9cbabf5d7f014373b958c avia-icon_select-yes-left-icon avia-color-theme-color'  ><span class='avia_button_icon avia_button_icon_left' aria-hidden='true' data-av_icon='\ue81c' data-av_iconfont='entypo-fontello'><\/span><span class='avia_iconbox_title' >\u00bfNecesitas m\u00e1s informaci\u00f3n?<\/span><div class='av-button-description av-button-description-below'><p>\u00a1Cont\u00e1ctanos!<\/p>\n<\/div><\/a><\/div>\n<\/div><\/div>\n<\/div><div id='after_grid_row_2'  class='main_color av_default_container_wrap container_wrap sidebar_right'  ><div class='container av-section-cont-open' ><div class='template-page content  av-content-small alpha units'><div class='post-entry post-entry-type-page post-entry-2797'><div class='entry-content-wrapper clearfix'>\n\n<style type=\"text\/css\" data-created_by=\"avia_inline_auto\" id=\"style-css-av-8fwfx-8333c4316a49f40534cef2f00aeb51db\">\n.flex_column.av-8fwfx-8333c4316a49f40534cef2f00aeb51db{\nborder-radius:0px 0px 0px 0px;\npadding:0px 0px 0px 0px;\n}\n<\/style>\n<div  class='flex_column av-8fwfx-8333c4316a49f40534cef2f00aeb51db av_one_full  avia-builder-el-39  el_after_av_layout_row  avia-builder-el-no-sibling  first flex_column_div av-zero-column-padding  '     ><\/div>\n","protected":false},"excerpt":{"rendered":"","protected":false},"author":1,"featured_media":0,"parent":1784,"menu_order":0,"comment_status":"open","ping_status":"open","template":"","meta":{"footnotes":""},"_links":{"self":[{"href":"https:\/\/incus.es\/es\/wp-json\/wp\/v2\/pages\/2797"}],"collection":[{"href":"https:\/\/incus.es\/es\/wp-json\/wp\/v2\/pages"}],"about":[{"href":"https:\/\/incus.es\/es\/wp-json\/wp\/v2\/types\/page"}],"author":[{"embeddable":true,"href":"https:\/\/incus.es\/es\/wp-json\/wp\/v2\/users\/1"}],"replies":[{"embeddable":true,"href":"https:\/\/incus.es\/es\/wp-json\/wp\/v2\/comments?post=2797"}],"version-history":[{"count":0,"href":"https:\/\/incus.es\/es\/wp-json\/wp\/v2\/pages\/2797\/revisions"}],"up":[{"embeddable":true,"href":"https:\/\/incus.es\/es\/wp-json\/wp\/v2\/pages\/1784"}],"wp:attachment":[{"href":"https:\/\/incus.es\/es\/wp-json\/wp\/v2\/media?parent=2797"}],"curies":[{"name":"wp","href":"https:\/\/api.w.org\/{rel}","templated":true}]}}