{"id":2741,"date":"2021-04-06T08:22:50","date_gmt":"2021-04-06T08:22:50","guid":{"rendered":"https:\/\/incus.es\/lineas-de-produccion\/repelado-de-almendra\/"},"modified":"2021-07-21T08:38:59","modified_gmt":"2021-07-21T08:38:59","slug":"repelado-de-almendra","status":"publish","type":"page","link":"https:\/\/incus.es\/es\/lineas-de-produccion\/repelado-de-almendra\/","title":{"rendered":"Repelado de almendra"},"content":{"rendered":"\n<style type=\"text\/css\" data-created_by=\"avia_inline_auto\" id=\"style-css-av-le7bs-5703785adc51c1b70d2b00806bdd713f\">\n.flex_column.av-le7bs-5703785adc51c1b70d2b00806bdd713f{\nborder-radius:0px 0px 0px 0px;\npadding:0px 0px 0px 0px;\n}\n<\/style>\n<div  class='flex_column av-le7bs-5703785adc51c1b70d2b00806bdd713f av_one_full  avia-builder-el-0  el_before_av_layout_row  avia-builder-el-no-sibling  first flex_column_div av-zero-column-padding  '     ><style type=\"text\/css\" data-created_by=\"avia_inline_auto\" id=\"style-css-av-18libc-68d193fad03fc953795f34d8b833b5de\">\n#top .av-special-heading.av-18libc-68d193fad03fc953795f34d8b833b5de{\npadding-bottom:0;\ncolor:#00559d;\nfont-size:35px;\n}\nbody .av-special-heading.av-18libc-68d193fad03fc953795f34d8b833b5de .av-special-heading-tag .heading-char{\nfont-size:25px;\n}\n#top #wrap_all .av-special-heading.av-18libc-68d193fad03fc953795f34d8b833b5de .av-special-heading-tag{\nfont-size:35px;\n}\n.av-special-heading.av-18libc-68d193fad03fc953795f34d8b833b5de .special-heading-inner-border{\nborder-color:#00559d;\n}\n.av-special-heading.av-18libc-68d193fad03fc953795f34d8b833b5de .av-subheading{\nfont-size:15px;\n}\n\n@media only screen and (min-width: 480px) and (max-width: 767px){ \n#top #wrap_all .av-special-heading.av-18libc-68d193fad03fc953795f34d8b833b5de .av-special-heading-tag{\nfont-size:0.8em;\n}\n}\n\n@media only screen and (max-width: 479px){ \n#top #wrap_all .av-special-heading.av-18libc-68d193fad03fc953795f34d8b833b5de .av-special-heading-tag{\nfont-size:0.8em;\n}\n}\n<\/style>\n<div  class='av-special-heading av-18libc-68d193fad03fc953795f34d8b833b5de av-special-heading-h2 custom-color-heading blockquote modern-quote modern-centered  avia-builder-el-1  avia-builder-el-no-sibling  av-inherit-size'><h2 class='av-special-heading-tag'  itemprop=\"headline\"  >Repelado de almendra<\/h2><div class='av_custom_color av-subheading av-subheading_below'><p>\u00d3ptima eliminaci\u00f3n de pieles<\/p>\n<div id=\"gtx-trans\" style=\"position: absolute; left: -18px; top: -12.4062px;\">\n<div class=\"gtx-trans-icon\"><\/div>\n<\/div>\n<\/div><div class=\"special-heading-border\"><div class=\"special-heading-inner-border\"><\/div><\/div><\/div><\/div>\n<\/div><\/div><\/div><!-- close content main div --><\/div><\/div><div id='av-layout-grid-1'  class='av-layout-grid-container av-5jmdkw-26ce23cf9780c97b0ee271d6e6b33225 entry-content-wrapper main_color av-flex-cells  avia-builder-el-2  el_after_av_one_full  el_before_av_layout_row  grid-row-not-first  container_wrap sidebar_right'  >\n\n<style type=\"text\/css\" data-created_by=\"avia_inline_auto\" id=\"style-css-av-5coizc-199ca25acf5a401570b1c6b739d97f8b\">\n.flex_cell.av-5coizc-199ca25acf5a401570b1c6b739d97f8b{\nvertical-align:top;\n}\n.responsive #top #wrap_all .flex_cell.av-5coizc-199ca25acf5a401570b1c6b739d97f8b{\npadding:0px 0px 0px 0px !important;\n}\n<\/style>\n<div class='flex_cell av-5coizc-199ca25acf5a401570b1c6b739d97f8b av-gridrow-cell av_four_fifth no_margin  avia-builder-el-3  el_before_av_cell_one_fifth  avia-builder-el-first  av-zero-padding'  ><div class='flex_cell_inner'>\n<style type=\"text\/css\" data-created_by=\"avia_inline_auto\" id=\"style-css-av-iq0d4-249b2b1710578a7c8d5dbfb0d3f2f762\">\n.avia-image-container.av-iq0d4-249b2b1710578a7c8d5dbfb0d3f2f762 img.avia_image{\nbox-shadow:none;\n}\n.avia-image-container.av-iq0d4-249b2b1710578a7c8d5dbfb0d3f2f762 .av-image-caption-overlay-center{\ncolor:#ffffff;\n}\n<\/style>\n<div  class='avia-image-container av-iq0d4-249b2b1710578a7c8d5dbfb0d3f2f762 av-styling-no-styling avia-align-center  avia-builder-el-4  avia-builder-el-no-sibling '   itemprop=\"image\" itemscope=\"itemscope\" itemtype=\"https:\/\/schema.org\/ImageObject\" ><div class=\"avia-image-container-inner\"><div class=\"avia-image-overlay-wrap\"><img decoding=\"async\" class='wp-image-3347 avia-img-lazy-loading-not-3347 avia_image ' src=\"https:\/\/incus.es\/wp-content\/uploads\/2015\/06\/blanching_line-e1524473046424.jpg\" alt='' title='blanching_line'  height=\"662\" width=\"1891\"  itemprop=\"thumbnailUrl\" srcset=\"https:\/\/incus.es\/wp-content\/uploads\/2015\/06\/blanching_line-e1524473046424.jpg 1891w, https:\/\/incus.es\/wp-content\/uploads\/2015\/06\/blanching_line-e1524473046424-300x105.jpg 300w, https:\/\/incus.es\/wp-content\/uploads\/2015\/06\/blanching_line-e1524473046424-768x269.jpg 768w, https:\/\/incus.es\/wp-content\/uploads\/2015\/06\/blanching_line-e1524473046424-1030x361.jpg 1030w, https:\/\/incus.es\/wp-content\/uploads\/2015\/06\/blanching_line-e1524473046424-1500x525.jpg 1500w, https:\/\/incus.es\/wp-content\/uploads\/2015\/06\/blanching_line-e1524473046424-705x247.jpg 705w, https:\/\/incus.es\/wp-content\/uploads\/2015\/06\/blanching_line-e1524473046424-1210x423.jpg 1210w, https:\/\/incus.es\/wp-content\/uploads\/2015\/06\/blanching_line-e1524473046424-450x158.jpg 450w, https:\/\/incus.es\/wp-content\/uploads\/2015\/06\/blanching_line-e1524473046424-500x175.jpg 500w, https:\/\/incus.es\/wp-content\/uploads\/2015\/06\/blanching_line-e1524473046424-250x88.jpg 250w\" sizes=\"(max-width: 1891px) 100vw, 1891px\" \/><\/div><\/div><\/div>\n<\/div><\/div>\n<style type=\"text\/css\" data-created_by=\"avia_inline_auto\" id=\"style-css-av-51lqi0-857f1871dfad9ac7537bc37bf948dfaa\">\n.flex_cell.av-51lqi0-857f1871dfad9ac7537bc37bf948dfaa{\nvertical-align:middle;\n}\n.responsive #top #wrap_all .flex_cell.av-51lqi0-857f1871dfad9ac7537bc37bf948dfaa{\npadding:0 5% 0 5% !important;\n}\n<\/style>\n<div class='flex_cell av-51lqi0-857f1871dfad9ac7537bc37bf948dfaa av-gridrow-cell av_one_fifth no_margin  avia-builder-el-5  el_after_av_cell_four_fifth  avia-builder-el-last '  ><div class='flex_cell_inner'><p>\n<style type=\"text\/css\" data-created_by=\"avia_inline_auto\" id=\"style-css-av-4twik8-3288b5cbe21dfd88012fa17627a7ce79\">\n.avia-image-container.av-4twik8-3288b5cbe21dfd88012fa17627a7ce79 img.avia_image{\nbox-shadow:none;\n}\n.avia-image-container.av-4twik8-3288b5cbe21dfd88012fa17627a7ce79 .av-image-caption-overlay-center{\ncolor:#ffffff;\n}\n<\/style>\n<div  class='avia-image-container av-4twik8-3288b5cbe21dfd88012fa17627a7ce79 av-styling- avia-align-center  avia-builder-el-6  el_before_av_image  avia-builder-el-first '   itemprop=\"image\" itemscope=\"itemscope\" itemtype=\"https:\/\/schema.org\/ImageObject\" ><div class=\"avia-image-container-inner\"><div class=\"avia-image-overlay-wrap\"><img decoding=\"async\" class='wp-image-3180 avia-img-lazy-loading-not-3180 avia_image ' src=\"https:\/\/incus.es\/wp-content\/uploads\/2015\/06\/Almend_1-300x300.jpg\" alt='' title='Almend.sin pelar,tostada'  height=\"300\" width=\"300\"  itemprop=\"thumbnailUrl\" srcset=\"https:\/\/incus.es\/wp-content\/uploads\/2015\/06\/Almend_1-300x300.jpg 300w, https:\/\/incus.es\/wp-content\/uploads\/2015\/06\/Almend_1-80x80.jpg 80w, https:\/\/incus.es\/wp-content\/uploads\/2015\/06\/Almend_1-36x36.jpg 36w, https:\/\/incus.es\/wp-content\/uploads\/2015\/06\/Almend_1-180x180.jpg 180w, https:\/\/incus.es\/wp-content\/uploads\/2015\/06\/Almend_1-495x495.jpg 495w, https:\/\/incus.es\/wp-content\/uploads\/2015\/06\/Almend_1-260x260.jpg 260w, https:\/\/incus.es\/wp-content\/uploads\/2015\/06\/Almend_1-120x120.jpg 120w, https:\/\/incus.es\/wp-content\/uploads\/2015\/06\/Almend_1-450x450.jpg 450w, https:\/\/incus.es\/wp-content\/uploads\/2015\/06\/Almend_1-250x250.jpg 250w, https:\/\/incus.es\/wp-content\/uploads\/2015\/06\/Almend_1.jpg 500w\" sizes=\"(max-width: 300px) 100vw, 300px\" \/><\/div><\/div><\/div><br \/>\n\n<style type=\"text\/css\" data-created_by=\"avia_inline_auto\" id=\"style-css-av-4ogj08-c8614e5a179f1aeff29da6c634fde9c5\">\n.avia-image-container.av-4ogj08-c8614e5a179f1aeff29da6c634fde9c5 img.avia_image{\nbox-shadow:none;\n}\n.avia-image-container.av-4ogj08-c8614e5a179f1aeff29da6c634fde9c5 .av-image-caption-overlay-center{\ncolor:#ffffff;\n}\n<\/style>\n<div  class='avia-image-container av-4ogj08-c8614e5a179f1aeff29da6c634fde9c5 av-styling- avia-align-center  avia-builder-el-7  el_after_av_image  avia-builder-el-last '   itemprop=\"image\" itemscope=\"itemscope\" itemtype=\"https:\/\/schema.org\/ImageObject\" ><div class=\"avia-image-container-inner\"><div class=\"avia-image-overlay-wrap\"><img decoding=\"async\" class='wp-image-3181 avia-img-lazy-loading-not-3181 avia_image ' src=\"https:\/\/incus.es\/wp-content\/uploads\/2015\/06\/Almend-286x300.jpg\" alt='' title='Almend.peladas,tostadas'  height=\"300\" width=\"286\"  itemprop=\"thumbnailUrl\" srcset=\"https:\/\/incus.es\/wp-content\/uploads\/2015\/06\/Almend-286x300.jpg 286w, https:\/\/incus.es\/wp-content\/uploads\/2015\/06\/Almend-450x472.jpg 450w, https:\/\/incus.es\/wp-content\/uploads\/2015\/06\/Almend-239x250.jpg 239w, https:\/\/incus.es\/wp-content\/uploads\/2015\/06\/Almend.jpg 477w\" sizes=\"(max-width: 286px) 100vw, 286px\" \/><\/div><\/div><\/div><\/p>\n<\/div><\/div>\n<\/div>\n<div id='av-layout-grid-2'  class='av-layout-grid-container av-4hvcfc-de557d5cf0d7d1d9aab1e6014e477179 entry-content-wrapper main_color av-flex-cells  avia-builder-el-8  el_after_av_layout_row  el_before_av_section  grid-row-not-first  container_wrap sidebar_right'  >\n\n<style type=\"text\/css\" data-created_by=\"avia_inline_auto\" id=\"style-css-av-4ezmmo-e48a4c58317e33973c09989acac0a3f3\">\n.flex_cell.av-4ezmmo-e48a4c58317e33973c09989acac0a3f3{\nvertical-align:top;\n}\n.responsive #top #wrap_all .flex_cell.av-4ezmmo-e48a4c58317e33973c09989acac0a3f3{\npadding:30px 30px 30px 30px !important;\n}\n<\/style>\n<div class='flex_cell av-4ezmmo-e48a4c58317e33973c09989acac0a3f3 av-gridrow-cell av_one_half no_margin  avia-builder-el-9  el_before_av_cell_one_half  avia-builder-el-first '  ><div class='flex_cell_inner'><section  class='av_textblock_section av-faw9k-566a16aba8eb9a595d87e0f0352eb8f3 '   itemscope=\"itemscope\" itemtype=\"https:\/\/schema.org\/CreativeWork\" ><div class='avia_textblock'  itemprop=\"text\" ><p>Con nuestras l\u00edneas de repelado se consigue la m\u00e1xima eficiencia en la eliminaci\u00f3n de la piel marr\u00f3n de la almendra.<\/p>\n<p>Gracias al delicado manejo de la almendra y a la conservaci\u00f3n de sus propiedades se obtiene un producto final de calidad excepcional.<\/p>\n<\/div><\/section>\n<\/div><\/div>\n<style type=\"text\/css\" data-created_by=\"avia_inline_auto\" id=\"style-css-av-1gb6w-542c04d224a9c6bb365769619757b97b\">\n.flex_cell.av-1gb6w-542c04d224a9c6bb365769619757b97b{\nvertical-align:top;\nbackground-color:#7bb0e7;\n}\n.responsive #top #wrap_all .flex_cell.av-1gb6w-542c04d224a9c6bb365769619757b97b{\npadding:30px 0 0 30px !important;\n}\n<\/style>\n<div class='flex_cell av-1gb6w-542c04d224a9c6bb365769619757b97b av-gridrow-cell av_one_half no_margin  avia-builder-el-11  el_after_av_cell_one_half  avia-builder-el-last '  ><div class='flex_cell_inner'>\n<style type=\"text\/css\" data-created_by=\"avia_inline_auto\" id=\"style-css-av-3w6l68-dd69a7c48ccfe69b80c63beaf826f0de\">\n#top .av_textblock_section.av-3w6l68-dd69a7c48ccfe69b80c63beaf826f0de .avia_textblock{\nfont-size:13px;\ncolor:#ffffff;\n}\n<\/style>\n<section  class='av_textblock_section av-3w6l68-dd69a7c48ccfe69b80c63beaf826f0de '   itemscope=\"itemscope\" itemtype=\"https:\/\/schema.org\/CreativeWork\" ><div class='avia_textblock av_inherit_color'  itemprop=\"text\" ><h3>VENTAJAS:<\/h3>\n<ul style=\"list-style: circle outside !important;\">\n<li>Almendras repeladas m\u00e1s blancas gracias a nuestro sistema patentado de inyecci\u00f3n de vapor.<\/li>\n<li>Porcentaje m\u00ednimo de almendras sin repelar y \u201cparaca\u00eddas\u201d.<\/li>\n<li>Sistema de Acondicionamiento al vapor- Pasteurizado validado por TERP.<\/li>\n<li>Eficiencia del Secado y Tostado. Menos&nbsp; consumo de energ\u00eda. Humedad uniforme.<\/li>\n<li>Capacidades: desde 300 kg\/h hasta 4000 kg\/h (600- 9000 lb\/hr aprox.)<\/li>\n<li>Opciones&nbsp; de dise\u00f1o ultra sanitario.<\/li>\n<li>Opciones CIP.<\/li>\n<\/ul>\n\n<\/div><\/section>\n<\/div><\/div>\n<\/div>\n\n<style type=\"text\/css\" data-created_by=\"avia_inline_auto\" id=\"style-css-av-3su5iw-54a901e2e771ea1575a7f6fb89d40e79\">\n.avia-section.av-3su5iw-54a901e2e771ea1575a7f6fb89d40e79{\nbackground-color:#fcfcfc;\nbackground-image:unset;\n}\n<\/style>\n<div id='av_section_1'  class='avia-section av-3su5iw-54a901e2e771ea1575a7f6fb89d40e79 main_color avia-section-default avia-shadow  avia-builder-el-13  el_after_av_layout_row  el_before_av_layout_row  avia-bg-style-scroll container_wrap sidebar_right'  ><div class='container av-section-cont-open' ><div class='template-page content  av-content-small alpha units'><div class='post-entry post-entry-type-page post-entry-2741'><div class='entry-content-wrapper clearfix'>\n\n<style type=\"text\/css\" data-created_by=\"avia_inline_auto\" id=\"style-css-av-14uew0-884d973e7ca734af8abd49f9b0280fc0\">\n#top .av-special-heading.av-14uew0-884d973e7ca734af8abd49f9b0280fc0{\npadding-bottom:0;\ncolor:#4f76ad;\nfont-size:25px;\n}\nbody .av-special-heading.av-14uew0-884d973e7ca734af8abd49f9b0280fc0 .av-special-heading-tag .heading-char{\nfont-size:25px;\n}\n#top #wrap_all .av-special-heading.av-14uew0-884d973e7ca734af8abd49f9b0280fc0 .av-special-heading-tag{\nfont-size:25px;\n}\n.av-special-heading.av-14uew0-884d973e7ca734af8abd49f9b0280fc0 .special-heading-inner-border{\nborder-color:#4f76ad;\n}\n.av-special-heading.av-14uew0-884d973e7ca734af8abd49f9b0280fc0 .av-subheading{\nfont-size:15px;\n}\n\n@media only screen and (min-width: 480px) and (max-width: 767px){ \n#top #wrap_all .av-special-heading.av-14uew0-884d973e7ca734af8abd49f9b0280fc0 .av-special-heading-tag{\nfont-size:0.8em;\n}\n}\n\n@media only screen and (max-width: 479px){ \n#top #wrap_all .av-special-heading.av-14uew0-884d973e7ca734af8abd49f9b0280fc0 .av-special-heading-tag{\nfont-size:0.8em;\n}\n}\n<\/style>\n<div  class='av-special-heading av-14uew0-884d973e7ca734af8abd49f9b0280fc0 av-special-heading-h2 custom-color-heading blockquote modern-quote modern-centered  avia-builder-el-14  el_before_av_hr  avia-builder-el-first  av-thin-font av-inherit-size'><h2 class='av-special-heading-tag'  itemprop=\"headline\"  ><strong>Productos<\/strong> procesados<\/h2><div class=\"special-heading-border\"><div class=\"special-heading-inner-border\"><\/div><\/div><\/div>\n\n<style type=\"text\/css\" data-created_by=\"avia_inline_auto\" id=\"style-css-av-3fa760-4b167ec2037a1a25fcbae2378aa69aa8\">\n#top .hr.av-3fa760-4b167ec2037a1a25fcbae2378aa69aa8{\nmargin-top:5px;\nmargin-bottom:10px;\n}\n.hr.av-3fa760-4b167ec2037a1a25fcbae2378aa69aa8 .hr-inner{\nwidth:30%;\nmax-width:45%;\n}\n<\/style>\n<div  class='hr av-3fa760-4b167ec2037a1a25fcbae2378aa69aa8 hr-custom  avia-builder-el-15  el_after_av_heading  el_before_av_one_fifth  hr-center hr-icon-yes'><span class='hr-inner inner-border-av-border-thin'><span class=\"hr-inner-style\"><\/span><\/span><span class='av-seperator-icon' aria-hidden='true' data-av_icon='\ue8bd' data-av_iconfont='entypo-fontello'><\/span><span class='hr-inner inner-border-av-border-thin'><span class=\"hr-inner-style\"><\/span><\/span><\/div>\n<div  class='flex_column av-36mk14-74ceacce1ef127bc25ee6a35792a4442 av_one_fifth  avia-builder-el-16  el_after_av_hr  el_before_av_one_fifth  first flex_column_div  '     ><\/div>\n<style type=\"text\/css\" data-created_by=\"avia_inline_auto\" id=\"style-css-av-b8868-172088a89e5caaf1e177668e69320ef5\">\n.flex_column.av-b8868-172088a89e5caaf1e177668e69320ef5{\nborder-radius:0px 0px 0px 0px;\npadding:0px 0px 0px 0px;\n}\n<\/style>\n<div  class='flex_column av-b8868-172088a89e5caaf1e177668e69320ef5 av_one_fifth  avia-builder-el-17  el_after_av_one_fifth  el_before_av_one_fifth  flex_column_div av-zero-column-padding  '     ><p>\n<style type=\"text\/css\" data-created_by=\"avia_inline_auto\" id=\"style-css-av-ys108-b18dbbd6302a5ce06ae67a540a1c685e\">\n.av_font_icon.av-ys108-b18dbbd6302a5ce06ae67a540a1c685e{\ncolor:#2d5c88;\nborder-color:#2d5c88;\n}\n.av_font_icon.av-ys108-b18dbbd6302a5ce06ae67a540a1c685e .av-icon-char{\nfont-size:60px;\nline-height:60px;\n}\n<\/style>\n<span  class='av_font_icon av-ys108-b18dbbd6302a5ce06ae67a540a1c685e avia_animate_when_visible av-icon-style- avia-icon-pos-center avia-icon-animate'><a href='https:\/\/incus.es\/industry\/almond\/'   class='av-icon-char' aria-hidden='true' data-av_icon='\ue800' data-av_iconfont='fontello' ><\/a><\/span><br \/>\n\n<style type=\"text\/css\" data-created_by=\"avia_inline_auto\" id=\"style-css-av-2q7dmg-28ebb7ffea78599aa1826dcc7bed0032\">\n#top .hr.hr-invisible.av-2q7dmg-28ebb7ffea78599aa1826dcc7bed0032{\nheight:15px;\n}\n<\/style>\n<div  class='hr av-2q7dmg-28ebb7ffea78599aa1826dcc7bed0032 hr-invisible  avia-builder-el-19  el_after_av_font_icon  el_before_av_textblock '><span class='hr-inner '><span class=\"hr-inner-style\"><\/span><\/span><\/div><br \/>\n\n<style type=\"text\/css\" data-created_by=\"avia_inline_auto\" id=\"style-css-av-2m0tvc-65721074a6dd19a6570a79b0138cccab\">\n#top .av_textblock_section.av-2m0tvc-65721074a6dd19a6570a79b0138cccab .avia_textblock{\ncolor:#305698;\n}\n<\/style>\n<section  class='av_textblock_section av-2m0tvc-65721074a6dd19a6570a79b0138cccab '   itemscope=\"itemscope\" itemtype=\"https:\/\/schema.org\/CreativeWork\" ><div class='avia_textblock av_inherit_color'  itemprop=\"text\" ><p>Almendras<\/p>\n<\/div><\/section><\/p><\/div>\n<style type=\"text\/css\" data-created_by=\"avia_inline_auto\" id=\"style-css-av-2g7948-4678584d2bde713fc4e785e37fa9d789\">\n.flex_column.av-2g7948-4678584d2bde713fc4e785e37fa9d789{\nborder-radius:0px 0px 0px 0px;\npadding:0px 0px 0px 0px;\n}\n<\/style>\n<div  class='flex_column av-2g7948-4678584d2bde713fc4e785e37fa9d789 av_one_fifth  avia-builder-el-21  el_after_av_one_fifth  el_before_av_one_fifth  flex_column_div av-zero-column-padding  '     ><p>\n<style type=\"text\/css\" data-created_by=\"avia_inline_auto\" id=\"style-css-av-pzo48-cef962ece2632c119f740944af0c5a72\">\n.av_font_icon.av-pzo48-cef962ece2632c119f740944af0c5a72{\ncolor:#2d5c88;\nborder-color:#2d5c88;\n}\n.av_font_icon.av-pzo48-cef962ece2632c119f740944af0c5a72 .av-icon-char{\nfont-size:60px;\nline-height:60px;\n}\n<\/style>\n<span  class='av_font_icon av-pzo48-cef962ece2632c119f740944af0c5a72 avia_animate_when_visible av-icon-style- avia-icon-pos-center avia-icon-animate'><a href='https:\/\/incus.es\/industry\/apricot-kernel\/'   class='av-icon-char' aria-hidden='true' data-av_icon='\ue805' data-av_iconfont='fontello' ><\/a><\/span><br \/>\n\n<style type=\"text\/css\" data-created_by=\"avia_inline_auto\" id=\"style-css-av-20z7y8-bc1c7b9ac3771ca00d399c199fb9ae98\">\n#top .hr.hr-invisible.av-20z7y8-bc1c7b9ac3771ca00d399c199fb9ae98{\nheight:15px;\n}\n<\/style>\n<div  class='hr av-20z7y8-bc1c7b9ac3771ca00d399c199fb9ae98 hr-invisible  avia-builder-el-23  el_after_av_font_icon  el_before_av_textblock '><span class='hr-inner '><span class=\"hr-inner-style\"><\/span><\/span><\/div><br \/>\n\n<style type=\"text\/css\" data-created_by=\"avia_inline_auto\" id=\"style-css-av-7119s-477abf6f9c2e4d4f68e7c17ef253d044\">\n#top .av_textblock_section.av-7119s-477abf6f9c2e4d4f68e7c17ef253d044 .avia_textblock{\ncolor:#305698;\n}\n<\/style>\n<section  class='av_textblock_section av-7119s-477abf6f9c2e4d4f68e7c17ef253d044 '   itemscope=\"itemscope\" itemtype=\"https:\/\/schema.org\/CreativeWork\" ><div class='avia_textblock av_inherit_color'  itemprop=\"text\" ><p>Huesos Albaricoque<\/p>\n<\/div><\/section><\/p><\/div>\n<style type=\"text\/css\" data-created_by=\"avia_inline_auto\" id=\"style-css-av-1s34sw-0458a64aaaffa34c412be6998c1b7c52\">\n.flex_column.av-1s34sw-0458a64aaaffa34c412be6998c1b7c52{\nborder-radius:0px 0px 0px 0px;\npadding:0px 0px 0px 0px;\n}\n<\/style>\n<div  class='flex_column av-1s34sw-0458a64aaaffa34c412be6998c1b7c52 av_one_fifth  avia-builder-el-25  el_after_av_one_fifth  el_before_av_one_fifth  flex_column_div av-zero-column-padding  '     ><p>\n<style type=\"text\/css\" data-created_by=\"avia_inline_auto\" id=\"style-css-av-2dd08-77bde7e8e9186347780d0a1c7a0fc67f\">\n.av_font_icon.av-2dd08-77bde7e8e9186347780d0a1c7a0fc67f{\ncolor:#2d5c88;\nborder-color:#2d5c88;\n}\n.av_font_icon.av-2dd08-77bde7e8e9186347780d0a1c7a0fc67f .av-icon-char{\nfont-size:60px;\nline-height:60px;\n}\n<\/style>\n<span  class='av_font_icon av-2dd08-77bde7e8e9186347780d0a1c7a0fc67f avia_animate_when_visible av-icon-style- avia-icon-pos-center avia-icon-animate'><a href='https:\/\/incus.es\/industry\/pistachio\/'   class='av-icon-char' aria-hidden='true' data-av_icon='\ue80b' data-av_iconfont='fontello' ><\/a><\/span><br \/>\n\n<style type=\"text\/css\" data-created_by=\"avia_inline_auto\" id=\"style-css-av-1gb1ts-632de59fb764aed1db8219b93755a6aa\">\n#top .hr.hr-invisible.av-1gb1ts-632de59fb764aed1db8219b93755a6aa{\nheight:15px;\n}\n<\/style>\n<div  class='hr av-1gb1ts-632de59fb764aed1db8219b93755a6aa hr-invisible  avia-builder-el-27  el_after_av_font_icon  el_before_av_textblock '><span class='hr-inner '><span class=\"hr-inner-style\"><\/span><\/span><\/div><br \/>\n\n<style type=\"text\/css\" data-created_by=\"avia_inline_auto\" id=\"style-css-av-1aasc0-7cf9c98d16a4751a9604a85ae871959a\">\n#top .av_textblock_section.av-1aasc0-7cf9c98d16a4751a9604a85ae871959a .avia_textblock{\ncolor:#305698;\n}\n<\/style>\n<section  class='av_textblock_section av-1aasc0-7cf9c98d16a4751a9604a85ae871959a '   itemscope=\"itemscope\" itemtype=\"https:\/\/schema.org\/CreativeWork\" ><div class='avia_textblock av_inherit_color'  itemprop=\"text\" ><p>Pistachos<\/p>\n<\/div><\/section><\/p><\/div>\n<style type=\"text\/css\" data-created_by=\"avia_inline_auto\" id=\"style-css-av-1416f4-335001b1edad9c43e2136672387f0131\">\n.flex_column.av-1416f4-335001b1edad9c43e2136672387f0131{\nborder-radius:0px 0px 0px 0px;\npadding:0px 0px 0px 0px;\n}\n<\/style>\n<div  class='flex_column av-1416f4-335001b1edad9c43e2136672387f0131 av_one_fifth  avia-builder-el-29  el_after_av_one_fifth  avia-builder-el-last  flex_column_div av-zero-column-padding  '     ><\/div>\n\n<\/div><\/div><\/div><!-- close content main div --><\/div><\/div><div id='av-layout-grid-3'  class='av-layout-grid-container av-x68rc-c81e1d979cf020889fcdbc0eae3328dc entry-content-wrapper main_color av-flex-cells  avia-builder-el-30  el_after_av_section  avia-builder-el-last  grid-row-not-first  container_wrap sidebar_right'  >\n<div class='flex_cell av-pybi8-46fe8cce9d3f39eaf8ec3512b1df5131 av-gridrow-cell av_one_half no_margin  avia-builder-el-31  el_before_av_cell_one_half  avia-builder-el-first '  ><div class='flex_cell_inner'><div  class='avia-button-wrap avia-button-center  avia-builder-el-32  avia-builder-el-no-sibling '>\n<style type=\"text\/css\" data-created_by=\"avia_inline_auto\" id=\"style-css-av-cxujc-8469c38660d9bebb4987614ed3d8574e\">\n#top #wrap_all .avia-button.av-cxujc-8469c38660d9bebb4987614ed3d8574e{\ncolor:#ffffff;\ntransition:all 0.4s ease-in-out;\n}\n#top #wrap_all .avia-button.av-cxujc-8469c38660d9bebb4987614ed3d8574e:hover{\nbackground-color:#3e90e8;\ncolor:#ffffff;\ntransition:all 0.4s ease-in-out;\n}\n<\/style>\n<a href='https:\/\/incus.es\/processing-line\/almond-blanching-line\/' class='av-icon-on-hover avia-color-theme-color avia-button avia-button-fullwidth av-cxujc-8469c38660d9bebb4987614ed3d8574e avia-icon_select-yes-left-icon avia-color-theme-color'  ><span class='avia_button_icon avia_button_icon_left' aria-hidden='true' data-av_icon='\ue855' data-av_iconfont='entypo-fontello'><\/span><span class='avia_iconbox_title' >M\u00e1quinas inclu\u00eddas<\/span><div class='av-button-description av-button-description-below'><p>M\u00e1quinas para el Repelado de Almendras<\/p>\n<div id=\"gtx-trans\" style=\"position: absolute; left: 126px; top: 35.5938px;\">\n<div class=\"gtx-trans-icon\"><\/div>\n<\/div>\n<\/div><\/a><\/div>\n<\/div><\/div><div class='flex_cell av-fn6e8-0da74c3cd13ab25a2f5dbdc58d0b9411 av-gridrow-cell av_one_half no_margin  avia-builder-el-33  el_after_av_cell_one_half  avia-builder-el-last '  ><div class='flex_cell_inner'><div  class='avia-button-wrap avia-button-center  avia-builder-el-34  avia-builder-el-no-sibling '>\n<style type=\"text\/css\" data-created_by=\"avia_inline_auto\" id=\"style-css-av-9nii8-4846eb5350c763db65bfa24a27e21d00\">\n#top #wrap_all .avia-button.av-9nii8-4846eb5350c763db65bfa24a27e21d00{\ncolor:#ffffff;\ntransition:all 0.4s ease-in-out;\n}\n#top #wrap_all .avia-button.av-9nii8-4846eb5350c763db65bfa24a27e21d00:hover{\nbackground-color:#3e90e8;\ncolor:#ffffff;\ntransition:all 0.4s ease-in-out;\n}\n<\/style>\n<a href='https:\/\/incus.es\/contact\/' class='av-icon-on-hover avia-color-theme-color avia-button avia-button-fullwidth av-9nii8-4846eb5350c763db65bfa24a27e21d00 avia-icon_select-yes-left-icon avia-color-theme-color'  ><span class='avia_button_icon avia_button_icon_left' aria-hidden='true' data-av_icon='\ue81c' data-av_iconfont='entypo-fontello'><\/span><span class='avia_iconbox_title' >\u00bfNecesita m\u00e1s informaci\u00f3n?<\/span><div class='av-button-description av-button-description-below'><p>\u00a1Cont\u00e1ctanos!<\/p>\n<div id=\"gtx-trans\" style=\"position: absolute; left: -13px; top: -12.4062px;\">\n<div class=\"gtx-trans-icon\"><\/div>\n<\/div>\n<\/div><\/a><\/div>\n<\/div><\/div><\/div>\n","protected":false},"excerpt":{"rendered":"","protected":false},"author":1,"featured_media":0,"parent":1784,"menu_order":0,"comment_status":"open","ping_status":"closed","template":"","meta":{"footnotes":""},"_links":{"self":[{"href":"https:\/\/incus.es\/es\/wp-json\/wp\/v2\/pages\/2741"}],"collection":[{"href":"https:\/\/incus.es\/es\/wp-json\/wp\/v2\/pages"}],"about":[{"href":"https:\/\/incus.es\/es\/wp-json\/wp\/v2\/types\/page"}],"author":[{"embeddable":true,"href":"https:\/\/incus.es\/es\/wp-json\/wp\/v2\/users\/1"}],"replies":[{"embeddable":true,"href":"https:\/\/incus.es\/es\/wp-json\/wp\/v2\/comments?post=2741"}],"version-history":[{"count":0,"href":"https:\/\/incus.es\/es\/wp-json\/wp\/v2\/pages\/2741\/revisions"}],"up":[{"embeddable":true,"href":"https:\/\/incus.es\/es\/wp-json\/wp\/v2\/pages\/1784"}],"wp:attachment":[{"href":"https:\/\/incus.es\/es\/wp-json\/wp\/v2\/media?parent=2741"}],"curies":[{"name":"wp","href":"https:\/\/api.w.org\/{rel}","templated":true}]}}