{"id":2459,"date":"2018-11-26T09:10:34","date_gmt":"2018-11-26T09:10:34","guid":{"rendered":"http:\/\/incus.es\/lineas-de-produccion\/turron\/"},"modified":"2021-04-12T12:30:03","modified_gmt":"2021-04-12T12:30:03","slug":"turron","status":"publish","type":"page","link":"https:\/\/incus.es\/es\/lineas-de-produccion\/turron\/","title":{"rendered":"Turr\u00f3n"},"content":{"rendered":"\n<style type=\"text\/css\" data-created_by=\"avia_inline_auto\" id=\"style-css-av-17jojx-17d9fbce608cd0c8a9f931cc60bf0f33\">\n#top .av-special-heading.av-17jojx-17d9fbce608cd0c8a9f931cc60bf0f33{\npadding-bottom:10px;\ncolor:#4f76ad;\nfont-size:35px;\n}\nbody .av-special-heading.av-17jojx-17d9fbce608cd0c8a9f931cc60bf0f33 .av-special-heading-tag .heading-char{\nfont-size:25px;\n}\n#top #wrap_all .av-special-heading.av-17jojx-17d9fbce608cd0c8a9f931cc60bf0f33 .av-special-heading-tag{\nfont-size:35px;\n}\n.av-special-heading.av-17jojx-17d9fbce608cd0c8a9f931cc60bf0f33 .special-heading-inner-border{\nborder-color:#4f76ad;\n}\n.av-special-heading.av-17jojx-17d9fbce608cd0c8a9f931cc60bf0f33 .av-subheading{\nfont-size:15px;\n}\n\n@media only screen and (min-width: 480px) and (max-width: 767px){ \n#top #wrap_all .av-special-heading.av-17jojx-17d9fbce608cd0c8a9f931cc60bf0f33 .av-special-heading-tag{\nfont-size:0.8em;\n}\n}\n\n@media only screen and (max-width: 479px){ \n#top #wrap_all .av-special-heading.av-17jojx-17d9fbce608cd0c8a9f931cc60bf0f33 .av-special-heading-tag{\nfont-size:0.8em;\n}\n}\n<\/style>\n<div  class='av-special-heading av-17jojx-17d9fbce608cd0c8a9f931cc60bf0f33 av-special-heading-h2 custom-color-heading blockquote modern-quote modern-centered  avia-builder-el-0  el_before_av_layout_row  avia-builder-el-no-sibling  av-inherit-size'><h2 class='av-special-heading-tag'  itemprop=\"headline\"  >Turr\u00f3n<\/h2><div class='av_custom_color av-subheading av-subheading_below'><p>Tradici\u00f3n e Innovaci\u00f3n<\/p>\n<\/div><div class=\"special-heading-border\"><div class=\"special-heading-inner-border\"><\/div><\/div><\/div>\n<\/div><\/div><\/div><!-- close content main div --><\/div><\/div><div id='av-layout-grid-1'  class='av-layout-grid-container av-164q8dp-59f09ab36c238d0113b47158b21c494d entry-content-wrapper main_color av-flex-cells  avia-builder-el-1  el_after_av_heading  el_before_av_section  grid-row-not-first  container_wrap sidebar_right'  >\n\n<style type=\"text\/css\" data-created_by=\"avia_inline_auto\" id=\"style-css-av-40kih9-fb4fd45413ad8da5e9ccb194a2b407b7\">\n.flex_cell.av-40kih9-fb4fd45413ad8da5e9ccb194a2b407b7{\nvertical-align:top;\n}\n.responsive #top #wrap_all .flex_cell.av-40kih9-fb4fd45413ad8da5e9ccb194a2b407b7{\npadding:30px 30px 30px 30px !important;\n}\n<\/style>\n<div class='flex_cell av-40kih9-fb4fd45413ad8da5e9ccb194a2b407b7 av-gridrow-cell av_one_full no_margin  avia-builder-el-2  avia-builder-el-no-sibling '  ><div class='flex_cell_inner'><section  class='av_textblock_section av-3x3cb1-bc34138722b13388f336acca3d6218bf '   itemscope=\"itemscope\" itemtype=\"https:\/\/schema.org\/CreativeWork\" ><div class='avia_textblock'  itemprop=\"text\" ><p style=\"text-align: center;\">L\u00edneas dedicadas a la preparaci\u00f3n de masa de Turr\u00f3n.<\/p>\n<\/div><\/section>\n<\/div><\/div>\n<\/div>\n\n<style type=\"text\/css\" data-created_by=\"avia_inline_auto\" id=\"style-css-av-11yt2jh-6f767f59cc61aed24db1f6ba78a2a394\">\n.avia-section.av-11yt2jh-6f767f59cc61aed24db1f6ba78a2a394{\nbackground-color:#fcfcfc;\nbackground-image:unset;\n}\n<\/style>\n<div id='av_section_1'  class='avia-section av-11yt2jh-6f767f59cc61aed24db1f6ba78a2a394 main_color avia-section-default avia-shadow  avia-builder-el-4  el_after_av_layout_row  el_before_av_layout_row  avia-bg-style-scroll container_wrap sidebar_right'  ><div class='container av-section-cont-open' ><div class='template-page content  av-content-small alpha units'><div class='post-entry post-entry-type-page post-entry-2459'><div class='entry-content-wrapper clearfix'>\n\n<style type=\"text\/css\" data-created_by=\"avia_inline_auto\" id=\"style-css-av-aj05n1-1732f66496aa29373d942fe106dbdcb6\">\n#top .av-special-heading.av-aj05n1-1732f66496aa29373d942fe106dbdcb6{\npadding-bottom:0;\ncolor:#4f76ad;\nfont-size:25px;\n}\nbody .av-special-heading.av-aj05n1-1732f66496aa29373d942fe106dbdcb6 .av-special-heading-tag .heading-char{\nfont-size:25px;\n}\n#top #wrap_all .av-special-heading.av-aj05n1-1732f66496aa29373d942fe106dbdcb6 .av-special-heading-tag{\nfont-size:25px;\n}\n.av-special-heading.av-aj05n1-1732f66496aa29373d942fe106dbdcb6 .special-heading-inner-border{\nborder-color:#4f76ad;\n}\n.av-special-heading.av-aj05n1-1732f66496aa29373d942fe106dbdcb6 .av-subheading{\nfont-size:15px;\n}\n\n@media only screen and (min-width: 480px) and (max-width: 767px){ \n#top #wrap_all .av-special-heading.av-aj05n1-1732f66496aa29373d942fe106dbdcb6 .av-special-heading-tag{\nfont-size:0.8em;\n}\n}\n\n@media only screen and (max-width: 479px){ \n#top #wrap_all .av-special-heading.av-aj05n1-1732f66496aa29373d942fe106dbdcb6 .av-special-heading-tag{\nfont-size:0.8em;\n}\n}\n<\/style>\n<div  class='av-special-heading av-aj05n1-1732f66496aa29373d942fe106dbdcb6 av-special-heading-h2 custom-color-heading blockquote modern-quote modern-centered  avia-builder-el-5  el_before_av_hr  avia-builder-el-first  av-thin-font av-inherit-size'><h2 class='av-special-heading-tag'  itemprop=\"headline\"  ><strong>Productos<\/strong> procesados<\/h2><div class=\"special-heading-border\"><div class=\"special-heading-inner-border\"><\/div><\/div><\/div>\n\n<style type=\"text\/css\" data-created_by=\"avia_inline_auto\" id=\"style-css-av-ycm7ot-6582706896ea0da78ba900871c15d87e\">\n#top .hr.av-ycm7ot-6582706896ea0da78ba900871c15d87e{\nmargin-top:5px;\nmargin-bottom:10px;\n}\n.hr.av-ycm7ot-6582706896ea0da78ba900871c15d87e .hr-inner{\nwidth:30%;\nmax-width:45%;\n}\n<\/style>\n<div  class='hr av-ycm7ot-6582706896ea0da78ba900871c15d87e hr-custom  avia-builder-el-6  el_after_av_heading  el_before_av_one_fifth  hr-center hr-icon-yes'><span class='hr-inner inner-border-av-border-thin'><span class=\"hr-inner-style\"><\/span><\/span><span class='av-seperator-icon' aria-hidden='true' data-av_icon='\ue8bd' data-av_iconfont='entypo-fontello'><\/span><span class='hr-inner inner-border-av-border-thin'><span class=\"hr-inner-style\"><\/span><\/span><\/div>\n<div  class='flex_column av-wedpgd-32b362255ba3a3f79a8521957ae7ca27 av_one_fifth  avia-builder-el-7  el_after_av_hr  el_before_av_one_fifth  first flex_column_div  '     ><\/div><div  class='flex_column av-v7qn3x-b6e017f20733700a6f6d67635c85d33f av_one_fifth  avia-builder-el-8  el_after_av_one_fifth  el_before_av_one_fifth  flex_column_div  '     ><p>\n<style type=\"text\/css\" data-created_by=\"avia_inline_auto\" id=\"style-css-av-9mlqwd-eac52ff74fa2426e7655a7b33e615046\">\n.av_font_icon.av-9mlqwd-eac52ff74fa2426e7655a7b33e615046{\ncolor:#2d5c88;\nborder-color:#2d5c88;\n}\n.av_font_icon.av-9mlqwd-eac52ff74fa2426e7655a7b33e615046 .av-icon-char{\nfont-size:60px;\nline-height:60px;\n}\n<\/style>\n<span  class='av_font_icon av-9mlqwd-eac52ff74fa2426e7655a7b33e615046 avia_animate_when_visible av-icon-style- avia-icon-pos-center avia-icon-animate'><a href='http:\/\/incus.es\/es\/industry\/almendra\/'   class='av-icon-char' aria-hidden='true' data-av_icon='\ue800' data-av_iconfont='fontello' ><\/a><\/span><br \/>\n\n<style type=\"text\/css\" data-created_by=\"avia_inline_auto\" id=\"style-css-av-rkak65-e0802001bf1ecc34279977067954a73a\">\n#top .hr.hr-invisible.av-rkak65-e0802001bf1ecc34279977067954a73a{\nheight:15px;\n}\n<\/style>\n<div  class='hr av-rkak65-e0802001bf1ecc34279977067954a73a hr-invisible  avia-builder-el-10  el_after_av_font_icon  el_before_av_textblock '><span class='hr-inner '><span class=\"hr-inner-style\"><\/span><\/span><\/div><br \/>\n\n<style type=\"text\/css\" data-created_by=\"avia_inline_auto\" id=\"style-css-av-q3i9od-a44614cecb199238653c9a8d9db7b4b1\">\n#top .av_textblock_section.av-q3i9od-a44614cecb199238653c9a8d9db7b4b1 .avia_textblock{\ncolor:#305698;\n}\n<\/style>\n<section  class='av_textblock_section av-q3i9od-a44614cecb199238653c9a8d9db7b4b1 '   itemscope=\"itemscope\" itemtype=\"https:\/\/schema.org\/CreativeWork\" ><div class='avia_textblock av_inherit_color'  itemprop=\"text\" ><h5 style=\"text-align: center;\">Almendras<\/h5>\n<\/div><\/section><\/p><\/div><div  class='flex_column av-ogx7r1-210942e6b05457952b14fea938e3a3b2 av_one_fifth  avia-builder-el-12  el_after_av_one_fifth  el_before_av_one_fifth  flex_column_div  '     ><p>\n<style type=\"text\/css\" data-created_by=\"avia_inline_auto\" id=\"style-css-av-q5lz1-627cd2fe58eeab92f8a3ca218d37dd1a\">\n.av_font_icon.av-q5lz1-627cd2fe58eeab92f8a3ca218d37dd1a{\ncolor:#2d5c88;\nborder-color:#2d5c88;\n}\n.av_font_icon.av-q5lz1-627cd2fe58eeab92f8a3ca218d37dd1a .av-icon-char{\nfont-size:60px;\nline-height:60px;\n}\n<\/style>\n<span  class='av_font_icon av-q5lz1-627cd2fe58eeab92f8a3ca218d37dd1a avia_animate_when_visible av-icon-style- avia-icon-pos-center avia-icon-animate'><a href='http:\/\/incus.es\/es\/industry\/avellana\/'   class='av-icon-char' aria-hidden='true' data-av_icon='\ue806' data-av_iconfont='fontello' ><\/a><\/span><br \/>\n\n<style type=\"text\/css\" data-created_by=\"avia_inline_auto\" id=\"style-css-av-lht4b1-d384f061bfd1514263eb90e37f76d031\">\n#top .hr.hr-invisible.av-lht4b1-d384f061bfd1514263eb90e37f76d031{\nheight:15px;\n}\n<\/style>\n<div  class='hr av-lht4b1-d384f061bfd1514263eb90e37f76d031 hr-invisible  avia-builder-el-14  el_after_av_font_icon  el_before_av_textblock '><span class='hr-inner '><span class=\"hr-inner-style\"><\/span><\/span><\/div><br \/>\n\n<style type=\"text\/css\" data-created_by=\"avia_inline_auto\" id=\"style-css-av-inspil-08b0c226ace062c1b4e3a3ab3cb01b4d\">\n#top .av_textblock_section.av-inspil-08b0c226ace062c1b4e3a3ab3cb01b4d .avia_textblock{\ncolor:#305698;\n}\n<\/style>\n<section  class='av_textblock_section av-inspil-08b0c226ace062c1b4e3a3ab3cb01b4d '   itemscope=\"itemscope\" itemtype=\"https:\/\/schema.org\/CreativeWork\" ><div class='avia_textblock av_inherit_color'  itemprop=\"text\" ><h5 style=\"text-align: center;\">Avellana<\/h5>\n<\/div><\/section><\/p><\/div><div  class='flex_column av-gpopbh-661ae173a2b871a53021f416fa7b2b20 av_one_fifth  avia-builder-el-16  el_after_av_one_fifth  el_before_av_one_fifth  flex_column_div  '     ><p>\n<style type=\"text\/css\" data-created_by=\"avia_inline_auto\" id=\"style-css-av-jjp5p-d9adc54bf8d9e3e1a7256a9638ea3635\">\n.av_font_icon.av-jjp5p-d9adc54bf8d9e3e1a7256a9638ea3635{\ncolor:#2d5c88;\nborder-color:#2d5c88;\n}\n.av_font_icon.av-jjp5p-d9adc54bf8d9e3e1a7256a9638ea3635 .av-icon-char{\nfont-size:60px;\nline-height:60px;\n}\n<\/style>\n<span  class='av_font_icon av-jjp5p-d9adc54bf8d9e3e1a7256a9638ea3635 avia_animate_when_visible av-icon-style- avia-icon-pos-center avia-icon-animate'><a href='http:\/\/incus.es\/es\/industry\/pistacho\/'   class='av-icon-char' aria-hidden='true' data-av_icon='\ue80b' data-av_iconfont='fontello' ><\/a><\/span><br \/>\n\n<style type=\"text\/css\" data-created_by=\"avia_inline_auto\" id=\"style-css-av-eb3mt9-4a3cb8c7517c606a0692d090c22926f6\">\n#top .hr.hr-invisible.av-eb3mt9-4a3cb8c7517c606a0692d090c22926f6{\nheight:15px;\n}\n<\/style>\n<div  class='hr av-eb3mt9-4a3cb8c7517c606a0692d090c22926f6 hr-invisible  avia-builder-el-18  el_after_av_font_icon  el_before_av_textblock '><span class='hr-inner '><span class=\"hr-inner-style\"><\/span><\/span><\/div><br \/>\n\n<style type=\"text\/css\" data-created_by=\"avia_inline_auto\" id=\"style-css-av-c8u0t9-e898bbbfee244a8c89886811428956de\">\n#top .av_textblock_section.av-c8u0t9-e898bbbfee244a8c89886811428956de .avia_textblock{\ncolor:#305698;\n}\n<\/style>\n<section  class='av_textblock_section av-c8u0t9-e898bbbfee244a8c89886811428956de '   itemscope=\"itemscope\" itemtype=\"https:\/\/schema.org\/CreativeWork\" ><div class='avia_textblock av_inherit_color'  itemprop=\"text\" ><h5 style=\"text-align: center;\">Pistacho<\/h5>\n<\/div><\/section><\/p><\/div><div  class='flex_column av-12g7m5-55f98188804d4ddcbbd114a784e175aa av_one_fifth  avia-builder-el-20  el_after_av_one_fifth  avia-builder-el-last  flex_column_div  '     ><\/div><\/div><\/div><\/div><!-- close content main div --><\/div><\/div><div id='av-layout-grid-2'  class='av-layout-grid-container av-9ampx9-dc310139f366a970850185a313e15792 entry-content-wrapper main_color av-flex-cells  avia-builder-el-21  el_after_av_section  avia-builder-el-last  grid-row-not-first  container_wrap sidebar_right'  >\n\n<style type=\"text\/css\" data-created_by=\"avia_inline_auto\" id=\"style-css-av-6ybqnx-2149a47c5cdc17e1d6a35e9cad10432b\">\n.flex_cell.av-6ybqnx-2149a47c5cdc17e1d6a35e9cad10432b{\nvertical-align:top;\n}\n.responsive #top #wrap_all .flex_cell.av-6ybqnx-2149a47c5cdc17e1d6a35e9cad10432b{\npadding:30px 30px 30px 30px !important;\n}\n<\/style>\n<div class='flex_cell av-6ybqnx-2149a47c5cdc17e1d6a35e9cad10432b av-gridrow-cell av_one_half no_margin  avia-builder-el-22  el_before_av_cell_one_half  avia-builder-el-first '  ><div class='flex_cell_inner'><div  class='avia-button-wrap avia-button-center  avia-builder-el-23  avia-builder-el-no-sibling '>\n<style type=\"text\/css\" data-created_by=\"avia_inline_auto\" id=\"style-css-av-4536yl-95397f308440622103af96df6c357f1f\">\n#top #wrap_all .avia-button.av-4536yl-95397f308440622103af96df6c357f1f{\ncolor:#ffffff;\ntransition:all 0.4s ease-in-out;\n}\n#top #wrap_all .avia-button.av-4536yl-95397f308440622103af96df6c357f1f:hover{\nbackground-color:#3e90e8;\ncolor:#ffffff;\ntransition:all 0.4s ease-in-out;\n}\n<\/style>\n<a href='\/?linea_de_produccion=nougat-2' class='av-icon-on-hover avia-color-theme-color avia-button avia-button-fullwidth av-4536yl-95397f308440622103af96df6c357f1f avia-icon_select-yes-left-icon avia-color-theme-color'  ><span class='avia_button_icon avia_button_icon_left' aria-hidden='true' data-av_icon='\ue855' data-av_iconfont='entypo-fontello'><\/span><span class='avia_iconbox_title' >M\u00e1quinas Inclu\u00eddas<\/span><div class='av-button-description av-button-description-below'><p>M\u00e1quinas para Turr\u00f3n<\/p>\n<\/div><\/a><\/div>\n<\/div><\/div>\n<style type=\"text\/css\" data-created_by=\"avia_inline_auto\" id=\"style-css-av-4wpx59-14d7443b04785696864199429d196ef3\">\n.flex_cell.av-4wpx59-14d7443b04785696864199429d196ef3{\nvertical-align:top;\n}\n.responsive #top #wrap_all .flex_cell.av-4wpx59-14d7443b04785696864199429d196ef3{\npadding:30px 30px 30px 30px !important;\n}\n<\/style>\n<div class='flex_cell av-4wpx59-14d7443b04785696864199429d196ef3 av-gridrow-cell av_one_half no_margin  avia-builder-el-24  el_after_av_cell_one_half  avia-builder-el-last '  ><div class='flex_cell_inner'><div  class='avia-button-wrap avia-button-center  avia-builder-el-25  avia-builder-el-no-sibling '>\n<style type=\"text\/css\" data-created_by=\"avia_inline_auto\" id=\"style-css-av-38c4z1-1a1e601e221d1cc62d581e5f90283904\">\n#top #wrap_all .avia-button.av-38c4z1-1a1e601e221d1cc62d581e5f90283904{\ncolor:#ffffff;\ntransition:all 0.4s ease-in-out;\n}\n#top #wrap_all .avia-button.av-38c4z1-1a1e601e221d1cc62d581e5f90283904:hover{\nbackground-color:#3e90e8;\ncolor:#ffffff;\ntransition:all 0.4s ease-in-out;\n}\n<\/style>\n<a href='https:\/\/incus.es\/contact\/' class='av-icon-on-hover avia-color-theme-color avia-button avia-button-fullwidth av-38c4z1-1a1e601e221d1cc62d581e5f90283904 avia-icon_select-yes-left-icon avia-color-theme-color'  ><span class='avia_button_icon avia_button_icon_left' aria-hidden='true' data-av_icon='\ue81c' data-av_iconfont='entypo-fontello'><\/span><span class='avia_iconbox_title' >\u00bfNecesita m\u00e1s Informaci\u00f3n?<\/span><div class='av-button-description av-button-description-below'><p>\u00a1Cont\u00e1ctanos!<\/p>\n<\/div><\/a><\/div>\n<\/div><\/div><\/div><\/p>\n","protected":false},"excerpt":{"rendered":"","protected":false},"author":1,"featured_media":0,"parent":1784,"menu_order":0,"comment_status":"closed","ping_status":"closed","template":"","meta":{"footnotes":""},"_links":{"self":[{"href":"https:\/\/incus.es\/es\/wp-json\/wp\/v2\/pages\/2459"}],"collection":[{"href":"https:\/\/incus.es\/es\/wp-json\/wp\/v2\/pages"}],"about":[{"href":"https:\/\/incus.es\/es\/wp-json\/wp\/v2\/types\/page"}],"author":[{"embeddable":true,"href":"https:\/\/incus.es\/es\/wp-json\/wp\/v2\/users\/1"}],"replies":[{"embeddable":true,"href":"https:\/\/incus.es\/es\/wp-json\/wp\/v2\/comments?post=2459"}],"version-history":[{"count":0,"href":"https:\/\/incus.es\/es\/wp-json\/wp\/v2\/pages\/2459\/revisions"}],"up":[{"embeddable":true,"href":"https:\/\/incus.es\/es\/wp-json\/wp\/v2\/pages\/1784"}],"wp:attachment":[{"href":"https:\/\/incus.es\/es\/wp-json\/wp\/v2\/media?parent=2459"}],"curies":[{"name":"wp","href":"https:\/\/api.w.org\/{rel}","templated":true}]}}