{"id":131,"date":"2015-05-15T09:56:37","date_gmt":"2015-05-15T09:56:37","guid":{"rendered":"http:\/\/gironastudio.es\/incus\/?page_id=131"},"modified":"2018-11-08T11:12:35","modified_gmt":"2018-11-08T11:12:35","slug":"servicios","status":"publish","type":"page","link":"https:\/\/incus.es\/es\/servicios\/","title":{"rendered":"Servicios"},"content":{"rendered":"<div  class='flex_column av-av_one_fifth-2a9015ff38129c418a3f2eafba3e9512 av_one_fifth  avia-builder-el-0  el_before_av_three_fifth  avia-builder-el-first  first flex_column_div  '     ><\/div>\n\n<style type=\"text\/css\" data-created_by=\"avia_inline_auto\" id=\"style-css-av-av_three_fifth-c8fc129dc35fd1ae2a1e410224d39ea8\">\n.flex_column.av-av_three_fifth-c8fc129dc35fd1ae2a1e410224d39ea8{\nborder-radius:0px 0px 0px 0px;\npadding:0px 0px 0px 0px;\n}\n<\/style>\n<div  class='flex_column av-av_three_fifth-c8fc129dc35fd1ae2a1e410224d39ea8 av_three_fifth  avia-builder-el-1  el_after_av_one_fifth  el_before_av_one_fifth  flex_column_div av-zero-column-padding  '     ><p>\n<style type=\"text\/css\" data-created_by=\"avia_inline_auto\" id=\"style-css-av-av_heading-1072f89c9101e7d8985f28d551099afb\">\n#top .av-special-heading.av-av_heading-1072f89c9101e7d8985f28d551099afb{\npadding-bottom:10px;\ncolor:#2d5c88;\n}\nbody .av-special-heading.av-av_heading-1072f89c9101e7d8985f28d551099afb .av-special-heading-tag .heading-char{\nfont-size:25px;\n}\n.av-special-heading.av-av_heading-1072f89c9101e7d8985f28d551099afb .special-heading-inner-border{\nborder-color:#2d5c88;\n}\n.av-special-heading.av-av_heading-1072f89c9101e7d8985f28d551099afb .av-subheading{\nfont-size:15px;\n}\n<\/style>\n<div  class='av-special-heading av-av_heading-1072f89c9101e7d8985f28d551099afb av-special-heading-h2 custom-color-heading blockquote modern-quote modern-centered  avia-builder-el-2  el_before_av_textblock  avia-builder-el-first '><h2 class='av-special-heading-tag'  itemprop=\"headline\"  >Proyectos a medida<\/h2><div class=\"special-heading-border\"><div class=\"special-heading-inner-border\"><\/div><\/div><\/div><br \/>\n<section  class='av_textblock_section av-av_textblock-0366cc7376be6c9e82a3e9cc8987b64f '   itemscope=\"itemscope\" itemtype=\"https:\/\/schema.org\/CreativeWork\" ><div class='avia_textblock'  itemprop=\"text\" ><p>Dise\u00f1amos procesos personalizados que maximizan el rendimiento de cada line de producci\u00f3n y desarrollamos procesos productivos adaptados a las necesidades exactas de nuestros clientes.<\/p>\n<\/div><\/section><br \/>\n\n<style type=\"text\/css\" data-created_by=\"avia_inline_auto\" id=\"style-css-av-av_image-ce1aabe1b630d8584430340be9d1f478\">\n.avia-image-container.av-av_image-ce1aabe1b630d8584430340be9d1f478 img.avia_image{\nbox-shadow:none;\n}\n.avia-image-container.av-av_image-ce1aabe1b630d8584430340be9d1f478 .av-image-caption-overlay-center{\ncolor:#ffffff;\n}\n<\/style>\n<div  class='avia-image-container av-av_image-ce1aabe1b630d8584430340be9d1f478 av-styling- avia-align-center  avia-builder-el-4  el_after_av_textblock  avia-builder-el-last '   itemprop=\"image\" itemscope=\"itemscope\" itemtype=\"https:\/\/schema.org\/ImageObject\" ><div class=\"avia-image-container-inner\"><div class=\"avia-image-overlay-wrap\"><img decoding=\"async\" class='wp-image-3223 avia-img-lazy-loading-not-3223 avia_image ' src=\"https:\/\/incus.es\/wp-content\/uploads\/2015\/05\/csm_Irel_Baumanagement_Projektorganisation_c9af6db887-1030x579.jpg\" alt='' title='proyecto_medida'  height=\"579\" width=\"1030\"  itemprop=\"thumbnailUrl\" srcset=\"https:\/\/incus.es\/wp-content\/uploads\/2015\/05\/csm_Irel_Baumanagement_Projektorganisation_c9af6db887-1030x579.jpg 1030w, https:\/\/incus.es\/wp-content\/uploads\/2015\/05\/csm_Irel_Baumanagement_Projektorganisation_c9af6db887-300x169.jpg 300w, https:\/\/incus.es\/wp-content\/uploads\/2015\/05\/csm_Irel_Baumanagement_Projektorganisation_c9af6db887-768x432.jpg 768w, https:\/\/incus.es\/wp-content\/uploads\/2015\/05\/csm_Irel_Baumanagement_Projektorganisation_c9af6db887-1500x844.jpg 1500w, https:\/\/incus.es\/wp-content\/uploads\/2015\/05\/csm_Irel_Baumanagement_Projektorganisation_c9af6db887-705x397.jpg 705w, https:\/\/incus.es\/wp-content\/uploads\/2015\/05\/csm_Irel_Baumanagement_Projektorganisation_c9af6db887-450x253.jpg 450w, https:\/\/incus.es\/wp-content\/uploads\/2015\/05\/csm_Irel_Baumanagement_Projektorganisation_c9af6db887-500x281.jpg 500w, https:\/\/incus.es\/wp-content\/uploads\/2015\/05\/csm_Irel_Baumanagement_Projektorganisation_c9af6db887-250x141.jpg 250w, https:\/\/incus.es\/wp-content\/uploads\/2015\/05\/csm_Irel_Baumanagement_Projektorganisation_c9af6db887.jpg 1600w\" sizes=\"(max-width: 1030px) 100vw, 1030px\" \/><\/div><\/div><\/div><\/p><\/div>\n\n<style type=\"text\/css\" data-created_by=\"avia_inline_auto\" id=\"style-css-av-av_one_fifth-c8fc129dc35fd1ae2a1e410224d39ea8\">\n.flex_column.av-av_one_fifth-c8fc129dc35fd1ae2a1e410224d39ea8{\nborder-radius:0px 0px 0px 0px;\npadding:0px 0px 0px 0px;\n}\n<\/style>\n<div  class='flex_column av-av_one_fifth-c8fc129dc35fd1ae2a1e410224d39ea8 av_one_fifth  avia-builder-el-5  el_after_av_three_fifth  el_before_av_section  avia-builder-el-last  flex_column_div av-zero-column-padding  '     ><\/div>\n<\/div><\/div><\/div><!-- close content main div --><\/div><\/div>\n<style type=\"text\/css\" data-created_by=\"avia_inline_auto\" id=\"style-css-av-av_section-c47504945c3fae0fade24c6aa398d26d\">\n.avia-section.av-av_section-c47504945c3fae0fade24c6aa398d26d{\nbackground-color:#e1e1e1;\nbackground-image:unset;\n}\n<\/style>\n<div id='av_section_1'  class='avia-section av-av_section-c47504945c3fae0fade24c6aa398d26d main_color avia-section-default avia-no-shadow  avia-builder-el-6  el_after_av_one_fifth  el_before_av_one_fifth  avia-bg-style-scroll container_wrap sidebar_right'  ><div class='container av-section-cont-open' ><div class='template-page content  av-content-small alpha units'><div class='post-entry post-entry-type-page post-entry-131'><div class='entry-content-wrapper clearfix'>\n\n<style type=\"text\/css\" data-created_by=\"avia_inline_auto\" id=\"style-css-av-av_textblock-a46e63d3243520f360b66d40f943954f\">\n#top .av_textblock_section.av-av_textblock-a46e63d3243520f360b66d40f943954f .avia_textblock{\nfont-size:14px;\n}\n<\/style>\n<section  class='av_textblock_section av-av_textblock-a46e63d3243520f360b66d40f943954f '   itemscope=\"itemscope\" itemtype=\"https:\/\/schema.org\/CreativeWork\" ><div class='avia_textblock'  itemprop=\"text\" ><h3 style=\"text-align: center;\"><strong class=\"avia-testimonial-name\" style=\"line-height: 1.5;\">Tras indicarles tus necesidades, puedes confiar en Incus y conseguir tus resultados con su orientaci\u00f3n.\u00a0<\/strong>Incus proporcion\u00f3 eficiencia y flexibilidad\u00a0 en producci\u00f3n con su maquinaria de repelado, l\u00e1minas, palitos y harina, esto nos dio como resultado una significativa mejora.<\/h3>\n<p style=\"text-align: center;\"><span style=\"color: #5c5c5c;\"><strong class=\"avia-testimonial-name\" style=\"line-height: 1.5;\">Mr. Metin Aydin.<\/strong><\/span><\/p>\n<p style=\"text-align: center;\"><span class=\"avia-testimonial-subtitle av_opacity_variation\" style=\"color: #333333;\">President of Aydin Kuruyemis. Turkey.<\/span><\/p>\n<\/div><\/section>\n<\/div><\/div><\/div><!-- close content main div --><\/div><\/div><div id='after_section_1'  class='main_color av_default_container_wrap container_wrap sidebar_right'  ><div class='container av-section-cont-open' ><div class='template-page content  av-content-small alpha units'><div class='post-entry post-entry-type-page post-entry-131'><div class='entry-content-wrapper clearfix'>\n<div  class='flex_column av-av_one_fifth-2a9015ff38129c418a3f2eafba3e9512 av_one_fifth  avia-builder-el-8  el_after_av_section  el_before_av_three_fifth  avia-builder-el-first  first flex_column_div  '     ><\/div>\n\n<style type=\"text\/css\" data-created_by=\"avia_inline_auto\" id=\"style-css-av-av_three_fifth-c8fc129dc35fd1ae2a1e410224d39ea8\">\n.flex_column.av-av_three_fifth-c8fc129dc35fd1ae2a1e410224d39ea8{\nborder-radius:0px 0px 0px 0px;\npadding:0px 0px 0px 0px;\n}\n<\/style>\n<div  class='flex_column av-av_three_fifth-c8fc129dc35fd1ae2a1e410224d39ea8 av_three_fifth  avia-builder-el-9  el_after_av_one_fifth  el_before_av_one_fifth  flex_column_div av-zero-column-padding  '     ><p>\n<style type=\"text\/css\" data-created_by=\"avia_inline_auto\" id=\"style-css-av-av_heading-860f1b23b2b31583972cc8131db42456\">\n#top .av-special-heading.av-av_heading-860f1b23b2b31583972cc8131db42456{\npadding-bottom:10px;\ncolor:#2d5c88;\n}\nbody .av-special-heading.av-av_heading-860f1b23b2b31583972cc8131db42456 .av-special-heading-tag .heading-char{\nfont-size:25px;\n}\n.av-special-heading.av-av_heading-860f1b23b2b31583972cc8131db42456 .special-heading-inner-border{\nborder-color:#2d5c88;\n}\n.av-special-heading.av-av_heading-860f1b23b2b31583972cc8131db42456 .av-subheading{\nfont-size:15px;\n}\n<\/style>\n<div  class='av-special-heading av-av_heading-860f1b23b2b31583972cc8131db42456 av-special-heading-h2 custom-color-heading blockquote modern-quote modern-centered  avia-builder-el-10  el_before_av_textblock  avia-builder-el-first '><h2 class='av-special-heading-tag'  itemprop=\"headline\"  >Instalaci\u00f3n. Puesta en marcha y formaci\u00f3n<\/h2><div class=\"special-heading-border\"><div class=\"special-heading-inner-border\"><\/div><\/div><\/div><br \/>\n<section  class='av_textblock_section av-av_textblock-0366cc7376be6c9e82a3e9cc8987b64f '   itemscope=\"itemscope\" itemtype=\"https:\/\/schema.org\/CreativeWork\" ><div class='avia_textblock'  itemprop=\"text\" ><p>Despu\u00e9s de la instalaci\u00f3n y la puesta en marcha, los expertos de Incus transmiten su conocimiento en nuestra tecnolog\u00eda y forman a sus equipos para obtener el mejor rendimiento de la tecnolog\u00eda puntera.<\/p>\n<\/div><\/section><br \/>\n\n<style type=\"text\/css\" data-created_by=\"avia_inline_auto\" id=\"style-css-av-av_image-76c7833bae6cdddf11a7496a7a912583\">\n.avia-image-container.av-av_image-76c7833bae6cdddf11a7496a7a912583 img.avia_image{\nbox-shadow:none;\n}\n.avia-image-container.av-av_image-76c7833bae6cdddf11a7496a7a912583 .av-image-caption-overlay-center{\ncolor:#ffffff;\n}\n<\/style>\n<div  class='avia-image-container av-av_image-76c7833bae6cdddf11a7496a7a912583 av-styling- avia-align-center  avia-builder-el-12  el_after_av_textblock  avia-builder-el-last '   itemprop=\"image\" itemscope=\"itemscope\" itemtype=\"https:\/\/schema.org\/ImageObject\" ><div class=\"avia-image-container-inner\"><div class=\"avia-image-overlay-wrap\"><img decoding=\"async\" class='wp-image-3225 avia-img-lazy-loading-not-3225 avia_image ' src=\"https:\/\/incus.es\/wp-content\/uploads\/2015\/05\/instalacion-1030x580.jpg\" alt='' title='instalacion'  height=\"580\" width=\"1030\"  itemprop=\"thumbnailUrl\" srcset=\"https:\/\/incus.es\/wp-content\/uploads\/2015\/05\/instalacion-1030x580.jpg 1030w, https:\/\/incus.es\/wp-content\/uploads\/2015\/05\/instalacion-300x169.jpg 300w, https:\/\/incus.es\/wp-content\/uploads\/2015\/05\/instalacion-768x432.jpg 768w, https:\/\/incus.es\/wp-content\/uploads\/2015\/05\/instalacion.jpg 1500w, https:\/\/incus.es\/wp-content\/uploads\/2015\/05\/instalacion-705x397.jpg 705w, https:\/\/incus.es\/wp-content\/uploads\/2015\/05\/instalacion-450x253.jpg 450w, https:\/\/incus.es\/wp-content\/uploads\/2015\/05\/instalacion-500x281.jpg 500w, https:\/\/incus.es\/wp-content\/uploads\/2015\/05\/instalacion-250x141.jpg 250w\" sizes=\"(max-width: 1030px) 100vw, 1030px\" \/><\/div><\/div><\/div><\/p><\/div>\n\n<style type=\"text\/css\" data-created_by=\"avia_inline_auto\" id=\"style-css-av-av_one_fifth-c8fc129dc35fd1ae2a1e410224d39ea8\">\n.flex_column.av-av_one_fifth-c8fc129dc35fd1ae2a1e410224d39ea8{\nborder-radius:0px 0px 0px 0px;\npadding:0px 0px 0px 0px;\n}\n<\/style>\n<div  class='flex_column av-av_one_fifth-c8fc129dc35fd1ae2a1e410224d39ea8 av_one_fifth  avia-builder-el-13  el_after_av_three_fifth  el_before_av_section  avia-builder-el-last  flex_column_div av-zero-column-padding  '     ><\/div>\n<\/div><\/div><\/div><!-- close content main div --><\/div><\/div>\n<style type=\"text\/css\" data-created_by=\"avia_inline_auto\" id=\"style-css-av-av_section-c47504945c3fae0fade24c6aa398d26d\">\n.avia-section.av-av_section-c47504945c3fae0fade24c6aa398d26d{\nbackground-color:#e1e1e1;\nbackground-image:unset;\n}\n<\/style>\n<div id='av_section_2'  class='avia-section av-av_section-c47504945c3fae0fade24c6aa398d26d main_color avia-section-default avia-no-shadow  avia-builder-el-14  el_after_av_one_fifth  el_before_av_one_fifth  avia-bg-style-scroll container_wrap sidebar_right'  ><div class='container av-section-cont-open' ><div class='template-page content  av-content-small alpha units'><div class='post-entry post-entry-type-page post-entry-131'><div class='entry-content-wrapper clearfix'>\n<div  class='flex_column av-av_one_fifth-2a9015ff38129c418a3f2eafba3e9512 av_one_fifth  avia-builder-el-15  el_before_av_three_fifth  avia-builder-el-first  first flex_column_div  '     ><\/div>\n<style type=\"text\/css\" data-created_by=\"avia_inline_auto\" id=\"style-css-av-av_three_fifth-c8fc129dc35fd1ae2a1e410224d39ea8\">\n.flex_column.av-av_three_fifth-c8fc129dc35fd1ae2a1e410224d39ea8{\nborder-radius:0px 0px 0px 0px;\npadding:0px 0px 0px 0px;\n}\n<\/style>\n<div  class='flex_column av-av_three_fifth-c8fc129dc35fd1ae2a1e410224d39ea8 av_three_fifth  avia-builder-el-16  el_after_av_one_fifth  el_before_av_one_fifth  flex_column_div av-zero-column-padding  '     ><p>\n<style type=\"text\/css\" data-created_by=\"avia_inline_auto\" id=\"style-css-av-av_heading-83094ca25879b3028d6cdd18c6da5fc4\">\n#top .av-special-heading.av-av_heading-83094ca25879b3028d6cdd18c6da5fc4{\npadding-bottom:10px;\ncolor:#2d5c88;\n}\nbody .av-special-heading.av-av_heading-83094ca25879b3028d6cdd18c6da5fc4 .av-special-heading-tag .heading-char{\nfont-size:25px;\n}\n.av-special-heading.av-av_heading-83094ca25879b3028d6cdd18c6da5fc4 .special-heading-inner-border{\nborder-color:#2d5c88;\n}\n.av-special-heading.av-av_heading-83094ca25879b3028d6cdd18c6da5fc4 .av-subheading{\nfont-size:15px;\n}\n<\/style>\n<div  class='av-special-heading av-av_heading-83094ca25879b3028d6cdd18c6da5fc4 av-special-heading-h2 custom-color-heading blockquote modern-quote modern-centered  avia-builder-el-17  el_before_av_textblock  avia-builder-el-first '><h2 class='av-special-heading-tag'  itemprop=\"headline\"  >Asistencia t\u00e9cnica postventa<\/h2><div class=\"special-heading-border\"><div class=\"special-heading-inner-border\"><\/div><\/div><\/div><br \/>\n<section  class='av_textblock_section av-av_textblock-2de302bf1aa3cf4c9157dbe6f50ac7eb '   itemscope=\"itemscope\" itemtype=\"https:\/\/schema.org\/CreativeWork\" ><div class='avia_textblock'  itemprop=\"text\" ><p>Incus es consciente de la importancia de ofrecer la mejor asistencia t\u00e9cnica para todas nuestras l\u00edneas y m\u00e1quinas, para mantener el sistema en perfectas condiciones de trabajo.<\/p>\n<p>La asistencia t\u00e9cnica de Incus le proporciona a su empresa <strong>asesoramiento y soluciones t\u00e9cnicas y servicios de asistencia en su planta (reparaciones, mantenimientos)<\/strong> en cualquier parte del mundo.<\/p>\n<p>Puede confiar en el apoyo de nuestros <strong>experimentados especialistas de soporte y t\u00e9cnicos de servicio experimentados<\/strong> para dar soluciones y resolver r\u00e1pidamente y eficientemente cualquier problema, ayud\u00e1ndole a mantener su negocio en marcha.<\/p>\n<p style=\"text-align: center;\"><a href=\"http:\/\/gironastudio.es\/incus\/contacto\/\">Contacte con nosotros si necesita ayuda<\/a><\/p>\n<div  class='avia-button-wrap av-av_button-333b619a36d4209c5587810378c3f18c-wrap avia-button-center  avia-builder-el-19  avia-builder-el-no-sibling '><a href='http:\/\/incus.es\/es\/contacto\/'  class='avia-button av-av_button-333b619a36d4209c5587810378c3f18c avia-icon_select-yes-left-icon avia-size-small avia-position-center av-icon-on-hover avia-color-theme-color'  ><span class='avia_button_icon avia_button_icon_left' aria-hidden='true' data-av_icon='\ue805' data-av_iconfont='entypo-fontello'><\/span><span class='avia_iconbox_title' >Contacto<\/span><\/a><\/div>\n<\/div><\/section><br \/>\n\n<style type=\"text\/css\" data-created_by=\"avia_inline_auto\" id=\"style-css-av-av_hr-616cd310f4c6bf63bbd1f033802c1165\">\n#top .hr.hr-invisible.av-av_hr-616cd310f4c6bf63bbd1f033802c1165{\nheight:20px;\n}\n<\/style>\n<div  class='hr av-av_hr-616cd310f4c6bf63bbd1f033802c1165 hr-invisible  avia-builder-el-20  el_after_av_textblock  el_before_av_image '><span class='hr-inner '><span class=\"hr-inner-style\"><\/span><\/span><\/div><br \/>\n\n<style type=\"text\/css\" data-created_by=\"avia_inline_auto\" id=\"style-css-av-av_image-264598307dd2f9250223c0c9c72247e7\">\n.avia-image-container.av-av_image-264598307dd2f9250223c0c9c72247e7 img.avia_image{\nbox-shadow:none;\n}\n.avia-image-container.av-av_image-264598307dd2f9250223c0c9c72247e7 .av-image-caption-overlay-center{\ncolor:#ffffff;\n}\n<\/style>\n<div  class='avia-image-container av-av_image-264598307dd2f9250223c0c9c72247e7 av-styling- avia-align-center  avia-builder-el-21  el_after_av_hr  avia-builder-el-last '   itemprop=\"image\" itemscope=\"itemscope\" itemtype=\"https:\/\/schema.org\/ImageObject\" ><div class=\"avia-image-container-inner\"><div class=\"avia-image-overlay-wrap\"><img decoding=\"async\" class='wp-image-3371 avia-img-lazy-loading-not-3371 avia_image ' src=\"https:\/\/incus.es\/wp-content\/uploads\/2015\/05\/operario_maquina.jpg\" alt='' title='operario_maquina'  height=\"469\" width=\"702\"  itemprop=\"thumbnailUrl\" srcset=\"https:\/\/incus.es\/wp-content\/uploads\/2015\/05\/operario_maquina.jpg 702w, https:\/\/incus.es\/wp-content\/uploads\/2015\/05\/operario_maquina-300x200.jpg 300w, https:\/\/incus.es\/wp-content\/uploads\/2015\/05\/operario_maquina-450x301.jpg 450w, https:\/\/incus.es\/wp-content\/uploads\/2015\/05\/operario_maquina-500x334.jpg 500w, https:\/\/incus.es\/wp-content\/uploads\/2015\/05\/operario_maquina-250x167.jpg 250w\" sizes=\"(max-width: 702px) 100vw, 702px\" \/><\/div><\/div><\/div><\/p><\/div>\n<style type=\"text\/css\" data-created_by=\"avia_inline_auto\" id=\"style-css-av-av_one_fifth-c8fc129dc35fd1ae2a1e410224d39ea8\">\n.flex_column.av-av_one_fifth-c8fc129dc35fd1ae2a1e410224d39ea8{\nborder-radius:0px 0px 0px 0px;\npadding:0px 0px 0px 0px;\n}\n<\/style>\n<div  class='flex_column av-av_one_fifth-c8fc129dc35fd1ae2a1e410224d39ea8 av_one_fifth  avia-builder-el-22  el_after_av_three_fifth  avia-builder-el-last  flex_column_div av-zero-column-padding  '     ><\/div><\/div><\/div><\/div><!-- close content main div --><\/div><\/div><div id='after_section_2'  class='main_color av_default_container_wrap container_wrap sidebar_right'  ><div class='container av-section-cont-open' ><div class='template-page content  av-content-small alpha units'><div class='post-entry post-entry-type-page post-entry-131'><div class='entry-content-wrapper clearfix'><div  class='flex_column av-av_one_fifth-2a9015ff38129c418a3f2eafba3e9512 av_one_fifth  avia-builder-el-23  el_after_av_section  el_before_av_three_fifth  avia-builder-el-first  first flex_column_div  '     ><\/div><\/p>\n\n<style type=\"text\/css\" data-created_by=\"avia_inline_auto\" id=\"style-css-av-av_three_fifth-c8fc129dc35fd1ae2a1e410224d39ea8\">\n.flex_column.av-av_three_fifth-c8fc129dc35fd1ae2a1e410224d39ea8{\nborder-radius:0px 0px 0px 0px;\npadding:0px 0px 0px 0px;\n}\n<\/style>\n<div  class='flex_column av-av_three_fifth-c8fc129dc35fd1ae2a1e410224d39ea8 av_three_fifth  avia-builder-el-24  el_after_av_one_fifth  el_before_av_one_fifth  flex_column_div av-zero-column-padding  '     ><p>\n<style type=\"text\/css\" data-created_by=\"avia_inline_auto\" id=\"style-css-av-av_heading-453f35a45a63f069b4fff7da2c8bbc08\">\n#top .av-special-heading.av-av_heading-453f35a45a63f069b4fff7da2c8bbc08{\npadding-bottom:10px;\ncolor:#2d5c88;\n}\nbody .av-special-heading.av-av_heading-453f35a45a63f069b4fff7da2c8bbc08 .av-special-heading-tag .heading-char{\nfont-size:25px;\n}\n.av-special-heading.av-av_heading-453f35a45a63f069b4fff7da2c8bbc08 .special-heading-inner-border{\nborder-color:#2d5c88;\n}\n.av-special-heading.av-av_heading-453f35a45a63f069b4fff7da2c8bbc08 .av-subheading{\nfont-size:15px;\n}\n<\/style>\n<div  class='av-special-heading av-av_heading-453f35a45a63f069b4fff7da2c8bbc08 av-special-heading-h2 custom-color-heading blockquote modern-quote modern-centered  avia-builder-el-25  el_before_av_textblock  avia-builder-el-first '><h2 class='av-special-heading-tag'  itemprop=\"headline\"  >Servicio de repuestos originales<\/h2><div class=\"special-heading-border\"><div class=\"special-heading-inner-border\"><\/div><\/div><\/div><br \/>\n<section  class='av_textblock_section av-av_textblock-2de302bf1aa3cf4c9157dbe6f50ac7eb '   itemscope=\"itemscope\" itemtype=\"https:\/\/schema.org\/CreativeWork\" ><div class='avia_textblock'  itemprop=\"text\" ><p>Podemos entregar <strong>repuestos originales<\/strong>, en cualquier parte del mundo y en un plazo corto. Somos capaces de garantizar esto gracias a un <em>stock de piezas<\/em> bien mantenido y a nuestros operadores expertos en el servicio a clientes.<\/p>\n<div  class='avia-button-wrap av-av_button-333b619a36d4209c5587810378c3f18c-wrap avia-button-center  avia-builder-el-27  avia-builder-el-no-sibling '><a href='http:\/\/incus.es\/es\/contacto\/'  class='avia-button av-av_button-333b619a36d4209c5587810378c3f18c avia-icon_select-yes-left-icon avia-size-small avia-position-center av-icon-on-hover avia-color-theme-color'  ><span class='avia_button_icon avia_button_icon_left' aria-hidden='true' data-av_icon='\ue805' data-av_iconfont='entypo-fontello'><\/span><span class='avia_iconbox_title' >Contacto<\/span><\/a><\/div>\n<\/div><\/section><br \/>\n\n<style type=\"text\/css\" data-created_by=\"avia_inline_auto\" id=\"style-css-av-av_hr-616cd310f4c6bf63bbd1f033802c1165\">\n#top .hr.hr-invisible.av-av_hr-616cd310f4c6bf63bbd1f033802c1165{\nheight:20px;\n}\n<\/style>\n<div  class='hr av-av_hr-616cd310f4c6bf63bbd1f033802c1165 hr-invisible  avia-builder-el-28  el_after_av_textblock  el_before_av_image '><span class='hr-inner '><span class=\"hr-inner-style\"><\/span><\/span><\/div><br \/>\n\n<style type=\"text\/css\" data-created_by=\"avia_inline_auto\" id=\"style-css-av-av_image-706e38a50aff9446a262c8b6a9a7b702\">\n.avia-image-container.av-av_image-706e38a50aff9446a262c8b6a9a7b702 img.avia_image{\nbox-shadow:none;\n}\n.avia-image-container.av-av_image-706e38a50aff9446a262c8b6a9a7b702 .av-image-caption-overlay-center{\ncolor:#ffffff;\n}\n<\/style>\n<div  class='avia-image-container av-av_image-706e38a50aff9446a262c8b6a9a7b702 av-styling- avia-align-center  avia-builder-el-29  el_after_av_hr  avia-builder-el-last '   itemprop=\"image\" itemscope=\"itemscope\" itemtype=\"https:\/\/schema.org\/ImageObject\" ><div class=\"avia-image-container-inner\"><div class=\"avia-image-overlay-wrap\"><img decoding=\"async\" class='wp-image-3226 avia-img-lazy-loading-not-3226 avia_image ' src=\"https:\/\/incus.es\/wp-content\/uploads\/2015\/05\/repuestos-1030x580.jpg\" alt='' title='repuestos'  height=\"580\" width=\"1030\"  itemprop=\"thumbnailUrl\" srcset=\"https:\/\/incus.es\/wp-content\/uploads\/2015\/05\/repuestos-1030x580.jpg 1030w, https:\/\/incus.es\/wp-content\/uploads\/2015\/05\/repuestos-300x169.jpg 300w, https:\/\/incus.es\/wp-content\/uploads\/2015\/05\/repuestos-768x432.jpg 768w, https:\/\/incus.es\/wp-content\/uploads\/2015\/05\/repuestos.jpg 1500w, https:\/\/incus.es\/wp-content\/uploads\/2015\/05\/repuestos-705x397.jpg 705w, https:\/\/incus.es\/wp-content\/uploads\/2015\/05\/repuestos-450x253.jpg 450w, https:\/\/incus.es\/wp-content\/uploads\/2015\/05\/repuestos-500x281.jpg 500w, https:\/\/incus.es\/wp-content\/uploads\/2015\/05\/repuestos-250x141.jpg 250w\" sizes=\"(max-width: 1030px) 100vw, 1030px\" \/><\/div><\/div><\/div><\/p><\/div>\n<style type=\"text\/css\" data-created_by=\"avia_inline_auto\" id=\"style-css-av-av_one_fifth-c8fc129dc35fd1ae2a1e410224d39ea8\">\n.flex_column.av-av_one_fifth-c8fc129dc35fd1ae2a1e410224d39ea8{\nborder-radius:0px 0px 0px 0px;\npadding:0px 0px 0px 0px;\n}\n<\/style>\n<div  class='flex_column av-av_one_fifth-c8fc129dc35fd1ae2a1e410224d39ea8 av_one_fifth  avia-builder-el-30  el_after_av_three_fifth  avia-builder-el-last  flex_column_div av-zero-column-padding  '     ><\/div><\/p>\n","protected":false},"excerpt":{"rendered":"","protected":false},"author":1,"featured_media":0,"parent":0,"menu_order":0,"comment_status":"open","ping_status":"closed","template":"","meta":{"footnotes":""},"_links":{"self":[{"href":"https:\/\/incus.es\/es\/wp-json\/wp\/v2\/pages\/131"}],"collection":[{"href":"https:\/\/incus.es\/es\/wp-json\/wp\/v2\/pages"}],"about":[{"href":"https:\/\/incus.es\/es\/wp-json\/wp\/v2\/types\/page"}],"author":[{"embeddable":true,"href":"https:\/\/incus.es\/es\/wp-json\/wp\/v2\/users\/1"}],"replies":[{"embeddable":true,"href":"https:\/\/incus.es\/es\/wp-json\/wp\/v2\/comments?post=131"}],"version-history":[{"count":0,"href":"https:\/\/incus.es\/es\/wp-json\/wp\/v2\/pages\/131\/revisions"}],"wp:attachment":[{"href":"https:\/\/incus.es\/es\/wp-json\/wp\/v2\/media?parent=131"}],"curies":[{"name":"wp","href":"https:\/\/api.w.org\/{rel}","templated":true}]}}